{"id":6331,"date":"2025-10-04T16:21:58","date_gmt":"2025-10-04T16:21:58","guid":{"rendered":"https:\/\/woodandbeauty.com\/?page_id=6331"},"modified":"2026-01-19T17:56:47","modified_gmt":"2026-01-19T17:56:47","slug":"the-story-of-petrified-wood","status":"publish","type":"page","link":"https:\/\/woodandbeauty.com\/fr\/the-story-of-petrified-wood\/","title":{"rendered":"The Story of Petrified Wood"},"content":{"rendered":"<div data-elementor-type=\"wp-page\" data-elementor-id=\"6331\" class=\"elementor elementor-6331\" data-elementor-settings=\"{&quot;ha_cmc_init_switcher&quot;:&quot;no&quot;}\">\n\t\t\t\t<div class=\"elementor-element elementor-element-6d4c97c e-con-full e-flex kitify-col-width-auto-no ignore-docs-style-no kitify-disable-relative-no wpr-particle-no wpr-jarallax-no wpr-parallax-no wpr-sticky-section-no e-root-container elementor-top-section e-con e-parent\" data-id=\"6d4c97c\" data-element_type=\"container\" data-settings=\"{&quot;_ha_eqh_enable&quot;:false}\">\n\t\t\t\t<div class=\"elementor-element elementor-element-d146956 elementor-widget elementor-widget-image\" data-id=\"d146956\" data-element_type=\"widget\" data-widget_type=\"image.default\">\n\t\t\t\t<div class=\"elementor-widget-container\">\n\t\t\t\t\t\t\t\t\t\t\t\t\t\t\t<img fetchpriority=\"high\" decoding=\"async\" width=\"2560\" height=\"517\" src=\"https:\/\/woodandbeauty.com\/wp-content\/uploads\/2025\/10\/Petrified-wood-story-1_compressed-1-scaled.jpg\" class=\"attachment-full size-full wp-image-6334 wvs-archive-product-image\" alt=\"\" srcset=\"https:\/\/woodandbeauty.com\/wp-content\/uploads\/2025\/10\/Petrified-wood-story-1_compressed-1-scaled.jpg 2560w, https:\/\/woodandbeauty.com\/wp-content\/uploads\/2025\/10\/Petrified-wood-story-1_compressed-1-scaled-1000x202.jpg 1000w, https:\/\/woodandbeauty.com\/wp-content\/uploads\/2025\/10\/Petrified-wood-story-1_compressed-1-300x61.jpg 300w, https:\/\/woodandbeauty.com\/wp-content\/uploads\/2025\/10\/Petrified-wood-story-1_compressed-1-1024x207.jpg 1024w, https:\/\/woodandbeauty.com\/wp-content\/uploads\/2025\/10\/Petrified-wood-story-1_compressed-1-768x155.jpg 768w, https:\/\/woodandbeauty.com\/wp-content\/uploads\/2025\/10\/Petrified-wood-story-1_compressed-1-1536x310.jpg 1536w, https:\/\/woodandbeauty.com\/wp-content\/uploads\/2025\/10\/Petrified-wood-story-1_compressed-1-2048x413.jpg 2048w, https:\/\/woodandbeauty.com\/wp-content\/uploads\/2025\/10\/Petrified-wood-story-1_compressed-1-18x4.jpg 18w\" sizes=\"(max-width: 2560px) 100vw, 2560px\" \/>\t\t\t\t\t\t\t\t\t\t\t\t\t\t\t<\/div>\n\t\t\t\t<\/div>\n\t\t\t\t<\/div>\n\t\t<div class=\"elementor-element elementor-element-d9fbcbd e-flex e-con-boxed kitify-col-width-auto-no ignore-docs-style-no kitify-disable-relative-no wpr-particle-no wpr-jarallax-no wpr-parallax-no wpr-sticky-section-no e-root-container elementor-top-section e-con e-parent\" data-id=\"d9fbcbd\" data-element_type=\"container\" data-settings=\"{&quot;_ha_eqh_enable&quot;:false}\">\n\t\t\t\t\t<div class=\"e-con-inner\">\n\t\t<div class=\"elementor-element elementor-element-41680a4 e-con-full e-flex kitify-col-width-auto-no ignore-docs-style-no kitify-disable-relative-no wpr-particle-no wpr-jarallax-no wpr-parallax-no wpr-sticky-section-no e-con e-child\" data-id=\"41680a4\" data-element_type=\"container\" data-settings=\"{&quot;_ha_eqh_enable&quot;:false}\">\n\t\t\t\t<div class=\"elementor-element elementor-element-fbc42c3 elementor-widget elementor-widget-text-editor\" data-id=\"fbc42c3\" data-element_type=\"widget\" data-widget_type=\"text-editor.default\">\n\t\t\t\t<div class=\"elementor-widget-container\">\n\t\t\t\t\t\t\t\t\t<p style=\"text-align: left;\"><span style=\"font-size: 16px;\">Le bois p\u00e9trifi\u00e9, fascinant vestige du pass\u00e9 g\u00e9ologique de notre plan\u00e8te, est bien plus qu\u2019une curiosit\u00e9 naturelle.<\/span><br \/><span style=\"font-size: 16px;\">Il incarne \u00e0 la fois la beaut\u00e9 brute de la nature et la complexit\u00e9 des processus organiques transform\u00e9s par le temps.\u00a0<\/span><\/p><p style=\"text-align: left;\"><span style=\"font-size: 16px;\">Ce mat\u00e9riau semi-pr\u00e9cieux, souvent confondu avec la simple pierre, est en r\u00e9alit\u00e9 un bois fossilis\u00e9, conserv\u00e9 dans un \u00e9tat min\u00e9ralis\u00e9 qui r\u00e9v\u00e8le ses veines, ses textures, et parfois m\u00eame ses cernes de croissance avec une pr\u00e9cision stup\u00e9fiante. Les nuances de couleur qui le caract\u00e9risent \u2013 allant du brun dor\u00e9 au rouge profond, du gris bleut\u00e9 au vert mousse \u2013 sont dues \u00e0 la pr\u00e9sence de diff\u00e9rents min\u00e9raux, comme le fer, le cuivre, le mangan\u00e8se ou le silicium, infiltr\u00e9s lentement dans la mati\u00e8re organique lors du processus de fossilisation.<\/span><\/p>\t\t\t\t\t\t\t\t<\/div>\n\t\t\t\t<\/div>\n\t\t\t\t<\/div>\n\t\t<div class=\"elementor-element elementor-element-c4c9244 e-con-full e-flex kitify-col-width-auto-no ignore-docs-style-no kitify-disable-relative-no wpr-particle-no wpr-jarallax-no wpr-parallax-no wpr-sticky-section-no e-con e-child\" data-id=\"c4c9244\" data-element_type=\"container\" data-settings=\"{&quot;_ha_eqh_enable&quot;:false}\">\n\t\t\t\t<div class=\"elementor-element elementor-element-4975153 elementor-widget elementor-widget-image\" data-id=\"4975153\" data-element_type=\"widget\" data-widget_type=\"image.default\">\n\t\t\t\t<div class=\"elementor-widget-container\">\n\t\t\t\t\t\t\t\t\t\t\t\t\t\t\t<img decoding=\"async\" width=\"1024\" height=\"995\" src=\"https:\/\/woodandbeauty.com\/wp-content\/uploads\/2021\/11\/112-1-1024x995.png\" class=\"attachment-large size-large wp-image-7910 wvs-archive-product-image\" alt=\"\" srcset=\"https:\/\/woodandbeauty.com\/wp-content\/uploads\/2021\/11\/112-1-1024x995.png 1024w, https:\/\/woodandbeauty.com\/wp-content\/uploads\/2021\/11\/112-1-300x292.png 300w, https:\/\/woodandbeauty.com\/wp-content\/uploads\/2021\/11\/112-1-768x746.png 768w, https:\/\/woodandbeauty.com\/wp-content\/uploads\/2021\/11\/112-1-1536x1493.png 1536w, https:\/\/woodandbeauty.com\/wp-content\/uploads\/2021\/11\/112-1-2048x1990.png 2048w, https:\/\/woodandbeauty.com\/wp-content\/uploads\/2021\/11\/112-1-12x12.png 12w, https:\/\/woodandbeauty.com\/wp-content\/uploads\/2021\/11\/112-1-1000x972.png 1000w, https:\/\/woodandbeauty.com\/wp-content\/uploads\/2021\/11\/112-1-50x50.png 50w, https:\/\/woodandbeauty.com\/wp-content\/uploads\/2021\/11\/112-1-64x62.png 64w\" sizes=\"(max-width: 1024px) 100vw, 1024px\" \/>\t\t\t\t\t\t\t\t\t\t\t\t\t\t\t<\/div>\n\t\t\t\t<\/div>\n\t\t\t\t<\/div>\n\t\t\t\t\t<\/div>\n\t\t\t\t<\/div>\n\t\t<div class=\"elementor-element elementor-element-ee922d5 e-flex e-con-boxed kitify-col-width-auto-no ignore-docs-style-no kitify-disable-relative-no wpr-particle-no wpr-jarallax-no wpr-parallax-no wpr-sticky-section-no e-root-container elementor-top-section e-con e-parent\" data-id=\"ee922d5\" data-element_type=\"container\" data-settings=\"{&quot;_ha_eqh_enable&quot;:false}\">\n\t\t\t\t\t<div class=\"e-con-inner\">\n\t\t<div class=\"elementor-element elementor-element-c4be67b e-con-full e-flex kitify-col-width-auto-no ignore-docs-style-no kitify-disable-relative-no wpr-particle-no wpr-jarallax-no wpr-parallax-no wpr-sticky-section-no e-con e-child\" data-id=\"c4be67b\" data-element_type=\"container\" data-settings=\"{&quot;_ha_eqh_enable&quot;:false}\">\n\t\t\t\t<div class=\"elementor-element elementor-element-a502836 elementor-widget elementor-widget-eael-image-accordion\" data-id=\"a502836\" data-element_type=\"widget\" data-widget_type=\"eael-image-accordion.default\">\n\t\t\t\t<div class=\"elementor-widget-container\">\n\t\t\t\t\t    <div class=\"eael-img-accordion accordion-direction-horizontal eael-img-accordion-horizontal-align-center eael-img-accordion-vertical-align-center\" id=\"eael-img-accordion-a502836\" data-img-accordion-id=\"a502836\" data-img-accordion-type=\"on-hover\">\n                    \n            <div class=\"eael-image-accordion-hover eael-image-accordion-item\" style=\"background-image: url(https:\/\/woodandbeauty.com\/wp-content\/uploads\/2026\/01\/Bois-Petrifie-Angels-Garden-Petrified-Forest.jpg);\"  tabindex=\"0\">\n                <div class=\"overlay\">\n                                        <div class=\"overlay-inner\">\n                                            <\/div>\n                <\/div>\n            <\/div>\n                    \n            <div class=\"eael-image-accordion-hover eael-image-accordion-item\" style=\"background-image: url(https:\/\/woodandbeauty.com\/wp-content\/uploads\/2021\/11\/113-scaled.png);\"  tabindex=\"0\">\n                <div class=\"overlay\">\n                                        <div class=\"overlay-inner\">\n                                            <\/div>\n                <\/div>\n            <\/div>\n                    \n            <div class=\"eael-image-accordion-hover eael-image-accordion-item\" style=\"background-image: url(https:\/\/woodandbeauty.com\/wp-content\/uploads\/2021\/11\/114-scaled.png);\"  tabindex=\"0\">\n                <div class=\"overlay\">\n                                        <div class=\"overlay-inner\">\n                                            <\/div>\n                <\/div>\n            <\/div>\n                <\/div>\n        <style typr=\"text\/css\">\n                    #eael-img-accordion-a502836 .eael-image-accordion-hover:hover {\n                        flex: 3 1 0% !important;\n                    }\n                    #eael-img-accordion-a502836 .eael-image-accordion-hover:hover:hover .overlay-inner * {\n                        opacity: 1;\n                        visibility: visible;\n                        transform: none;\n                        transition: all .3s .3s;\n                    }\n                <\/style>\t\t\t\t<\/div>\n\t\t\t\t<\/div>\n\t\t\t\t<\/div>\n\t\t<div class=\"elementor-element elementor-element-a8bd6f5 e-con-full e-flex kitify-col-width-auto-no ignore-docs-style-no kitify-disable-relative-no wpr-particle-no wpr-jarallax-no wpr-parallax-no wpr-sticky-section-no e-con e-child\" data-id=\"a8bd6f5\" data-element_type=\"container\" data-settings=\"{&quot;_ha_eqh_enable&quot;:false}\">\n\t\t\t\t<div class=\"elementor-element elementor-element-11e074d elementor-widget elementor-widget-text-editor\" data-id=\"11e074d\" data-element_type=\"widget\" data-widget_type=\"text-editor.default\">\n\t\t\t\t<div class=\"elementor-widget-container\">\n\t\t\t\t\t\t\t\t\t<p>Chaque pi\u00e8ce est donc unique, cristallisant un moment fig\u00e9 dans le temps, un arbre tomb\u00e9 il y a des millions d\u2019ann\u00e9es et transform\u00e9 au fil des si\u00e8cles en une \u0153uvre d\u2019art min\u00e9rale.<\/p><p>Le processus de p\u00e9trification du bois est un ph\u00e9nom\u00e8ne naturel d\u2019une grande complexit\u00e9.<\/p><p>Il d\u00e9bute lorsque des arbres sont rapidement ensevelis sous des s\u00e9diments riches en silice, souvent \u00e0 la suite d\u2019une \u00e9ruption volcanique ou d\u2019une inondation.<\/p><p>Priv\u00e9s d\u2019oxyg\u00e8ne, ils \u00e9chappent \u00e0 la d\u00e9composition habituelle.<\/p><p>L\u2019eau riche en min\u00e9raux circule ensuite \u00e0 travers les cellules du bois, rempla\u00e7ant progressivement la mati\u00e8re organique par des compos\u00e9s comme le quartz ou l\u2019opale.<\/p><p>Cette fossilisation mol\u00e9culaire peut durer des milliers \u00e0 des millions d\u2019ann\u00e9es, aboutissant \u00e0 un mat\u00e9riau \u00e0 la fois solide, dense et incroyablement d\u00e9taill\u00e9.<\/p>\t\t\t\t\t\t\t\t<\/div>\n\t\t\t\t<\/div>\n\t\t\t\t<\/div>\n\t\t\t\t\t<\/div>\n\t\t\t\t<\/div>\n\t\t<div class=\"elementor-element elementor-element-0681dbe e-flex e-con-boxed kitify-col-width-auto-no ignore-docs-style-no kitify-disable-relative-no wpr-particle-no wpr-jarallax-no wpr-parallax-no wpr-sticky-section-no e-root-container elementor-top-section e-con e-parent\" data-id=\"0681dbe\" data-element_type=\"container\" data-settings=\"{&quot;_ha_eqh_enable&quot;:false}\">\n\t\t\t\t\t<div class=\"e-con-inner\">\n\t\t<div class=\"elementor-element elementor-element-7666f2a e-con-full e-flex kitify-col-width-auto-no ignore-docs-style-no kitify-disable-relative-no wpr-particle-no wpr-jarallax-no wpr-parallax-no wpr-sticky-section-no e-con e-child\" data-id=\"7666f2a\" data-element_type=\"container\" data-settings=\"{&quot;_ha_eqh_enable&quot;:false}\">\n\t\t\t\t<div class=\"elementor-element elementor-element-77bfe86 elementor-widget elementor-widget-text-editor\" data-id=\"77bfe86\" data-element_type=\"widget\" data-widget_type=\"text-editor.default\">\n\t\t\t\t<div class=\"elementor-widget-container\">\n\t\t\t\t\t\t\t\t\t<p>Nous faisons appel \u00e0 ses propri\u00e9t\u00e9s tout \u00e0 la fois innovantes et esth\u00e9tiques, pour cr\u00e9er des objets d\u2019art, des plateaux de table, ou encore de la vaisselle, apportant une touche d\u2019\u00e9l\u00e9gance naturelle et d\u2019histoire \u00e0 tout espace.<\/p><p>Au-del\u00e0 de ses qualit\u00e9s esth\u00e9tiques et pratiques, le bois p\u00e9trifi\u00e9 nous invite \u00e0 r\u00e9fl\u00e9chir au passage du temps et \u00e0 la relation entre l\u2019organique et le min\u00e9ral.<\/p><p>Il symbolise la transformation, la persistance et la m\u00e9moire de la vie ancienne.\u00a0<\/p><p>Paradoxalement fig\u00e9 et vivant, il t\u00e9moigne d\u2019une \u00e9poque r\u00e9volue tout en s\u2019int\u00e9grant harmonieusement dans notre pr\u00e9sent.<br \/>En somme, le bois p\u00e9trifi\u00e9 est une mati\u00e8re pr\u00e9cieuse \u00e0 la crois\u00e9e de l\u2019art, de la science et de la nature.<\/p><p>Son esth\u00e9tique unique et ses origines profondes en font un \u00e9l\u00e9ment singulier qui continue d\u2019\u00e9merveiller ceux qui le d\u00e9couvrent.<\/p>\t\t\t\t\t\t\t\t<\/div>\n\t\t\t\t<\/div>\n\t\t\t\t<\/div>\n\t\t<div class=\"elementor-element elementor-element-a41ee32 e-con-full e-flex kitify-col-width-auto-no ignore-docs-style-no kitify-disable-relative-no wpr-particle-no wpr-jarallax-no wpr-parallax-no wpr-sticky-section-no e-con e-child\" data-id=\"a41ee32\" data-element_type=\"container\" data-settings=\"{&quot;_ha_eqh_enable&quot;:false}\">\n\t\t\t\t<div class=\"elementor-element elementor-element-1e86c5b elementor-widget elementor-widget-image\" data-id=\"1e86c5b\" data-element_type=\"widget\" data-widget_type=\"image.default\">\n\t\t\t\t<div class=\"elementor-widget-container\">\n\t\t\t\t\t\t\t\t\t\t\t\t\t\t\t<img decoding=\"async\" width=\"602\" height=\"394\" src=\"https:\/\/woodandbeauty.com\/wp-content\/uploads\/2026\/01\/d363m5d7xun61.png\" class=\"attachment-large size-large wp-image-7833 wvs-archive-product-image\" alt=\"\" srcset=\"https:\/\/woodandbeauty.com\/wp-content\/uploads\/2026\/01\/d363m5d7xun61.png 602w, https:\/\/woodandbeauty.com\/wp-content\/uploads\/2026\/01\/d363m5d7xun61-300x196.png 300w, https:\/\/woodandbeauty.com\/wp-content\/uploads\/2026\/01\/d363m5d7xun61-18x12.png 18w, https:\/\/woodandbeauty.com\/wp-content\/uploads\/2026\/01\/d363m5d7xun61-64x42.png 64w\" sizes=\"(max-width: 602px) 100vw, 602px\" \/>\t\t\t\t\t\t\t\t\t\t\t\t\t\t\t<\/div>\n\t\t\t\t<\/div>\n\t\t\t\t<\/div>\n\t\t\t\t\t<\/div>\n\t\t\t\t<\/div>\n\t\t\t\t<\/div>","protected":false},"excerpt":{"rendered":"<p>Le bois p\u00e9trifi\u00e9, fascinant vestige du pass\u00e9 g\u00e9ologique de notre plan\u00e8te, est bien plus qu\u2019une curiosit\u00e9 naturelle.Il incarne \u00e0 la fois la beaut\u00e9 brute de la nature et la complexit\u00e9 des processus organiques transform\u00e9s par le temps.\u00a0 Ce mat\u00e9riau semi-pr\u00e9cieux, souvent confondu avec la simple pierre, est en r\u00e9alit\u00e9 un bois fossilis\u00e9, conserv\u00e9 dans un \u00e9tat min\u00e9ralis\u00e9 qui r\u00e9v\u00e8le ses\u2026<\/p>","protected":false},"author":2,"featured_media":0,"parent":0,"menu_order":0,"comment_status":"closed","ping_status":"closed","template":"","meta":{"footnotes":""},"class_list":["post-6331","page","type-page","status-publish","hentry"],"_links":{"self":[{"href":"https:\/\/woodandbeauty.com\/fr\/wp-json\/wp\/v2\/pages\/6331","targetHints":{"allow":["GET"]}}],"collection":[{"href":"https:\/\/woodandbeauty.com\/fr\/wp-json\/wp\/v2\/pages"}],"about":[{"href":"https:\/\/woodandbeauty.com\/fr\/wp-json\/wp\/v2\/types\/page"}],"author":[{"embeddable":true,"href":"https:\/\/woodandbeauty.com\/fr\/wp-json\/wp\/v2\/users\/2"}],"replies":[{"embeddable":true,"href":"https:\/\/woodandbeauty.com\/fr\/wp-json\/wp\/v2\/comments?post=6331"}],"version-history":[{"count":91,"href":"https:\/\/woodandbeauty.com\/fr\/wp-json\/wp\/v2\/pages\/6331\/revisions"}],"predecessor-version":[{"id":7913,"href":"https:\/\/woodandbeauty.com\/fr\/wp-json\/wp\/v2\/pages\/6331\/revisions\/7913"}],"wp:attachment":[{"href":"https:\/\/woodandbeauty.com\/fr\/wp-json\/wp\/v2\/media?parent=6331"}],"curies":[{"name":"wp","href":"https:\/\/api.w.org\/{rel}","templated":true}]}}