{"id":6354,"date":"2025-10-08T18:18:43","date_gmt":"2025-10-08T18:18:43","guid":{"rendered":"https:\/\/woodandbeauty.com\/?page_id=6354"},"modified":"2025-11-11T17:42:05","modified_gmt":"2025-11-11T17:42:05","slug":"care-instructions","status":"publish","type":"page","link":"https:\/\/woodandbeauty.com\/fr\/care-instructions\/","title":{"rendered":"CARE INSTRUCTIONS"},"content":{"rendered":"<div data-elementor-type=\"wp-page\" data-elementor-id=\"6354\" class=\"elementor elementor-6354\" data-elementor-settings=\"{&quot;ha_cmc_init_switcher&quot;:&quot;no&quot;}\">\n\t\t\t\t<div class=\"elementor-element elementor-element-063ff21 e-flex e-con-boxed kitify-col-width-auto-no ignore-docs-style-no kitify-disable-relative-no wpr-particle-no wpr-jarallax-no wpr-parallax-no wpr-sticky-section-no e-root-container elementor-top-section e-con e-parent\" data-id=\"063ff21\" data-element_type=\"container\" data-settings=\"{&quot;_ha_eqh_enable&quot;:false}\">\n\t\t\t\t\t<div class=\"e-con-inner\">\n\t\t\t\t<div class=\"elementor-element elementor-element-b1ea240 elementor-widget elementor-widget-heading\" data-id=\"b1ea240\" data-element_type=\"widget\" data-widget_type=\"heading.default\">\n\t\t\t\t<div class=\"elementor-widget-container\">\n\t\t\t\t\t<h2 class=\"elementor-heading-title elementor-size-default\">CONSEILS D\u2019ENTRETIEN<\/h2>\t\t\t\t<\/div>\n\t\t\t\t<\/div>\n\t\t\t\t<div class=\"elementor-element elementor-element-d34d409 elementor-widget elementor-widget-text-editor\" data-id=\"d34d409\" data-element_type=\"widget\" data-widget_type=\"text-editor.default\">\n\t\t\t\t<div class=\"elementor-widget-container\">\n\t\t\t\t\t\t\t\t\t<p><strong>Mobilier avec cordes<br \/><\/strong>- Prot\u00e9gez vos meubles avec une housse adapt\u00e9e.<br \/>- Nettoyez simplement \u00e0 l\u2019eau claire.<br \/>- \u00c9vitez les produits abrasifs et corrosifs (ex. laine d\u2019acier).<br \/><br \/><strong>Coussins<\/strong><br \/>- Utilisez une housse de protection contre les intemp\u00e9ries.<br \/>- Nettoyez r\u00e9guli\u00e8rement avec une \u00e9ponge et de l\u2019eau savonneuse douce.<br \/>- Pas de lavage en machine ni de s\u00e8che-linge.<br \/>- Rentrez les coussins lorsqu\u2019ils ne sont pas utilis\u00e9s.<br \/><br \/><strong>Mat\u00e9riaux naturels,<\/strong><br \/>- Chaque pi\u00e8ce est unique, avec ses irr\u00e9gularit\u00e9s naturelles.<br \/>- De l\u00e9gers mouvements ou impeections du bois sont normaux.<br \/><br \/><strong>Durabilit\u00e9<\/strong><br \/>- L\u2019usage de housses de protection est conseill\u00e9 pour prolonger la vie de vos meubles et b\u00e9n\u00e9ficier de la garantie.<\/p>\t\t\t\t\t\t\t\t<\/div>\n\t\t\t\t<\/div>\n\t\t\t\t\t<\/div>\n\t\t\t\t<\/div>\n\t\t\t\t<\/div>","protected":false},"excerpt":{"rendered":"<p>CARE INSTRUCTION Furniture with ropes,&#8211; Protect your furniture with a suitable cover.&#8211; Simply clean with clean water.&#8211; Avoid abrasive and corrosive products (e.g., steel wool). Cushions,&#8211; Use a weatherproof cover.&#8211; Clean regularly with a sponge and mild soapy water.&#8211; Do not machine wash or tumble dry.&#8211; Take cushions inside when not in use. Natural Materials,&#8211; Each piece is unique, with\u2026<\/p>","protected":false},"author":2,"featured_media":0,"parent":0,"menu_order":0,"comment_status":"closed","ping_status":"closed","template":"","meta":{"footnotes":""},"class_list":["post-6354","page","type-page","status-publish","hentry"],"_links":{"self":[{"href":"https:\/\/woodandbeauty.com\/fr\/wp-json\/wp\/v2\/pages\/6354","targetHints":{"allow":["GET"]}}],"collection":[{"href":"https:\/\/woodandbeauty.com\/fr\/wp-json\/wp\/v2\/pages"}],"about":[{"href":"https:\/\/woodandbeauty.com\/fr\/wp-json\/wp\/v2\/types\/page"}],"author":[{"embeddable":true,"href":"https:\/\/woodandbeauty.com\/fr\/wp-json\/wp\/v2\/users\/2"}],"replies":[{"embeddable":true,"href":"https:\/\/woodandbeauty.com\/fr\/wp-json\/wp\/v2\/comments?post=6354"}],"version-history":[{"count":13,"href":"https:\/\/woodandbeauty.com\/fr\/wp-json\/wp\/v2\/pages\/6354\/revisions"}],"predecessor-version":[{"id":6852,"href":"https:\/\/woodandbeauty.com\/fr\/wp-json\/wp\/v2\/pages\/6354\/revisions\/6852"}],"wp:attachment":[{"href":"https:\/\/woodandbeauty.com\/fr\/wp-json\/wp\/v2\/media?parent=6354"}],"curies":[{"name":"wp","href":"https:\/\/api.w.org\/{rel}","templated":true}]}}