{"id":6494,"date":"2025-10-11T14:15:55","date_gmt":"2025-10-11T14:15:55","guid":{"rendered":"https:\/\/woodandbeauty.com\/?page_id=6494"},"modified":"2025-11-24T18:19:24","modified_gmt":"2025-11-24T18:19:24","slug":"editorials","status":"publish","type":"page","link":"https:\/\/woodandbeauty.com\/fr\/editorials\/","title":{"rendered":"\u00c9DITORIAUX"},"content":{"rendered":"<div data-elementor-type=\"wp-page\" data-elementor-id=\"6494\" class=\"elementor elementor-6494\" data-elementor-settings=\"{&quot;ha_cmc_init_switcher&quot;:&quot;no&quot;}\">\n\t\t\t\t<div class=\"elementor-element elementor-element-58c5a72 e-con-full e-flex kitify-col-width-auto-no ignore-docs-style-no kitify-disable-relative-no wpr-particle-no wpr-jarallax-no wpr-parallax-no wpr-sticky-section-no e-root-container elementor-top-section e-con e-parent\" data-id=\"58c5a72\" data-element_type=\"container\" data-settings=\"{&quot;_ha_eqh_enable&quot;:false}\">\n\t\t\t\t<div class=\"elementor-element elementor-element-241e153 elementor-widget elementor-widget-heading\" data-id=\"241e153\" data-element_type=\"widget\" data-widget_type=\"heading.default\">\n\t\t\t\t<div class=\"elementor-widget-container\">\n\t\t\t\t\t<h2 class=\"elementor-heading-title elementor-size-default\">\u00c9space Presse<\/h2>\t\t\t\t<\/div>\n\t\t\t\t<\/div>\n\t\t\t\t<div class=\"elementor-element elementor-element-1510939 elementor-widget elementor-widget-spacer\" data-id=\"1510939\" data-element_type=\"widget\" data-widget_type=\"spacer.default\">\n\t\t\t\t<div class=\"elementor-widget-container\">\n\t\t\t\t\t\t\t<div class=\"elementor-spacer\">\n\t\t\t<div class=\"elementor-spacer-inner\"><\/div>\n\t\t<\/div>\n\t\t\t\t\t\t<\/div>\n\t\t\t\t<\/div>\n\t\t\t\t<\/div>\n\t\t<div class=\"elementor-element elementor-element-61ccb04 e-grid e-con-full kitify-col-width-auto-no ignore-docs-style-no kitify-disable-relative-no wpr-particle-no wpr-jarallax-no wpr-parallax-no wpr-sticky-section-no e-root-container elementor-top-section e-con e-parent\" data-id=\"61ccb04\" data-element_type=\"container\" data-settings=\"{&quot;_ha_eqh_enable&quot;:false}\">\n\t\t<div class=\"elementor-element elementor-element-032323c e-con-full e-flex kitify-col-width-auto-no ignore-docs-style-no kitify-disable-relative-no wpr-particle-no wpr-jarallax-no wpr-parallax-no wpr-sticky-section-no e-con e-child\" data-id=\"032323c\" data-element_type=\"container\" data-settings=\"{&quot;_ha_eqh_enable&quot;:false}\">\n\t\t\t\t<div class=\"elementor-element elementor-element-30f8012 elementor-widget elementor-widget-text-editor\" data-id=\"30f8012\" data-element_type=\"widget\" data-widget_type=\"text-editor.default\">\n\t\t\t\t<div class=\"elementor-widget-container\">\n\t\t\t\t\t\t\t\t\t<p style=\"text-align: center;\"><strong>|<br \/><\/strong><strong>TOUQUES<br \/><\/strong>SHOWROOM ET GALERIE<strong><br \/><\/strong><\/p>\t\t\t\t\t\t\t\t<\/div>\n\t\t\t\t<\/div>\n\t\t\t\t<div class=\"elementor-element elementor-element-32ae40a elementor-widget elementor-widget-heading\" data-id=\"32ae40a\" data-element_type=\"widget\" data-widget_type=\"heading.default\">\n\t\t\t\t<div class=\"elementor-widget-container\">\n\t\t\t\t\t<h3 class=\"elementor-heading-title elementor-size-default\">Wood &amp; beauty<\/h3>\t\t\t\t<\/div>\n\t\t\t\t<\/div>\n\t\t\t\t<div class=\"elementor-element elementor-element-9e499ee elementor-widget-divider--view-line elementor-widget elementor-widget-divider\" data-id=\"9e499ee\" data-element_type=\"widget\" data-widget_type=\"divider.default\">\n\t\t\t\t<div class=\"elementor-widget-container\">\n\t\t\t\t\t\t\t<div class=\"elementor-divider\">\n\t\t\t<span class=\"elementor-divider-separator\">\n\t\t\t\t\t\t<\/span>\n\t\t<\/div>\n\t\t\t\t\t\t<\/div>\n\t\t\t\t<\/div>\n\t\t\t\t<div class=\"elementor-element elementor-element-50ec48c elementor-widget elementor-widget-text-editor\" data-id=\"50ec48c\" data-element_type=\"widget\" data-widget_type=\"text-editor.default\">\n\t\t\t\t<div class=\"elementor-widget-container\">\n\t\t\t\t\t\t\t\t\t<p>A Touques, Annick et Lionel Cahan ont imagin\u00e9 un lieu singulier, entre showroom et galerie d&#8217;art, n\u00e9 de leur passion pour l&#8217;Indon\u00e9sie. Mobilier Outdoor\/ Indoor, Sculptures, pi\u00e8ces uniques et bois d&#8217;exception rendent hommage \u00e0 la nature et aux savoir-faire de ce pays, dans un \u00e9crin con\u00e7u pour \u00e9veiller les sens et inspirer.<\/p>\t\t\t\t\t\t\t\t<\/div>\n\t\t\t\t<\/div>\n\t\t\t\t<div class=\"elementor-element elementor-element-e1b26dd elementor-widget elementor-widget-image\" data-id=\"e1b26dd\" data-element_type=\"widget\" data-widget_type=\"image.default\">\n\t\t\t\t<div class=\"elementor-widget-container\">\n\t\t\t\t\t\t\t\t\t\t\t\t\t\t\t<img fetchpriority=\"high\" decoding=\"async\" width=\"731\" height=\"1024\" src=\"https:\/\/woodandbeauty.com\/wp-content\/uploads\/2025\/10\/1-14-731x1024.jpg\" class=\"attachment-large size-large wp-image-6499 wvs-archive-product-image\" alt=\"\" srcset=\"https:\/\/woodandbeauty.com\/wp-content\/uploads\/2025\/10\/1-14-731x1024.jpg 731w, https:\/\/woodandbeauty.com\/wp-content\/uploads\/2025\/10\/1-14-214x300.jpg 214w, https:\/\/woodandbeauty.com\/wp-content\/uploads\/2025\/10\/1-14-768x1076.jpg 768w, https:\/\/woodandbeauty.com\/wp-content\/uploads\/2025\/10\/1-14-9x12.jpg 9w, https:\/\/woodandbeauty.com\/wp-content\/uploads\/2025\/10\/1-14.jpg 779w\" sizes=\"(max-width: 731px) 100vw, 731px\" \/>\t\t\t\t\t\t\t\t\t\t\t\t\t\t\t<\/div>\n\t\t\t\t<\/div>\n\t\t\t\t<\/div>\n\t\t<div class=\"elementor-element elementor-element-06969aa e-con-full e-flex kitify-col-width-auto-no ignore-docs-style-no kitify-disable-relative-no wpr-particle-no wpr-jarallax-no wpr-parallax-no wpr-sticky-section-no e-con e-child\" data-id=\"06969aa\" data-element_type=\"container\" data-settings=\"{&quot;_ha_eqh_enable&quot;:false}\">\n\t\t\t\t<div class=\"elementor-element elementor-element-f673372 elementor-widget elementor-widget-image\" data-id=\"f673372\" data-element_type=\"widget\" data-widget_type=\"image.default\">\n\t\t\t\t<div class=\"elementor-widget-container\">\n\t\t\t\t\t\t\t\t\t\t\t\t\t\t\t<img decoding=\"async\" width=\"720\" height=\"1024\" src=\"https:\/\/woodandbeauty.com\/wp-content\/uploads\/2025\/10\/1-12-720x1024.jpg\" class=\"attachment-large size-large wp-image-6501 wvs-archive-product-image\" alt=\"\" srcset=\"https:\/\/woodandbeauty.com\/wp-content\/uploads\/2025\/10\/1-12-720x1024.jpg 720w, https:\/\/woodandbeauty.com\/wp-content\/uploads\/2025\/10\/1-12-211x300.jpg 211w, https:\/\/woodandbeauty.com\/wp-content\/uploads\/2025\/10\/1-12-768x1092.jpg 768w, https:\/\/woodandbeauty.com\/wp-content\/uploads\/2025\/10\/1-12-8x12.jpg 8w, https:\/\/woodandbeauty.com\/wp-content\/uploads\/2025\/10\/1-12.jpg 859w\" sizes=\"(max-width: 720px) 100vw, 720px\" \/>\t\t\t\t\t\t\t\t\t\t\t\t\t\t\t<\/div>\n\t\t\t\t<\/div>\n\t\t\t\t<div class=\"elementor-element elementor-element-3a6bc65 elementor-widget elementor-widget-text-editor\" data-id=\"3a6bc65\" data-element_type=\"widget\" data-widget_type=\"text-editor.default\">\n\t\t\t\t<div class=\"elementor-widget-container\">\n\t\t\t\t\t\t\t\t\t<p><span style=\"font-size: 14px;\">Tout commence en 2008 \u00e0 Bali. Annick et Lionel y vivent un v\u00e9ritable coup de foudre: \u00ab La zenitude, la bienveillance, la richesse de la nature&#8230; \u00bb. Leur passion pour le voyage et la d\u00e9coration, nourrie par des ann\u00e9es dans le mobilier s&#8217;y \u00e9panouit. De voyage en voyage et d&#8217;iles en Iles, ils tissent des liens profonds avec des artisans et des artistes. Des lors une \u00e9vidence s&#8217;impose: faire savoir ce savoir-faire.<\/span><br><span style=\"font-size: 14px;\">C&#8217;est \u00e0 Touques, entre mer et campagne, qu&#8217;Annick et Lionel concr\u00e9tisent cette \u00e9vidence en cr\u00e9ant Wood &amp; Beauty en 2024 : un lieu exp\u00e9rientiel qui m\u00e9lange harmonieusement deux univers: \u00ab La Collection ou des lignes de mobilier Outdoor et Indoor, sign\u00e9es par un designer italien install\u00e9 \u00e0 Java, marient teck et cordages marins avec originalit\u00e9 et \u00e9l\u00e9gance : \u00abUne invitation \u00e0 la paresse, au bien-\u00eatre, \u00e0 la volupt\u00e9. <\/span><br><span style=\"font-size: 14px;\">Des univers pour tous ceux qui souhaitent r\u00e9v\u00e9ler l&#8217;\u00e2me de leurs espaces, priv\u00e9s ou professionnels\u00bb, souligne Annick. <\/span><br><span style=\"font-size: 14px;\">Et \u00ab La Galerie qui pr\u00e9sente des sculptures, des tables et des consoles, une s\u00e9lection de pi\u00e8ces uniques et spectaculaires en bois exotiques ou en bois p\u00e9trifi\u00e9s: Des cr\u00e9ations singuli\u00e8res pour sublimer entr\u00e9es, salons, salles \u00e0 manger, patios ou jardins.\u00bb Plus qu&#8217;un simple lieu d&#8217;exposition, Wood &amp; Beauty est aussi un espace de travail, con\u00e7u par Annick et Lionel pour accompagner architectes, d\u00e9corateurs, h\u00f4teliers ou particuliers dans des projets sur mesure, port\u00e9s par un d\u00e9nominateur commun: Une sensibilit\u00e9 \u00e0 la beaut\u00e9 et \u00e0 ce que la nature nous offre comme mati\u00e8re \u00e0 magnifier.\u00bb<\/span><\/p>\t\t\t\t\t\t\t\t<\/div>\n\t\t\t\t<\/div>\n\t\t\t\t<\/div>\n\t\t\t\t<\/div>\n\t\t<div class=\"elementor-element elementor-element-ecda08f e-con-full e-flex kitify-col-width-auto-no ignore-docs-style-no kitify-disable-relative-no wpr-particle-no wpr-jarallax-no wpr-parallax-no wpr-sticky-section-no e-root-container elementor-top-section e-con e-parent\" data-id=\"ecda08f\" data-element_type=\"container\" data-settings=\"{&quot;_ha_eqh_enable&quot;:false}\">\n\t\t\t\t<div class=\"elementor-element elementor-element-dbc75de elementor-widget elementor-widget-text-editor\" data-id=\"dbc75de\" data-element_type=\"widget\" data-widget_type=\"text-editor.default\">\n\t\t\t\t<div class=\"elementor-widget-container\">\n\t\t\t\t\t\t\t\t\t<h3 class=\"LC20lb MBeuO DKV0Md\" style=\"text-align: center;\"><span style=\"font-size: 42px; font-family: Terminal, Monaco;\">\u275d<em>L&#8217;\u00e2<\/em><em>me du voyage, l&#8217;\u00e9veil des sens et l&#8217;art du bois<\/em><\/span><\/h3>\t\t\t\t\t\t\t\t<\/div>\n\t\t\t\t<\/div>\n\t\t\t\t<div class=\"elementor-element elementor-element-de173f3 elementor-widget elementor-widget-image\" data-id=\"de173f3\" data-element_type=\"widget\" data-widget_type=\"image.default\">\n\t\t\t\t<div class=\"elementor-widget-container\">\n\t\t\t\t\t\t\t\t\t\t\t\t\t\t\t<img decoding=\"async\" width=\"1665\" height=\"1143\" src=\"https:\/\/woodandbeauty.com\/wp-content\/uploads\/2025\/10\/1-13.jpg\" class=\"attachment-full size-full wp-image-6500 wvs-archive-product-image\" alt=\"\" srcset=\"https:\/\/woodandbeauty.com\/wp-content\/uploads\/2025\/10\/1-13.jpg 1665w, https:\/\/woodandbeauty.com\/wp-content\/uploads\/2025\/10\/1-13-1000x686.jpg 1000w, https:\/\/woodandbeauty.com\/wp-content\/uploads\/2025\/10\/1-13-300x206.jpg 300w, https:\/\/woodandbeauty.com\/wp-content\/uploads\/2025\/10\/1-13-1024x703.jpg 1024w, https:\/\/woodandbeauty.com\/wp-content\/uploads\/2025\/10\/1-13-768x527.jpg 768w, https:\/\/woodandbeauty.com\/wp-content\/uploads\/2025\/10\/1-13-1536x1054.jpg 1536w, https:\/\/woodandbeauty.com\/wp-content\/uploads\/2025\/10\/1-13-18x12.jpg 18w\" sizes=\"(max-width: 1665px) 100vw, 1665px\" \/>\t\t\t\t\t\t\t\t\t\t\t\t\t\t\t<\/div>\n\t\t\t\t<\/div>\n\t\t\t\t<\/div>\n\t\t<div class=\"elementor-element elementor-element-9ba6978 e-grid e-con-full kitify-col-width-auto-no ignore-docs-style-no kitify-disable-relative-no wpr-particle-no wpr-jarallax-no wpr-parallax-no wpr-sticky-section-no e-root-container elementor-top-section e-con e-parent\" data-id=\"9ba6978\" data-element_type=\"container\" data-settings=\"{&quot;_ha_eqh_enable&quot;:false}\">\n\t\t<div class=\"elementor-element elementor-element-5ef800b e-con-full e-flex kitify-col-width-auto-no ignore-docs-style-no kitify-disable-relative-no wpr-particle-no wpr-jarallax-no wpr-parallax-no wpr-sticky-section-no e-con e-child\" data-id=\"5ef800b\" data-element_type=\"container\" data-settings=\"{&quot;_ha_eqh_enable&quot;:false}\">\n\t\t\t\t<div class=\"elementor-element elementor-element-d74e74c elementor-widget elementor-widget-image\" data-id=\"d74e74c\" data-element_type=\"widget\" data-widget_type=\"image.default\">\n\t\t\t\t<div class=\"elementor-widget-container\">\n\t\t\t\t\t\t\t\t\t\t\t\t\t\t\t<img loading=\"lazy\" decoding=\"async\" width=\"834\" height=\"561\" src=\"https:\/\/woodandbeauty.com\/wp-content\/uploads\/2025\/10\/1-15.jpg\" class=\"attachment-large size-large wp-image-6498 wvs-archive-product-image\" alt=\"\" srcset=\"https:\/\/woodandbeauty.com\/wp-content\/uploads\/2025\/10\/1-15.jpg 834w, https:\/\/woodandbeauty.com\/wp-content\/uploads\/2025\/10\/1-15-300x202.jpg 300w, https:\/\/woodandbeauty.com\/wp-content\/uploads\/2025\/10\/1-15-768x517.jpg 768w, https:\/\/woodandbeauty.com\/wp-content\/uploads\/2025\/10\/1-15-18x12.jpg 18w\" sizes=\"(max-width: 834px) 100vw, 834px\" \/>\t\t\t\t\t\t\t\t\t\t\t\t\t\t\t<\/div>\n\t\t\t\t<\/div>\n\t\t\t\t<\/div>\n\t\t<div class=\"elementor-element elementor-element-696e1de e-con-full e-flex kitify-col-width-auto-no ignore-docs-style-no kitify-disable-relative-no wpr-particle-no wpr-jarallax-no wpr-parallax-no wpr-sticky-section-no e-con e-child\" data-id=\"696e1de\" data-element_type=\"container\" data-settings=\"{&quot;_ha_eqh_enable&quot;:false}\">\n\t\t\t\t<div class=\"elementor-element elementor-element-a7c99e7 elementor-widget elementor-widget-text-editor\" data-id=\"a7c99e7\" data-element_type=\"widget\" data-widget_type=\"text-editor.default\">\n\t\t\t\t<div class=\"elementor-widget-container\">\n\t\t\t\t\t\t\t\t\t<p>In Touques, Annick and Lionel Cohan have created a unique place, between showroom and art gallery, born of their love of Indonesia. It all began in 2008; from island to island, their passion for decoration grew as they created deep ties with artisans and artists. Compelled to share what they had learned, Annick and Lionel opened Wood &amp; Beauty in 2024, structured in two spaces. The first, La Collection, houses the furniture line Indoor\/Outdoor, by an Italian designer who is settled in Java, which unites teak and marine ropes with originality and elegance. In the second space, La Galerie,youllfind sculptures, console tables, and pieces in exotic wood and petrified wood, &#8220;to enhance your entryways, living rooms, dining rooms, patios, and gardens.&#8221; Wood &amp; Beauty is also a workspace, supporting architects, decorators, hoteliers, and private individuals in their custom projects.<\/p>\t\t\t\t\t\t\t\t<\/div>\n\t\t\t\t<\/div>\n\t\t\t\t<div class=\"elementor-element elementor-element-3e6cb29 elementor-widget elementor-widget-text-editor\" data-id=\"3e6cb29\" data-element_type=\"widget\" data-widget_type=\"text-editor.default\">\n\t\t\t\t<div class=\"elementor-widget-container\">\n\t\t\t\t\t\t\t\t\t<p style=\"text-align: right;\">ADRESSE COUP DE COEUR<br \/><strong>LES FRANCISCAINES, DEAUVILLE<\/strong><\/p>\t\t\t\t\t\t\t\t<\/div>\n\t\t\t\t<\/div>\n\t\t\t\t<\/div>\n\t\t\t\t<\/div>\n\t\t<div class=\"elementor-element elementor-element-166e304 e-con-full e-flex kitify-col-width-auto-no ignore-docs-style-no kitify-disable-relative-no wpr-particle-no wpr-jarallax-no wpr-parallax-no wpr-sticky-section-no e-root-container elementor-top-section e-con e-parent\" data-id=\"166e304\" data-element_type=\"container\" data-settings=\"{&quot;_ha_eqh_enable&quot;:false}\">\n\t\t\t\t<div class=\"elementor-element elementor-element-92aa6e7 elementor-widget elementor-widget-image\" data-id=\"92aa6e7\" data-element_type=\"widget\" data-widget_type=\"image.default\">\n\t\t\t\t<div class=\"elementor-widget-container\">\n\t\t\t\t\t\t\t\t\t\t\t\t\t\t\t<img loading=\"lazy\" decoding=\"async\" width=\"665\" height=\"816\" src=\"https:\/\/woodandbeauty.com\/wp-content\/uploads\/2025\/10\/1-1.png\" class=\"attachment-large size-large wp-image-6497 wvs-archive-product-image\" alt=\"\" srcset=\"https:\/\/woodandbeauty.com\/wp-content\/uploads\/2025\/10\/1-1.png 665w, https:\/\/woodandbeauty.com\/wp-content\/uploads\/2025\/10\/1-1-244x300.png 244w, https:\/\/woodandbeauty.com\/wp-content\/uploads\/2025\/10\/1-1-10x12.png 10w\" sizes=\"(max-width: 665px) 100vw, 665px\" \/>\t\t\t\t\t\t\t\t\t\t\t\t\t\t\t<\/div>\n\t\t\t\t<\/div>\n\t\t\t\t<\/div>\n\t\t\t\t<\/div>","protected":false},"excerpt":{"rendered":"<p>PRESS AREA |TOUQUESSHOWROOM ET GALERIE Wood &amp; beauty A Touques, Annick et Lionel Cahan ont imagin\u00e9 un lieu singulier, entre showroom et galerie d&#8217;art, n\u00e9 de leur passion pour l&#8217;Indon\u00e9sie. Mobilier Outdoor\/ Indoor, Sculptures, pi\u00e8ces uniques et bois d&#8217;exception rendent hommage \u00e0 la nature et aux savoir-faire de ce pays, dans un \u00e9crin con\u00e7u pour \u00e9veiller les sens et inspirer.\u2026<\/p>","protected":false},"author":2,"featured_media":0,"parent":0,"menu_order":0,"comment_status":"closed","ping_status":"closed","template":"","meta":{"footnotes":""},"class_list":["post-6494","page","type-page","status-publish","hentry"],"_links":{"self":[{"href":"https:\/\/woodandbeauty.com\/fr\/wp-json\/wp\/v2\/pages\/6494","targetHints":{"allow":["GET"]}}],"collection":[{"href":"https:\/\/woodandbeauty.com\/fr\/wp-json\/wp\/v2\/pages"}],"about":[{"href":"https:\/\/woodandbeauty.com\/fr\/wp-json\/wp\/v2\/types\/page"}],"author":[{"embeddable":true,"href":"https:\/\/woodandbeauty.com\/fr\/wp-json\/wp\/v2\/users\/2"}],"replies":[{"embeddable":true,"href":"https:\/\/woodandbeauty.com\/fr\/wp-json\/wp\/v2\/comments?post=6494"}],"version-history":[{"count":70,"href":"https:\/\/woodandbeauty.com\/fr\/wp-json\/wp\/v2\/pages\/6494\/revisions"}],"predecessor-version":[{"id":7090,"href":"https:\/\/woodandbeauty.com\/fr\/wp-json\/wp\/v2\/pages\/6494\/revisions\/7090"}],"wp:attachment":[{"href":"https:\/\/woodandbeauty.com\/fr\/wp-json\/wp\/v2\/media?parent=6494"}],"curies":[{"name":"wp","href":"https:\/\/api.w.org\/{rel}","templated":true}]}}