{"id":6866,"date":"2025-11-18T17:01:23","date_gmt":"2025-11-18T17:01:23","guid":{"rendered":"https:\/\/woodandbeauty.com\/?page_id=6866"},"modified":"2025-11-19T15:13:42","modified_gmt":"2025-11-19T15:13:42","slug":"legal-mentions","status":"publish","type":"page","link":"https:\/\/woodandbeauty.com\/fr\/legal-mentions\/","title":{"rendered":"MENTIONS LEGALES"},"content":{"rendered":"<div data-elementor-type=\"wp-page\" data-elementor-id=\"6866\" class=\"elementor elementor-6866\" data-elementor-settings=\"{&quot;ha_cmc_init_switcher&quot;:&quot;no&quot;}\">\n\t\t\t\t<div class=\"elementor-element elementor-element-c2daec5 e-flex e-con-boxed kitify-col-width-auto-no ignore-docs-style-no kitify-disable-relative-no wpr-particle-no wpr-jarallax-no wpr-parallax-no wpr-sticky-section-no e-root-container elementor-top-section e-con e-parent\" data-id=\"c2daec5\" data-element_type=\"container\" data-settings=\"{&quot;_ha_eqh_enable&quot;:false}\">\n\t\t\t\t\t<div class=\"e-con-inner\">\n\t\t\t\t<div class=\"elementor-element elementor-element-9f1c4a7 elementor-widget elementor-widget-heading\" data-id=\"9f1c4a7\" data-element_type=\"widget\" data-widget_type=\"heading.default\">\n\t\t\t\t<div class=\"elementor-widget-container\">\n\t\t\t\t\t<h2 class=\"elementor-heading-title elementor-size-default\">MENTIONS LEGALES<\/h2>\t\t\t\t<\/div>\n\t\t\t\t<\/div>\n\t\t\t\t<div class=\"elementor-element elementor-element-f4fa167 elementor-widget elementor-widget-text-editor\" data-id=\"f4fa167\" data-element_type=\"widget\" data-widget_type=\"text-editor.default\">\n\t\t\t\t<div class=\"elementor-widget-container\">\n\t\t\t\t\t\t\t\t\t<p>Soci\u00e9t\u00e9 : Wood and Beauty<br \/>Nom commercial : Wood and Beauty<br \/>S.A.S au capital de 5000 euros<br \/>Si\u00e8ge Social : Rue de la val\u00e9e d\u2019Auge, 14800 Touques<br \/>RCS Lisieux : 928832070<br \/>N\u00b0 de TVA : FR17928832070<br \/>Siret : 928 832 070 00025<br \/>Code APE : 4647Z<br \/>Tel : 33 (1) 2 14 74 98 80<br \/>Pr\u00e9sident : Lionel Cahan<br \/>Responsable de la publication : Lionel Cahan<br \/>Cr\u00e9ation du site<br \/>Extra Blue Los Angeles<br \/>H\u00e9bergeur du site <br \/>Hostinger<\/p>\t\t\t\t\t\t\t\t<\/div>\n\t\t\t\t<\/div>\n\t\t\t\t<div class=\"elementor-element elementor-element-7b7e8e9 elementor-widget elementor-widget-text-editor\" data-id=\"7b7e8e9\" data-element_type=\"widget\" data-widget_type=\"text-editor.default\">\n\t\t\t\t<div class=\"elementor-widget-container\">\n\t\t\t\t\t\t\t\t\t<p><strong>Droit de propri\u00e9t\u00e9 intellectuelle<br \/><br \/><\/strong>Articles L 111-1 et suivants du code de la propri\u00e9t\u00e9 intellectuelle Wood and Beauty vous informe que le site est une \u0153uvre prot\u00e9g\u00e9e, \u00e0 ce titre Wood and Beauty est titulaire des droits d\u2019auteurs existants sur chacune des pages constituant le site, sur son arborescence ainsi que sur chacun des \u00e9l\u00e9ments y figurant (photographies, textes\u2026). A ce titre, nous vous rappelons que toute utilisation ou reproduction d\u2019un quelconque \u00e9l\u00e9ment du site est strictement interdite sans autorisation pr\u00e9alable de la part de Wood and Beauty S.A.S.<br \/><br \/>De plus, Wood and Beauty S.A.S n\u2019est pas propri\u00e9taire de tous les visuels\/photos produits et logos pr\u00e9sents sur le site. <br \/><br \/>Ces \u00e9l\u00e9ments sont utilis\u00e9s sur le site en accord avec les marques \/ fabricants partenaires et agence de communication qui en d\u00e9tiennent les droits.<br \/><br \/>\u00ab La loi du 11 mars 1957, n'autorisant, au terme des alin\u00e9as 2 et 3 de l'article 41, d'une part, que \"les copies ou reproductions strictement r\u00e9serv\u00e9es \u00e0 l'usage priv\u00e9 du copiste et non destin\u00e9s \u00e0 une utilisation collective\", et, d'autres part, que les analyses et les courtes citations dans un but d'exemple et d'illustration, \"toute repr\u00e9sentation ou reproduction, int\u00e9grale ou partielle, faite sans le consentement de l'auteur ou de ses ayants droit ou ayant cause, est illicite\" (alin\u00e9a premier de l'article 40). Cette repr\u00e9sentation ou reproduction, constituerait donc une contrefa\u00e7on sanctionn\u00e9e par les articles 425 et suivants du Code P\u00e9nal. \u00bb<br \/><br \/><strong>Responsable de publication : Lionel Cahan <\/strong><br \/><strong>Exclusion de responsabilit\u00e9<br \/><\/strong>Wood and Beauty S.A.S. n'offre aucune garantie concernant les informations et\/ou \u00e9l\u00e9ments accessibles via www.woodandbeauty.com, ni que ces informations soient exemptes de virus ou d'\u00e9l\u00e9ments nuisibles pour l'utilisateur.<strong><br \/><\/strong>L'utilisateur du site www.woodandbeauty.com assume tous les co\u00fbts et risques li\u00e9s \u00e0 son utilisation.<br \/>Wood and Beauty S.A.S. ne pourra en aucun cas \u00eatre tenue responsable des dommages directs, indirects et\/ou autres r\u00e9sultant de l'utilisation ou du fonctionnement du site www.woodandbeauty.com.<br \/><br \/><strong>Loi applicable et juridiction comp\u00e9tente<\/strong><br \/>Les pr\u00e9sentes mentions l\u00e9gales sont r\u00e9gies par le droit fran\u00e7ais, \u00e0 l'exclusion de toute autre loi. Tout litige relatif \u00e0 ce site web ou aux pr\u00e9sentes mentions l\u00e9gales sera soumis \u00e0 la comp\u00e9tence exclusive des tribunaux fran\u00e7ais.<\/p>\t\t\t\t\t\t\t\t<\/div>\n\t\t\t\t<\/div>\n\t\t\t\t\t<\/div>\n\t\t\t\t<\/div>\n\t\t\t\t<\/div>","protected":false},"excerpt":{"rendered":"<p>LEGAL MENTIONS Soci\u00e9t\u00e9 : Wood and BeautyNom commercial : Wood and BeautyS.A.S au capital de 5000 eurosSi\u00e8ge Social : Rue de la val\u00e9e d\u2019Auge, 14800 TouquesRCS Lisieux : 928832070N\u00b0 de TVA : FR17928832070Siret : 928 832 070 00025Code APE : 4647ZTel : 33 (1) 2 14 74 98 80Pr\u00e9sident : Lionel CahanResponsable de la publication : Lionel CahanCr\u00e9ation du siteExtra\u2026<\/p>","protected":false},"author":2,"featured_media":0,"parent":0,"menu_order":0,"comment_status":"closed","ping_status":"closed","template":"","meta":{"footnotes":""},"class_list":["post-6866","page","type-page","status-publish","hentry"],"_links":{"self":[{"href":"https:\/\/woodandbeauty.com\/fr\/wp-json\/wp\/v2\/pages\/6866","targetHints":{"allow":["GET"]}}],"collection":[{"href":"https:\/\/woodandbeauty.com\/fr\/wp-json\/wp\/v2\/pages"}],"about":[{"href":"https:\/\/woodandbeauty.com\/fr\/wp-json\/wp\/v2\/types\/page"}],"author":[{"embeddable":true,"href":"https:\/\/woodandbeauty.com\/fr\/wp-json\/wp\/v2\/users\/2"}],"replies":[{"embeddable":true,"href":"https:\/\/woodandbeauty.com\/fr\/wp-json\/wp\/v2\/comments?post=6866"}],"version-history":[{"count":34,"href":"https:\/\/woodandbeauty.com\/fr\/wp-json\/wp\/v2\/pages\/6866\/revisions"}],"predecessor-version":[{"id":6912,"href":"https:\/\/woodandbeauty.com\/fr\/wp-json\/wp\/v2\/pages\/6866\/revisions\/6912"}],"wp:attachment":[{"href":"https:\/\/woodandbeauty.com\/fr\/wp-json\/wp\/v2\/media?parent=6866"}],"curies":[{"name":"wp","href":"https:\/\/api.w.org\/{rel}","templated":true}]}}