{"id":89,"date":"2021-11-22T10:10:12","date_gmt":"2021-11-22T10:10:12","guid":{"rendered":"https:\/\/vedbo.demo4wp.com\/?page_id=89"},"modified":"2025-11-21T16:05:10","modified_gmt":"2025-11-21T16:05:10","slug":"about-us","status":"publish","type":"page","link":"https:\/\/woodandbeauty.com\/fr\/about-us\/","title":{"rendered":"A PROPOS\nDE NOUS"},"content":{"rendered":"<div data-elementor-type=\"wp-page\" data-elementor-id=\"89\" class=\"elementor elementor-89\" data-elementor-settings=\"{&quot;ha_cmc_init_switcher&quot;:&quot;no&quot;}\">\n\t\t\t\t\t\t<section class=\"elementor-section elementor-top-section elementor-element elementor-element-c35d826 elementor-section-content-middle elementor-section-boxed elementor-section-height-default elementor-section-height-default wpr-particle-no wpr-jarallax-no wpr-parallax-no wpr-sticky-section-no\" data-id=\"c35d826\" data-element_type=\"section\" data-settings=\"{&quot;background_background&quot;:&quot;classic&quot;,&quot;_ha_eqh_enable&quot;:false}\">\n\t\t\t\t\t\t\t<div class=\"elementor-background-overlay\"><\/div>\n\t\t\t\t\t\t\t<div class=\"elementor-container elementor-column-gap-default\">\n\t\t\t\t\t<div class=\"elementor-column elementor-col-50 elementor-top-column elementor-element elementor-element-0333901 kitify-col-width-auto-no kitify-disable-relative-no\" data-id=\"0333901\" data-element_type=\"column\">\n\t\t\t<div class=\"elementor-widget-wrap elementor-element-populated\">\n\t\t\t\t\t\t<div class=\"elementor-element elementor-element-1eb6f7b elementor-widget elementor-widget-image\" data-id=\"1eb6f7b\" data-element_type=\"widget\" data-widget_type=\"image.default\">\n\t\t\t\t<div class=\"elementor-widget-container\">\n\t\t\t\t\t\t\t\t\t\t\t\t\t\t\t<img fetchpriority=\"high\" decoding=\"async\" width=\"1706\" height=\"2560\" src=\"https:\/\/woodandbeauty.com\/wp-content\/uploads\/2025\/08\/img654-scaled.jpg\" class=\"attachment-full size-full wp-image-5792 wvs-archive-product-image\" alt=\"\" srcset=\"https:\/\/woodandbeauty.com\/wp-content\/uploads\/2025\/08\/img654-scaled.jpg 1706w, https:\/\/woodandbeauty.com\/wp-content\/uploads\/2025\/08\/img654-200x300.jpg 200w, https:\/\/woodandbeauty.com\/wp-content\/uploads\/2025\/08\/img654-683x1024.jpg 683w, https:\/\/woodandbeauty.com\/wp-content\/uploads\/2025\/08\/img654-768x1152.jpg 768w, https:\/\/woodandbeauty.com\/wp-content\/uploads\/2025\/08\/img654-1024x1536.jpg 1024w, https:\/\/woodandbeauty.com\/wp-content\/uploads\/2025\/08\/img654-1365x2048.jpg 1365w, https:\/\/woodandbeauty.com\/wp-content\/uploads\/2025\/08\/img654-1000x1500.jpg 1000w\" sizes=\"(max-width: 1706px) 100vw, 1706px\" \/>\t\t\t\t\t\t\t\t\t\t\t\t\t\t\t<\/div>\n\t\t\t\t<\/div>\n\t\t\t\t\t<\/div>\n\t\t<\/div>\n\t\t\t\t<div class=\"elementor-column elementor-col-50 elementor-top-column elementor-element elementor-element-f637c15 kitify-col-width-auto-no kitify-disable-relative-no\" data-id=\"f637c15\" data-element_type=\"column\">\n\t\t\t<div class=\"elementor-widget-wrap elementor-element-populated\">\n\t\t\t\t\t\t<div class=\"elementor-element elementor-element-e6ffdda elementor-widget elementor-widget-heading\" data-id=\"e6ffdda\" data-element_type=\"widget\" data-widget_type=\"heading.default\">\n\t\t\t\t<div class=\"elementor-widget-container\">\n\t\t\t\t\t<h2 class=\"elementor-heading-title elementor-size-default\">La NATURE Indon\u00e9sienne\n en H\u00c9RITAGE...\n<\/h2>\t\t\t\t<\/div>\n\t\t\t\t<\/div>\n\t\t\t\t<div class=\"elementor-element elementor-element-ab92659 elementor-widget elementor-widget-text-editor\" data-id=\"ab92659\" data-element_type=\"widget\" data-widget_type=\"text-editor.default\">\n\t\t\t\t<div class=\"elementor-widget-container\">\n\t\t\t\t\t\t\t\t\t<p>\u00a0 \u00a0 \u00a0 \u00a0 \u00a0 \u00a0 \u00a0 \u00a0 \u00a0 \u00a0 Bienvenue dans l'univers Wood &amp; Beauty. Nous nous d\u00e9dions \u00e0 faire connaitre le savoir-faire d'artisans passionn\u00e9s et passionnants. C'est avec ferveur et enthousiasme que nous laisserons ici une empreinte cr\u00e9ative, prenant sa source dans la beaut\u00e9 et la puret\u00e9 d'une nature indon\u00e9sienne luxuriante.<\/p><p>Nos voyages, nos rencontres avec le peuple indon\u00e9sien, nous ont amen\u00e9s \u00e0 d\u00e9couvrir un macrocosme foisonnant, o\u00f9 l'artisanat d'Art r\u00e9unit celles et ceux en qu\u00eate d'exceptionnel, du geste initial \u00e0 la touche finale qui sublime un espace \u00e0 vivre.<\/p><p>Restez connect\u00e9s pour d\u00e9couvrir, au fil du temps, sculptures et collections de mobiliers outdoor &amp; indoor, employant des essences rares de bois exotiques. Des collections au sein desquelles reposent habilet\u00e9, ing\u00e9niosit\u00e9, \u00e9l\u00e9gance et raffinement.<\/p>\t\t\t\t\t\t\t\t<\/div>\n\t\t\t\t<\/div>\n\t\t\t\t<div class=\"elementor-element elementor-element-d13d58f elementor-widget elementor-widget-heading\" data-id=\"d13d58f\" data-element_type=\"widget\" data-widget_type=\"heading.default\">\n\t\t\t\t<div class=\"elementor-widget-container\">\n\t\t\t\t\t<h2 class=\"elementor-heading-title elementor-size-default\"> Annick &amp; Lionel Cahan\n<\/h2>\t\t\t\t<\/div>\n\t\t\t\t<\/div>\n\t\t\t\t<div class=\"elementor-element elementor-element-826afb3 elementor-widget elementor-widget-heading\" data-id=\"826afb3\" data-element_type=\"widget\" data-widget_type=\"heading.default\">\n\t\t\t\t<div class=\"elementor-widget-container\">\n\t\t\t\t\t<h2 class=\"elementor-heading-title elementor-size-default\"> Fondateurs de Wood &amp; Beauty\n<\/h2>\t\t\t\t<\/div>\n\t\t\t\t<\/div>\n\t\t\t\t<div class=\"elementor-element elementor-element-3686841 elementor-widget elementor-widget-heading\" data-id=\"3686841\" data-element_type=\"widget\" data-widget_type=\"heading.default\">\n\t\t\t\t<div class=\"elementor-widget-container\">\n\t\t\t\t\t<h2 class=\"elementor-heading-title elementor-size-default\">\u00ae 2024<\/h2>\t\t\t\t<\/div>\n\t\t\t\t<\/div>\n\t\t\t\t\t<\/div>\n\t\t<\/div>\n\t\t\t\t\t<\/div>\n\t\t<\/section>\n\t\t\t\t<\/div>","protected":false},"excerpt":{"rendered":"<p>Indonesian NATURE as a HERITAGE&#8230; \u00a0 \u00a0 \u00a0 \u00a0 \u00a0 \u00a0 \u00a0 \u00a0 \u00a0 \u00a0 Welcome to the world of Wood &amp; Beauty. We are dedicated to showcasing the talent of passionate and inspiring artisans. With fervor and enthusiasm, we leave here a creative mark, rooted in the beauty and purity of Indonesia\u2019s lush nature. Our travels and encounters with\u2026<\/p>","protected":false},"author":2,"featured_media":0,"parent":0,"menu_order":0,"comment_status":"closed","ping_status":"closed","template":"elementor_header_footer","meta":{"footnotes":""},"class_list":["post-89","page","type-page","status-publish","hentry"],"_links":{"self":[{"href":"https:\/\/woodandbeauty.com\/fr\/wp-json\/wp\/v2\/pages\/89","targetHints":{"allow":["GET"]}}],"collection":[{"href":"https:\/\/woodandbeauty.com\/fr\/wp-json\/wp\/v2\/pages"}],"about":[{"href":"https:\/\/woodandbeauty.com\/fr\/wp-json\/wp\/v2\/types\/page"}],"author":[{"embeddable":true,"href":"https:\/\/woodandbeauty.com\/fr\/wp-json\/wp\/v2\/users\/2"}],"replies":[{"embeddable":true,"href":"https:\/\/woodandbeauty.com\/fr\/wp-json\/wp\/v2\/comments?post=89"}],"version-history":[{"count":31,"href":"https:\/\/woodandbeauty.com\/fr\/wp-json\/wp\/v2\/pages\/89\/revisions"}],"predecessor-version":[{"id":6976,"href":"https:\/\/woodandbeauty.com\/fr\/wp-json\/wp\/v2\/pages\/89\/revisions\/6976"}],"wp:attachment":[{"href":"https:\/\/woodandbeauty.com\/fr\/wp-json\/wp\/v2\/media?parent=89"}],"curies":[{"name":"wp","href":"https:\/\/api.w.org\/{rel}","templated":true}]}}