{"id":4742,"date":"2025-07-26T15:39:46","date_gmt":"2025-07-26T15:39:46","guid":{"rendered":"https:\/\/woodandbeauty.com\/?post_type=product&#038;p=4742"},"modified":"2025-10-20T20:02:43","modified_gmt":"2025-10-20T20:02:43","slug":"desire-marrakech-dinning-set","status":"publish","type":"product","link":"https:\/\/woodandbeauty.com\/fr\/produit\/desire-marrakech-dinning-set\/","title":{"rendered":"Desire &#038; Marrakech Dinning Set"},"content":{"rendered":"<p>L'ensemble de salle \u00e0 manger Desire &amp; Marrakech allie charme classique et \u00e9l\u00e9gance moderne, offrant un \u00e9quilibre parfait entre style et fonctionnalit\u00e9 pour les espaces de restauration d'aujourd'hui. Con\u00e7u pour allier confort et esth\u00e9tique, cet ensemble magnifiquement con\u00e7u sublimera n'importe quelle salle \u00e0 manger gr\u00e2ce \u00e0 ses d\u00e9tails raffin\u00e9s et son allure intemporelle.<\/p>","protected":false},"excerpt":{"rendered":"<p><strong> MATERIAU<\/strong> 100% premium Teck Massif<br \/>\nDisponible En Plusieurs Finitions<br \/>\nDimensions Speciales sur Demande<\/p>","protected":false},"featured_media":4970,"comment_status":"open","ping_status":"closed","template":"","meta":[],"product_brand":[],"product_cat":[75,65,70],"product_tag":[],"class_list":{"0":"post-4742","1":"product","2":"type-product","3":"status-publish","4":"has-post-thumbnail","6":"product_cat-dinning-set","7":"product_cat-desire-collection","8":"product_cat-the-marrakech-line-collection","10":"first","11":"instock","12":"shipping-taxable","13":"product-type-simple"},"_links":{"self":[{"href":"https:\/\/woodandbeauty.com\/fr\/wp-json\/wp\/v2\/product\/4742","targetHints":{"allow":["GET"]}}],"collection":[{"href":"https:\/\/woodandbeauty.com\/fr\/wp-json\/wp\/v2\/product"}],"about":[{"href":"https:\/\/woodandbeauty.com\/fr\/wp-json\/wp\/v2\/types\/product"}],"replies":[{"embeddable":true,"href":"https:\/\/woodandbeauty.com\/fr\/wp-json\/wp\/v2\/comments?post=4742"}],"wp:featuredmedia":[{"embeddable":true,"href":"https:\/\/woodandbeauty.com\/fr\/wp-json\/wp\/v2\/media\/4970"}],"wp:attachment":[{"href":"https:\/\/woodandbeauty.com\/fr\/wp-json\/wp\/v2\/media?parent=4742"}],"wp:term":[{"taxonomy":"product_brand","embeddable":true,"href":"https:\/\/woodandbeauty.com\/fr\/wp-json\/wp\/v2\/product_brand?post=4742"},{"taxonomy":"product_cat","embeddable":true,"href":"https:\/\/woodandbeauty.com\/fr\/wp-json\/wp\/v2\/product_cat?post=4742"},{"taxonomy":"product_tag","embeddable":true,"href":"https:\/\/woodandbeauty.com\/fr\/wp-json\/wp\/v2\/product_tag?post=4742"}],"curies":[{"name":"wp","href":"https:\/\/api.w.org\/{rel}","templated":true}]}}