{"id":4982,"date":"2025-07-27T15:38:44","date_gmt":"2025-07-27T15:38:44","guid":{"rendered":"https:\/\/woodandbeauty.com\/?post_type=product&#038;p=4982"},"modified":"2025-10-20T20:06:27","modified_gmt":"2025-10-20T20:06:27","slug":"desire-day-bed","status":"publish","type":"product","link":"https:\/\/woodandbeauty.com\/fr\/produit\/desire-day-bed\/","title":{"rendered":"Desire Day Bed"},"content":{"rendered":"<p>Le lit de repos Desire allie parfaitement d\u00e9tente et style, id\u00e9al pour se d\u00e9tendre \u00e0 l'int\u00e9rieur comme \u00e0 l'ext\u00e9rieur. Avec son cadre \u00e9l\u00e9gant et son rembourrage moelleux, ce lit de repos apporte une touche de luxe \u00e0 tout espace tout en offrant un confort exceptionnel pour se reposer ou recevoir.<\/p>","protected":false},"excerpt":{"rendered":"<p><strong> MATERIAU<\/strong> 100% premium Teck Massif<br \/>\nDisponible En Plusieurs Finitions<br \/>\nDimensions Speciales sur Demande<\/p>","protected":false},"featured_media":4983,"comment_status":"open","ping_status":"closed","template":"","meta":[],"product_brand":[],"product_cat":[76,65],"product_tag":[],"class_list":{"0":"post-4982","1":"product","2":"type-product","3":"status-publish","4":"has-post-thumbnail","6":"product_cat-day-bed","7":"product_cat-desire-collection","9":"first","10":"instock","11":"shipping-taxable","12":"product-type-simple"},"_links":{"self":[{"href":"https:\/\/woodandbeauty.com\/fr\/wp-json\/wp\/v2\/product\/4982","targetHints":{"allow":["GET"]}}],"collection":[{"href":"https:\/\/woodandbeauty.com\/fr\/wp-json\/wp\/v2\/product"}],"about":[{"href":"https:\/\/woodandbeauty.com\/fr\/wp-json\/wp\/v2\/types\/product"}],"replies":[{"embeddable":true,"href":"https:\/\/woodandbeauty.com\/fr\/wp-json\/wp\/v2\/comments?post=4982"}],"wp:featuredmedia":[{"embeddable":true,"href":"https:\/\/woodandbeauty.com\/fr\/wp-json\/wp\/v2\/media\/4983"}],"wp:attachment":[{"href":"https:\/\/woodandbeauty.com\/fr\/wp-json\/wp\/v2\/media?parent=4982"}],"wp:term":[{"taxonomy":"product_brand","embeddable":true,"href":"https:\/\/woodandbeauty.com\/fr\/wp-json\/wp\/v2\/product_brand?post=4982"},{"taxonomy":"product_cat","embeddable":true,"href":"https:\/\/woodandbeauty.com\/fr\/wp-json\/wp\/v2\/product_cat?post=4982"},{"taxonomy":"product_tag","embeddable":true,"href":"https:\/\/woodandbeauty.com\/fr\/wp-json\/wp\/v2\/product_tag?post=4982"}],"curies":[{"name":"wp","href":"https:\/\/api.w.org\/{rel}","templated":true}]}}