{"id":5000,"date":"2025-07-27T15:50:03","date_gmt":"2025-07-27T15:50:03","guid":{"rendered":"https:\/\/woodandbeauty.com\/?post_type=product&#038;p=5000"},"modified":"2025-10-20T20:09:30","modified_gmt":"2025-10-20T20:09:30","slug":"desire-oval-coffee-table","status":"publish","type":"product","link":"https:\/\/woodandbeauty.com\/fr\/produit\/desire-oval-coffee-table\/","title":{"rendered":"Desire Oval Coffee Table"},"content":{"rendered":"<p>La table basse ovale Desire allie \u00e9l\u00e9gance moderne et lignes douces \u00e0 une finition raffin\u00e9e, conf\u00e9rant \u00e0 tout espace de vie une touche d'\u00e9l\u00e9gance. Con\u00e7ue pour allier forme et fonctionnalit\u00e9, elle offre une surface \u00e9l\u00e9gante, id\u00e9ale pour la d\u00e9coration ou un usage quotidien, tout en apportant une touche de sophistication \u00e0 votre pi\u00e8ce.<\/p>","protected":false},"excerpt":{"rendered":"<p><strong> MATERIAU<\/strong> 100% premium Teck Massif<br \/>\nDisponible En Plusieurs Finitions<br \/>\nDimensions Speciales sur Demande<\/p>","protected":false},"featured_media":5002,"comment_status":"open","ping_status":"closed","template":"","meta":[],"product_brand":[],"product_cat":[53,65],"product_tag":[],"class_list":{"0":"post-5000","1":"product","2":"type-product","3":"status-publish","4":"has-post-thumbnail","6":"product_cat-coffee-tables","7":"product_cat-desire-collection","9":"first","10":"instock","11":"shipping-taxable","12":"product-type-simple"},"_links":{"self":[{"href":"https:\/\/woodandbeauty.com\/fr\/wp-json\/wp\/v2\/product\/5000","targetHints":{"allow":["GET"]}}],"collection":[{"href":"https:\/\/woodandbeauty.com\/fr\/wp-json\/wp\/v2\/product"}],"about":[{"href":"https:\/\/woodandbeauty.com\/fr\/wp-json\/wp\/v2\/types\/product"}],"replies":[{"embeddable":true,"href":"https:\/\/woodandbeauty.com\/fr\/wp-json\/wp\/v2\/comments?post=5000"}],"wp:featuredmedia":[{"embeddable":true,"href":"https:\/\/woodandbeauty.com\/fr\/wp-json\/wp\/v2\/media\/5002"}],"wp:attachment":[{"href":"https:\/\/woodandbeauty.com\/fr\/wp-json\/wp\/v2\/media?parent=5000"}],"wp:term":[{"taxonomy":"product_brand","embeddable":true,"href":"https:\/\/woodandbeauty.com\/fr\/wp-json\/wp\/v2\/product_brand?post=5000"},{"taxonomy":"product_cat","embeddable":true,"href":"https:\/\/woodandbeauty.com\/fr\/wp-json\/wp\/v2\/product_cat?post=5000"},{"taxonomy":"product_tag","embeddable":true,"href":"https:\/\/woodandbeauty.com\/fr\/wp-json\/wp\/v2\/product_tag?post=5000"}],"curies":[{"name":"wp","href":"https:\/\/api.w.org\/{rel}","templated":true}]}}