{"id":5006,"date":"2025-07-27T15:53:18","date_gmt":"2025-07-27T15:53:18","guid":{"rendered":"https:\/\/woodandbeauty.com\/?post_type=product&#038;p=5006"},"modified":"2025-10-20T20:10:07","modified_gmt":"2025-10-20T20:10:07","slug":"desire-oval-side-table","status":"publish","type":"product","link":"https:\/\/woodandbeauty.com\/fr\/produit\/desire-oval-side-table\/","title":{"rendered":"Desire Oval Side Table"},"content":{"rendered":"<p>La table d'appoint ovale Desire pr\u00e9sente un design \u00e9pur\u00e9 et moderne qui apporte une touche d'\u00e9l\u00e9gance \u00e0 n'importe quelle pi\u00e8ce. Ses courbes douces et sa forme compacte la rendent id\u00e9ale \u00e0 c\u00f4t\u00e9 d'un canap\u00e9 ou d'un fauteuil, alliant style et fonctionnalit\u00e9 dans une pi\u00e8ce raffin\u00e9e.<\/p>","protected":false},"excerpt":{"rendered":"<p><strong> MATERIAU<\/strong> 100% premium Teck Massif<br \/>\nDisponible En Plusieurs Finitions<br \/>\nDimensions Speciales sur Demande<\/p>","protected":false},"featured_media":5129,"comment_status":"open","ping_status":"closed","template":"","meta":[],"product_brand":[],"product_cat":[54,65],"product_tag":[],"class_list":{"0":"post-5006","1":"product","2":"type-product","3":"status-publish","4":"has-post-thumbnail","6":"product_cat-side-tables","7":"product_cat-desire-collection","9":"first","10":"instock","11":"shipping-taxable","12":"product-type-simple"},"_links":{"self":[{"href":"https:\/\/woodandbeauty.com\/fr\/wp-json\/wp\/v2\/product\/5006","targetHints":{"allow":["GET"]}}],"collection":[{"href":"https:\/\/woodandbeauty.com\/fr\/wp-json\/wp\/v2\/product"}],"about":[{"href":"https:\/\/woodandbeauty.com\/fr\/wp-json\/wp\/v2\/types\/product"}],"replies":[{"embeddable":true,"href":"https:\/\/woodandbeauty.com\/fr\/wp-json\/wp\/v2\/comments?post=5006"}],"wp:featuredmedia":[{"embeddable":true,"href":"https:\/\/woodandbeauty.com\/fr\/wp-json\/wp\/v2\/media\/5129"}],"wp:attachment":[{"href":"https:\/\/woodandbeauty.com\/fr\/wp-json\/wp\/v2\/media?parent=5006"}],"wp:term":[{"taxonomy":"product_brand","embeddable":true,"href":"https:\/\/woodandbeauty.com\/fr\/wp-json\/wp\/v2\/product_brand?post=5006"},{"taxonomy":"product_cat","embeddable":true,"href":"https:\/\/woodandbeauty.com\/fr\/wp-json\/wp\/v2\/product_cat?post=5006"},{"taxonomy":"product_tag","embeddable":true,"href":"https:\/\/woodandbeauty.com\/fr\/wp-json\/wp\/v2\/product_tag?post=5006"}],"curies":[{"name":"wp","href":"https:\/\/api.w.org\/{rel}","templated":true}]}}