{"id":5009,"date":"2025-07-27T15:56:11","date_gmt":"2025-07-27T15:56:11","guid":{"rendered":"https:\/\/woodandbeauty.com\/?post_type=product&#038;p=5009"},"modified":"2025-10-20T20:10:58","modified_gmt":"2025-10-20T20:10:58","slug":"desire-set","status":"publish","type":"product","link":"https:\/\/woodandbeauty.com\/fr\/produit\/desire-set\/","title":{"rendered":"Desire Set"},"content":{"rendered":"<p>L'ensemble Desire allie \u00e9l\u00e9gance, confort et design moderne pour cr\u00e9er un style harmonieux et \u00e9l\u00e9gant pour tout espace de vie. Compos\u00e9 de pi\u00e8ces magnifiquement travaill\u00e9es aux lignes \u00e9pur\u00e9es et aux assises moelleuses, cet ensemble allie parfaitement forme et fonctionnalit\u00e9, id\u00e9al pour recevoir ou se d\u00e9tendre dans un style raffin\u00e9.<\/p>","protected":false},"excerpt":{"rendered":"<p><strong> MATERIAU<\/strong> 100% premium Teck Massif<br \/>\nDisponible En Plusieurs Finitions<br \/>\nDimensions Speciales sur Demande<\/p>","protected":false},"featured_media":5125,"comment_status":"open","ping_status":"closed","template":"","meta":[],"product_brand":[],"product_cat":[65],"product_tag":[],"class_list":{"0":"post-5009","1":"product","2":"type-product","3":"status-publish","4":"has-post-thumbnail","6":"product_cat-desire-collection","8":"first","9":"instock","10":"shipping-taxable","11":"product-type-simple"},"_links":{"self":[{"href":"https:\/\/woodandbeauty.com\/fr\/wp-json\/wp\/v2\/product\/5009","targetHints":{"allow":["GET"]}}],"collection":[{"href":"https:\/\/woodandbeauty.com\/fr\/wp-json\/wp\/v2\/product"}],"about":[{"href":"https:\/\/woodandbeauty.com\/fr\/wp-json\/wp\/v2\/types\/product"}],"replies":[{"embeddable":true,"href":"https:\/\/woodandbeauty.com\/fr\/wp-json\/wp\/v2\/comments?post=5009"}],"wp:featuredmedia":[{"embeddable":true,"href":"https:\/\/woodandbeauty.com\/fr\/wp-json\/wp\/v2\/media\/5125"}],"wp:attachment":[{"href":"https:\/\/woodandbeauty.com\/fr\/wp-json\/wp\/v2\/media?parent=5009"}],"wp:term":[{"taxonomy":"product_brand","embeddable":true,"href":"https:\/\/woodandbeauty.com\/fr\/wp-json\/wp\/v2\/product_brand?post=5009"},{"taxonomy":"product_cat","embeddable":true,"href":"https:\/\/woodandbeauty.com\/fr\/wp-json\/wp\/v2\/product_cat?post=5009"},{"taxonomy":"product_tag","embeddable":true,"href":"https:\/\/woodandbeauty.com\/fr\/wp-json\/wp\/v2\/product_tag?post=5009"}],"curies":[{"name":"wp","href":"https:\/\/api.w.org\/{rel}","templated":true}]}}