{"id":5015,"date":"2025-07-27T15:59:57","date_gmt":"2025-07-27T15:59:57","guid":{"rendered":"https:\/\/woodandbeauty.com\/?post_type=product&#038;p=5015"},"modified":"2025-10-20T20:11:40","modified_gmt":"2025-10-20T20:11:40","slug":"desire-sofa-3-seater","status":"publish","type":"product","link":"https:\/\/woodandbeauty.com\/fr\/produit\/desire-sofa-3-seater\/","title":{"rendered":"Desire Sofa 3 Seater"},"content":{"rendered":"<p>Le canap\u00e9 Desire 3 places allie design contemporain et confort luxueux, id\u00e9al pour les espaces de vie modernes. Avec ses lignes \u00e9pur\u00e9es et ses coussins moelleux, ce canap\u00e9 spacieux allie style et d\u00e9tente, devenant ainsi la pi\u00e8ce ma\u00eetresse raffin\u00e9e de toute pi\u00e8ce.<\/p>","protected":false},"excerpt":{"rendered":"<p><strong> MATERIAU<\/strong> 100% premium Teck Massif<br \/>\nDisponible En Plusieurs Finitions<br \/>\nDimensions Speciales sur Demande<\/p>","protected":false},"featured_media":5124,"comment_status":"open","ping_status":"closed","template":"","meta":[],"product_brand":[],"product_cat":[49,65],"product_tag":[],"class_list":{"0":"post-5015","1":"product","2":"type-product","3":"status-publish","4":"has-post-thumbnail","6":"product_cat-sofas","7":"product_cat-desire-collection","9":"first","10":"instock","11":"shipping-taxable","12":"product-type-simple"},"_links":{"self":[{"href":"https:\/\/woodandbeauty.com\/fr\/wp-json\/wp\/v2\/product\/5015","targetHints":{"allow":["GET"]}}],"collection":[{"href":"https:\/\/woodandbeauty.com\/fr\/wp-json\/wp\/v2\/product"}],"about":[{"href":"https:\/\/woodandbeauty.com\/fr\/wp-json\/wp\/v2\/types\/product"}],"replies":[{"embeddable":true,"href":"https:\/\/woodandbeauty.com\/fr\/wp-json\/wp\/v2\/comments?post=5015"}],"wp:featuredmedia":[{"embeddable":true,"href":"https:\/\/woodandbeauty.com\/fr\/wp-json\/wp\/v2\/media\/5124"}],"wp:attachment":[{"href":"https:\/\/woodandbeauty.com\/fr\/wp-json\/wp\/v2\/media?parent=5015"}],"wp:term":[{"taxonomy":"product_brand","embeddable":true,"href":"https:\/\/woodandbeauty.com\/fr\/wp-json\/wp\/v2\/product_brand?post=5015"},{"taxonomy":"product_cat","embeddable":true,"href":"https:\/\/woodandbeauty.com\/fr\/wp-json\/wp\/v2\/product_cat?post=5015"},{"taxonomy":"product_tag","embeddable":true,"href":"https:\/\/woodandbeauty.com\/fr\/wp-json\/wp\/v2\/product_tag?post=5015"}],"curies":[{"name":"wp","href":"https:\/\/api.w.org\/{rel}","templated":true}]}}