{"id":5130,"date":"2025-08-01T19:27:26","date_gmt":"2025-08-01T19:27:26","guid":{"rendered":"https:\/\/woodandbeauty.com\/?post_type=product&#038;p=5130"},"modified":"2026-04-09T09:50:29","modified_gmt":"2026-04-09T09:50:29","slug":"desire-sarah-bar-set","status":"publish","type":"product","link":"https:\/\/woodandbeauty.com\/fr\/produit\/desire-sarah-bar-set\/","title":{"rendered":"Desire &#038; Sarah Bar Set"},"content":{"rendered":"<p>L'ensemble de bar Desire &amp; Sarah allie design chic et \u00e9l\u00e9gance fonctionnelle, cr\u00e9ant un espace \u00e9l\u00e9gant pour un ap\u00e9ritif d\u00e9contract\u00e9 ou une r\u00e9ception. Avec ses lignes modernes et ses assises confortables, cet ensemble \u00e9l\u00e9gant apporte une touche de sophistication aux cuisines, terrasses ou bars.<\/p>","protected":false},"excerpt":{"rendered":"<p><strong> MATERIAU<\/strong> 100% premium Teck Massif<br \/>\nDisponible En Plusieurs Finitions<br \/>\nDimensions Speciales sur Demande<\/p>","protected":false},"featured_media":5178,"comment_status":"open","ping_status":"closed","template":"","meta":[],"product_brand":[],"product_cat":[77,65,73],"product_tag":[],"class_list":{"0":"post-5130","1":"product","2":"type-product","3":"status-publish","4":"has-post-thumbnail","6":"product_cat-bar-set","7":"product_cat-desire-collection","8":"product_cat-the-new-sara-line-collection","10":"first","11":"instock","12":"shipping-taxable","13":"product-type-simple"},"_links":{"self":[{"href":"https:\/\/woodandbeauty.com\/fr\/wp-json\/wp\/v2\/product\/5130","targetHints":{"allow":["GET"]}}],"collection":[{"href":"https:\/\/woodandbeauty.com\/fr\/wp-json\/wp\/v2\/product"}],"about":[{"href":"https:\/\/woodandbeauty.com\/fr\/wp-json\/wp\/v2\/types\/product"}],"replies":[{"embeddable":true,"href":"https:\/\/woodandbeauty.com\/fr\/wp-json\/wp\/v2\/comments?post=5130"}],"wp:featuredmedia":[{"embeddable":true,"href":"https:\/\/woodandbeauty.com\/fr\/wp-json\/wp\/v2\/media\/5178"}],"wp:attachment":[{"href":"https:\/\/woodandbeauty.com\/fr\/wp-json\/wp\/v2\/media?parent=5130"}],"wp:term":[{"taxonomy":"product_brand","embeddable":true,"href":"https:\/\/woodandbeauty.com\/fr\/wp-json\/wp\/v2\/product_brand?post=5130"},{"taxonomy":"product_cat","embeddable":true,"href":"https:\/\/woodandbeauty.com\/fr\/wp-json\/wp\/v2\/product_cat?post=5130"},{"taxonomy":"product_tag","embeddable":true,"href":"https:\/\/woodandbeauty.com\/fr\/wp-json\/wp\/v2\/product_tag?post=5130"}],"curies":[{"name":"wp","href":"https:\/\/api.w.org\/{rel}","templated":true}]}}