{"id":5143,"date":"2025-08-01T20:13:59","date_gmt":"2025-08-01T20:13:59","guid":{"rendered":"https:\/\/woodandbeauty.com\/?post_type=product&#038;p=5143"},"modified":"2026-02-10T10:10:53","modified_gmt":"2026-02-10T10:10:53","slug":"desire-dining-chair-new","status":"publish","type":"product","link":"https:\/\/woodandbeauty.com\/fr\/produit\/desire-dining-chair-new\/","title":{"rendered":"Desire Dining Chair"},"content":{"rendered":"<p>La chaise de salle \u00e0 manger Desire allie \u00e9l\u00e9gance moderne et confort au quotidien, s'int\u00e9grant avec \u00e9l\u00e9gance \u00e0 tout espace repas. Avec ses lignes \u00e9pur\u00e9es et son design g\u00e9n\u00e9reux, elle sublimera vos repas d\u00e9contract\u00e9s comme vos r\u00e9ceptions formelles d'une touche de sophistication.<\/p>","protected":false},"excerpt":{"rendered":"<p><strong> MATERIAU<\/strong> 100% premium Teck Massif<br \/>\nDisponible En Plusieurs Finitions<br \/>\nDimensions Speciales sur Demande<\/p>","protected":false},"featured_media":5147,"comment_status":"open","ping_status":"closed","template":"","meta":[],"product_brand":[],"product_cat":[51,65],"product_tag":[],"class_list":{"0":"post-5143","1":"product","2":"type-product","3":"status-publish","4":"has-post-thumbnail","6":"product_cat-chairs","7":"product_cat-desire-collection","9":"first","10":"instock","11":"shipping-taxable","12":"product-type-simple"},"_links":{"self":[{"href":"https:\/\/woodandbeauty.com\/fr\/wp-json\/wp\/v2\/product\/5143","targetHints":{"allow":["GET"]}}],"collection":[{"href":"https:\/\/woodandbeauty.com\/fr\/wp-json\/wp\/v2\/product"}],"about":[{"href":"https:\/\/woodandbeauty.com\/fr\/wp-json\/wp\/v2\/types\/product"}],"replies":[{"embeddable":true,"href":"https:\/\/woodandbeauty.com\/fr\/wp-json\/wp\/v2\/comments?post=5143"}],"wp:featuredmedia":[{"embeddable":true,"href":"https:\/\/woodandbeauty.com\/fr\/wp-json\/wp\/v2\/media\/5147"}],"wp:attachment":[{"href":"https:\/\/woodandbeauty.com\/fr\/wp-json\/wp\/v2\/media?parent=5143"}],"wp:term":[{"taxonomy":"product_brand","embeddable":true,"href":"https:\/\/woodandbeauty.com\/fr\/wp-json\/wp\/v2\/product_brand?post=5143"},{"taxonomy":"product_cat","embeddable":true,"href":"https:\/\/woodandbeauty.com\/fr\/wp-json\/wp\/v2\/product_cat?post=5143"},{"taxonomy":"product_tag","embeddable":true,"href":"https:\/\/woodandbeauty.com\/fr\/wp-json\/wp\/v2\/product_tag?post=5143"}],"curies":[{"name":"wp","href":"https:\/\/api.w.org\/{rel}","templated":true}]}}