{"id":5148,"date":"2025-08-01T20:23:29","date_gmt":"2025-08-01T20:23:29","guid":{"rendered":"https:\/\/woodandbeauty.com\/?post_type=product&#038;p=5148"},"modified":"2025-11-29T13:07:08","modified_gmt":"2025-11-29T13:07:08","slug":"sarah-bar-table","status":"publish","type":"product","link":"https:\/\/woodandbeauty.com\/fr\/produit\/sarah-bar-table\/","title":{"rendered":"Sarah Bar Table"},"content":{"rendered":"<p>La table haute Sarah pr\u00e9sente un design \u00e9pur\u00e9 et contemporain qui s'int\u00e8gre parfaitement aux espaces modernes. Avec sa finition \u00e9l\u00e9gante et sa forme compacte, elle est parfaite pour les repas d\u00e9contract\u00e9s, les r\u00e9ceptions ou pour apporter une touche d'\u00e9l\u00e9gance aux coins cuisine et aux bars.<\/p>","protected":false},"excerpt":{"rendered":"<p><strong>MATERIAU<\/strong>\u00a0100% premium Teck Massif<br \/>\nDisponible En Plusieurs Finitions<br \/>\nDimensions Speciales sur Demande<\/p>","protected":false},"featured_media":5150,"comment_status":"open","ping_status":"closed","template":"","meta":[],"product_brand":[],"product_cat":[94,55,73],"product_tag":[],"class_list":{"0":"post-5148","1":"product","2":"type-product","3":"status-publish","4":"has-post-thumbnail","6":"product_cat-bar-table","7":"product_cat-tables","8":"product_cat-the-new-sara-line-collection","10":"first","11":"instock","12":"shipping-taxable","13":"product-type-simple"},"_links":{"self":[{"href":"https:\/\/woodandbeauty.com\/fr\/wp-json\/wp\/v2\/product\/5148","targetHints":{"allow":["GET"]}}],"collection":[{"href":"https:\/\/woodandbeauty.com\/fr\/wp-json\/wp\/v2\/product"}],"about":[{"href":"https:\/\/woodandbeauty.com\/fr\/wp-json\/wp\/v2\/types\/product"}],"replies":[{"embeddable":true,"href":"https:\/\/woodandbeauty.com\/fr\/wp-json\/wp\/v2\/comments?post=5148"}],"wp:featuredmedia":[{"embeddable":true,"href":"https:\/\/woodandbeauty.com\/fr\/wp-json\/wp\/v2\/media\/5150"}],"wp:attachment":[{"href":"https:\/\/woodandbeauty.com\/fr\/wp-json\/wp\/v2\/media?parent=5148"}],"wp:term":[{"taxonomy":"product_brand","embeddable":true,"href":"https:\/\/woodandbeauty.com\/fr\/wp-json\/wp\/v2\/product_brand?post=5148"},{"taxonomy":"product_cat","embeddable":true,"href":"https:\/\/woodandbeauty.com\/fr\/wp-json\/wp\/v2\/product_cat?post=5148"},{"taxonomy":"product_tag","embeddable":true,"href":"https:\/\/woodandbeauty.com\/fr\/wp-json\/wp\/v2\/product_tag?post=5148"}],"curies":[{"name":"wp","href":"https:\/\/api.w.org\/{rel}","templated":true}]}}