{"id":5152,"date":"2025-08-01T20:28:30","date_gmt":"2025-08-01T20:28:30","guid":{"rendered":"https:\/\/woodandbeauty.com\/?post_type=product&#038;p=5152"},"modified":"2025-10-20T20:01:47","modified_gmt":"2025-10-20T20:01:47","slug":"desi-sun-lounger","status":"publish","type":"product","link":"https:\/\/woodandbeauty.com\/fr\/produit\/desi-sun-lounger\/","title":{"rendered":"Desi Sun Lounger"},"content":{"rendered":"<p>La chaise longue Desi allie modernit\u00e9 et confort durable, id\u00e9ale pour profiter du soleil. Avec sa structure \u00e9l\u00e9gante et son dossier r\u00e9glable, elle offre soutien et \u00e9l\u00e9gance, id\u00e9ale pour se d\u00e9tendre au bord de la piscine, dans un jardin ou dans un espace de vie ext\u00e9rieur contemporain.<\/p>","protected":false},"excerpt":{"rendered":"<p><strong> MATERIAU<\/strong> 100% premium Teck Massif<br \/>\nDisponible En Plusieurs Finitions<br \/>\nDimensions Speciales sur Demande<\/p>","protected":false},"featured_media":5832,"comment_status":"open","ping_status":"closed","template":"","meta":[],"product_brand":[],"product_cat":[90],"product_tag":[],"class_list":{"0":"post-5152","1":"product","2":"type-product","3":"status-publish","4":"has-post-thumbnail","6":"product_cat-sun-lounger","8":"first","9":"instock","10":"shipping-taxable","11":"product-type-simple"},"_links":{"self":[{"href":"https:\/\/woodandbeauty.com\/fr\/wp-json\/wp\/v2\/product\/5152","targetHints":{"allow":["GET"]}}],"collection":[{"href":"https:\/\/woodandbeauty.com\/fr\/wp-json\/wp\/v2\/product"}],"about":[{"href":"https:\/\/woodandbeauty.com\/fr\/wp-json\/wp\/v2\/types\/product"}],"replies":[{"embeddable":true,"href":"https:\/\/woodandbeauty.com\/fr\/wp-json\/wp\/v2\/comments?post=5152"}],"wp:featuredmedia":[{"embeddable":true,"href":"https:\/\/woodandbeauty.com\/fr\/wp-json\/wp\/v2\/media\/5832"}],"wp:attachment":[{"href":"https:\/\/woodandbeauty.com\/fr\/wp-json\/wp\/v2\/media?parent=5152"}],"wp:term":[{"taxonomy":"product_brand","embeddable":true,"href":"https:\/\/woodandbeauty.com\/fr\/wp-json\/wp\/v2\/product_brand?post=5152"},{"taxonomy":"product_cat","embeddable":true,"href":"https:\/\/woodandbeauty.com\/fr\/wp-json\/wp\/v2\/product_cat?post=5152"},{"taxonomy":"product_tag","embeddable":true,"href":"https:\/\/woodandbeauty.com\/fr\/wp-json\/wp\/v2\/product_tag?post=5152"}],"curies":[{"name":"wp","href":"https:\/\/api.w.org\/{rel}","templated":true}]}}