{"id":5160,"date":"2025-08-02T13:17:22","date_gmt":"2025-08-02T13:17:22","guid":{"rendered":"https:\/\/woodandbeauty.com\/?post_type=product&#038;p=5160"},"modified":"2025-10-21T13:42:15","modified_gmt":"2025-10-21T13:42:15","slug":"spark-xena-dining-set-1","status":"publish","type":"product","link":"https:\/\/woodandbeauty.com\/fr\/produit\/spark-xena-dining-set-1\/","title":{"rendered":"Spark &#038; Xena Dining Set 1"},"content":{"rendered":"<p>L'ensemble de salle \u00e0 manger Spark &amp; \u200b\u200bXena 1 allie \u00e9l\u00e9gance moderne et design pratique, offrant une pi\u00e8ce ma\u00eetresse \u00e9l\u00e9gante \u00e0 tout espace repas. Avec ses lignes \u00e9pur\u00e9es et ses assises confortables, cet ensemble raffin\u00e9 cr\u00e9e un espace convivial pour les repas quotidiens comme pour les r\u00e9ceptions.<\/p>","protected":false},"excerpt":{"rendered":"<p><strong>MATERIAU<\/strong>\u00a0100% premium Teck Massif<br \/>\nDisponible En Plusieurs Finitions<br \/>\nDimensions Speciales sur Demande<\/p>","protected":false},"featured_media":5161,"comment_status":"open","ping_status":"closed","template":"","meta":[],"product_brand":[],"product_cat":[75,83,72],"product_tag":[],"class_list":{"0":"post-5160","1":"product","2":"type-product","3":"status-publish","4":"has-post-thumbnail","6":"product_cat-dinning-set","7":"product_cat-special","8":"product_cat-the-xena-table-collection","10":"first","11":"instock","12":"shipping-taxable","13":"product-type-simple"},"_links":{"self":[{"href":"https:\/\/woodandbeauty.com\/fr\/wp-json\/wp\/v2\/product\/5160","targetHints":{"allow":["GET"]}}],"collection":[{"href":"https:\/\/woodandbeauty.com\/fr\/wp-json\/wp\/v2\/product"}],"about":[{"href":"https:\/\/woodandbeauty.com\/fr\/wp-json\/wp\/v2\/types\/product"}],"replies":[{"embeddable":true,"href":"https:\/\/woodandbeauty.com\/fr\/wp-json\/wp\/v2\/comments?post=5160"}],"wp:featuredmedia":[{"embeddable":true,"href":"https:\/\/woodandbeauty.com\/fr\/wp-json\/wp\/v2\/media\/5161"}],"wp:attachment":[{"href":"https:\/\/woodandbeauty.com\/fr\/wp-json\/wp\/v2\/media?parent=5160"}],"wp:term":[{"taxonomy":"product_brand","embeddable":true,"href":"https:\/\/woodandbeauty.com\/fr\/wp-json\/wp\/v2\/product_brand?post=5160"},{"taxonomy":"product_cat","embeddable":true,"href":"https:\/\/woodandbeauty.com\/fr\/wp-json\/wp\/v2\/product_cat?post=5160"},{"taxonomy":"product_tag","embeddable":true,"href":"https:\/\/woodandbeauty.com\/fr\/wp-json\/wp\/v2\/product_tag?post=5160"}],"curies":[{"name":"wp","href":"https:\/\/api.w.org\/{rel}","templated":true}]}}