{"id":5183,"date":"2025-08-02T14:12:31","date_gmt":"2025-08-02T14:12:31","guid":{"rendered":"https:\/\/woodandbeauty.com\/?post_type=product&#038;p=5183"},"modified":"2026-02-10T09:58:22","modified_gmt":"2026-02-10T09:58:22","slug":"new-sarah-dining-chair-2","status":"publish","type":"product","link":"https:\/\/woodandbeauty.com\/fr\/produit\/new-sarah-dining-chair-2\/","title":{"rendered":"New Sarah Dining Chair"},"content":{"rendered":"<p>La nouvelle chaise de salle \u00e0 manger Sarah allie \u00e9l\u00e9gance intemporelle et confort au quotidien, s'int\u00e9grant parfaitement \u00e0 tout espace repas. Dot\u00e9e d'une silhouette \u00e9pur\u00e9e et d'une assise confortable, cette chaise polyvalente apporte style et \u00e9l\u00e9gance aux repas, qu'ils soient formels ou informels.<\/p>","protected":false},"excerpt":{"rendered":"<p><strong>MATERIAU<\/strong>\u00a0100% premium Teck Massif<br \/>\nDisponible En Plusieurs Finitions<br \/>\nDimensions Speciales sur Demande<\/p>","protected":false},"featured_media":5185,"comment_status":"open","ping_status":"closed","template":"","meta":[],"product_brand":[],"product_cat":[51,73],"product_tag":[],"class_list":{"0":"post-5183","1":"product","2":"type-product","3":"status-publish","4":"has-post-thumbnail","6":"product_cat-chairs","7":"product_cat-the-new-sara-line-collection","9":"first","10":"instock","11":"shipping-taxable","12":"product-type-simple"},"_links":{"self":[{"href":"https:\/\/woodandbeauty.com\/fr\/wp-json\/wp\/v2\/product\/5183","targetHints":{"allow":["GET"]}}],"collection":[{"href":"https:\/\/woodandbeauty.com\/fr\/wp-json\/wp\/v2\/product"}],"about":[{"href":"https:\/\/woodandbeauty.com\/fr\/wp-json\/wp\/v2\/types\/product"}],"replies":[{"embeddable":true,"href":"https:\/\/woodandbeauty.com\/fr\/wp-json\/wp\/v2\/comments?post=5183"}],"wp:featuredmedia":[{"embeddable":true,"href":"https:\/\/woodandbeauty.com\/fr\/wp-json\/wp\/v2\/media\/5185"}],"wp:attachment":[{"href":"https:\/\/woodandbeauty.com\/fr\/wp-json\/wp\/v2\/media?parent=5183"}],"wp:term":[{"taxonomy":"product_brand","embeddable":true,"href":"https:\/\/woodandbeauty.com\/fr\/wp-json\/wp\/v2\/product_brand?post=5183"},{"taxonomy":"product_cat","embeddable":true,"href":"https:\/\/woodandbeauty.com\/fr\/wp-json\/wp\/v2\/product_cat?post=5183"},{"taxonomy":"product_tag","embeddable":true,"href":"https:\/\/woodandbeauty.com\/fr\/wp-json\/wp\/v2\/product_tag?post=5183"}],"curies":[{"name":"wp","href":"https:\/\/api.w.org\/{rel}","templated":true}]}}