{"id":5188,"date":"2025-08-02T14:15:24","date_gmt":"2025-08-02T14:15:24","guid":{"rendered":"https:\/\/woodandbeauty.com\/?post_type=product&#038;p=5188"},"modified":"2026-02-10T10:00:09","modified_gmt":"2026-02-10T10:00:09","slug":"new-spark-dining-chair","status":"publish","type":"product","link":"https:\/\/woodandbeauty.com\/fr\/produit\/new-spark-dining-chair\/","title":{"rendered":"New Spark Dining Chair"},"content":{"rendered":"<p>La chaise de salle \u00e0 manger New Spark allie simplicit\u00e9 moderne et confort et style. Ses lignes \u00e9pur\u00e9es et son design ergonomique la rendent id\u00e9ale pour les salles \u00e0 manger contemporaines, apportant une touche raffin\u00e9e aux repas du quotidien comme aux occasions sp\u00e9ciales.<\/p>","protected":false},"excerpt":{"rendered":"<p><strong>MATERIAU<\/strong>\u00a0100% premium Teck Massif<br \/>\nDisponible En Plusieurs Finitions<br \/>\nDimensions Speciales sur Demande<\/p>","protected":false},"featured_media":5190,"comment_status":"open","ping_status":"closed","template":"","meta":[],"product_brand":[],"product_cat":[51,71],"product_tag":[],"class_list":{"0":"post-5188","1":"product","2":"type-product","3":"status-publish","4":"has-post-thumbnail","6":"product_cat-chairs","7":"product_cat-the-spark-line-collection","9":"first","10":"instock","11":"shipping-taxable","12":"product-type-simple"},"_links":{"self":[{"href":"https:\/\/woodandbeauty.com\/fr\/wp-json\/wp\/v2\/product\/5188","targetHints":{"allow":["GET"]}}],"collection":[{"href":"https:\/\/woodandbeauty.com\/fr\/wp-json\/wp\/v2\/product"}],"about":[{"href":"https:\/\/woodandbeauty.com\/fr\/wp-json\/wp\/v2\/types\/product"}],"replies":[{"embeddable":true,"href":"https:\/\/woodandbeauty.com\/fr\/wp-json\/wp\/v2\/comments?post=5188"}],"wp:featuredmedia":[{"embeddable":true,"href":"https:\/\/woodandbeauty.com\/fr\/wp-json\/wp\/v2\/media\/5190"}],"wp:attachment":[{"href":"https:\/\/woodandbeauty.com\/fr\/wp-json\/wp\/v2\/media?parent=5188"}],"wp:term":[{"taxonomy":"product_brand","embeddable":true,"href":"https:\/\/woodandbeauty.com\/fr\/wp-json\/wp\/v2\/product_brand?post=5188"},{"taxonomy":"product_cat","embeddable":true,"href":"https:\/\/woodandbeauty.com\/fr\/wp-json\/wp\/v2\/product_cat?post=5188"},{"taxonomy":"product_tag","embeddable":true,"href":"https:\/\/woodandbeauty.com\/fr\/wp-json\/wp\/v2\/product_tag?post=5188"}],"curies":[{"name":"wp","href":"https:\/\/api.w.org\/{rel}","templated":true}]}}