{"id":5193,"date":"2025-08-02T14:18:29","date_gmt":"2025-08-02T14:18:29","guid":{"rendered":"https:\/\/woodandbeauty.com\/?post_type=product&#038;p=5193"},"modified":"2025-10-21T13:41:47","modified_gmt":"2025-10-21T13:41:47","slug":"spark-sarah-bar-set-1","status":"publish","type":"product","link":"https:\/\/woodandbeauty.com\/fr\/produit\/spark-sarah-bar-set-1\/","title":{"rendered":"Spark &#038; Sarah Bar Set 1"},"content":{"rendered":"<p>L'ensemble de bar Spark &amp; \u200b\u200bSarah 1 offre une interpr\u00e9tation moderne de l'\u00e9l\u00e9gance d\u00e9contract\u00e9e, id\u00e9al pour un bar \u00e0 la maison ou un comptoir de cuisine. Avec son design \u00e9pur\u00e9 et ses assises confortables, cet ensemble \u00e9l\u00e9gant cr\u00e9e un espace accueillant pour recevoir ou se d\u00e9tendre au quotidien.<\/p>","protected":false},"excerpt":{"rendered":"<p><strong>MATERIAU<\/strong>\u00a0100% premium Teck Massif<br \/>\nDisponible En Plusieurs Finitions<br \/>\nDimensions Speciales sur Demande<\/p>","protected":false},"featured_media":5194,"comment_status":"open","ping_status":"closed","template":"","meta":[],"product_brand":[],"product_cat":[77,71,73],"product_tag":[],"class_list":{"0":"post-5193","1":"product","2":"type-product","3":"status-publish","4":"has-post-thumbnail","6":"product_cat-bar-set","7":"product_cat-the-spark-line-collection","8":"product_cat-the-new-sara-line-collection","10":"first","11":"instock","12":"shipping-taxable","13":"product-type-simple"},"_links":{"self":[{"href":"https:\/\/woodandbeauty.com\/fr\/wp-json\/wp\/v2\/product\/5193","targetHints":{"allow":["GET"]}}],"collection":[{"href":"https:\/\/woodandbeauty.com\/fr\/wp-json\/wp\/v2\/product"}],"about":[{"href":"https:\/\/woodandbeauty.com\/fr\/wp-json\/wp\/v2\/types\/product"}],"replies":[{"embeddable":true,"href":"https:\/\/woodandbeauty.com\/fr\/wp-json\/wp\/v2\/comments?post=5193"}],"wp:featuredmedia":[{"embeddable":true,"href":"https:\/\/woodandbeauty.com\/fr\/wp-json\/wp\/v2\/media\/5194"}],"wp:attachment":[{"href":"https:\/\/woodandbeauty.com\/fr\/wp-json\/wp\/v2\/media?parent=5193"}],"wp:term":[{"taxonomy":"product_brand","embeddable":true,"href":"https:\/\/woodandbeauty.com\/fr\/wp-json\/wp\/v2\/product_brand?post=5193"},{"taxonomy":"product_cat","embeddable":true,"href":"https:\/\/woodandbeauty.com\/fr\/wp-json\/wp\/v2\/product_cat?post=5193"},{"taxonomy":"product_tag","embeddable":true,"href":"https:\/\/woodandbeauty.com\/fr\/wp-json\/wp\/v2\/product_tag?post=5193"}],"curies":[{"name":"wp","href":"https:\/\/api.w.org\/{rel}","templated":true}]}}