{"id":5196,"date":"2025-08-02T14:20:54","date_gmt":"2025-08-02T14:20:54","guid":{"rendered":"https:\/\/woodandbeauty.com\/?post_type=product&#038;p=5196"},"modified":"2025-10-21T13:41:42","modified_gmt":"2025-10-21T13:41:42","slug":"spark-sarah-bar-set-2","status":"publish","type":"product","link":"https:\/\/woodandbeauty.com\/fr\/produit\/spark-sarah-bar-set-2\/","title":{"rendered":"Spark &#038; Sarah Bar Set 2"},"content":{"rendered":"<p>L'ensemble bar Spark &amp; \u200b\u200bSarah 2 pi\u00e8ces allie fonctionnalit\u00e9 et \u00e9l\u00e9gance \u00e0 un style moderne et \u00e9pur\u00e9, id\u00e9al pour des r\u00e9unions d\u00e9contract\u00e9es. Avec ses finitions raffin\u00e9es et ses assises confortables, cet ensemble apporte charme et confort \u00e0 tout bar ou cuisine ouverte.<\/p>","protected":false},"excerpt":{"rendered":"<p><strong>MATERIAU<\/strong>\u00a0100% premium Teck Massif<br \/>\nDisponible En Plusieurs Finitions<br \/>\nDimensions Speciales sur Demande<\/p>","protected":false},"featured_media":5197,"comment_status":"open","ping_status":"closed","template":"","meta":[],"product_brand":[],"product_cat":[77,71,73],"product_tag":[],"class_list":{"0":"post-5196","1":"product","2":"type-product","3":"status-publish","4":"has-post-thumbnail","6":"product_cat-bar-set","7":"product_cat-the-spark-line-collection","8":"product_cat-the-new-sara-line-collection","10":"first","11":"instock","12":"shipping-taxable","13":"product-type-simple"},"_links":{"self":[{"href":"https:\/\/woodandbeauty.com\/fr\/wp-json\/wp\/v2\/product\/5196","targetHints":{"allow":["GET"]}}],"collection":[{"href":"https:\/\/woodandbeauty.com\/fr\/wp-json\/wp\/v2\/product"}],"about":[{"href":"https:\/\/woodandbeauty.com\/fr\/wp-json\/wp\/v2\/types\/product"}],"replies":[{"embeddable":true,"href":"https:\/\/woodandbeauty.com\/fr\/wp-json\/wp\/v2\/comments?post=5196"}],"wp:featuredmedia":[{"embeddable":true,"href":"https:\/\/woodandbeauty.com\/fr\/wp-json\/wp\/v2\/media\/5197"}],"wp:attachment":[{"href":"https:\/\/woodandbeauty.com\/fr\/wp-json\/wp\/v2\/media?parent=5196"}],"wp:term":[{"taxonomy":"product_brand","embeddable":true,"href":"https:\/\/woodandbeauty.com\/fr\/wp-json\/wp\/v2\/product_brand?post=5196"},{"taxonomy":"product_cat","embeddable":true,"href":"https:\/\/woodandbeauty.com\/fr\/wp-json\/wp\/v2\/product_cat?post=5196"},{"taxonomy":"product_tag","embeddable":true,"href":"https:\/\/woodandbeauty.com\/fr\/wp-json\/wp\/v2\/product_tag?post=5196"}],"curies":[{"name":"wp","href":"https:\/\/api.w.org\/{rel}","templated":true}]}}