{"id":5199,"date":"2025-08-02T14:23:16","date_gmt":"2025-08-02T14:23:16","guid":{"rendered":"https:\/\/woodandbeauty.com\/?post_type=product&#038;p=5199"},"modified":"2025-10-21T13:41:36","modified_gmt":"2025-10-21T13:41:36","slug":"spark-tavolo-round-set-1","status":"publish","type":"product","link":"https:\/\/woodandbeauty.com\/fr\/produit\/spark-tavolo-round-set-1\/","title":{"rendered":"Spark &#038; Tavolo Round Set 1"},"content":{"rendered":"<p>L'ensemble rond Spark &amp; \u200b\u200bTavolo 1 apporte un charme contemporain et une touche chaleureuse \u00e0 tout coin repas. Avec sa silhouette ronde et ses assises accueillantes, cet ensemble \u00e9l\u00e9gant cr\u00e9e un espace chaleureux et intime pour les repas, les conversations ou les r\u00e9ceptions d\u00e9contract\u00e9es.<\/p>","protected":false},"excerpt":{"rendered":"<p><strong>MATERIAU<\/strong>\u00a0100% premium Teck Massif<br \/>\nDisponible En Plusieurs Finitions<br \/>\nDimensions Speciales sur Demande<\/p>","protected":false},"featured_media":5200,"comment_status":"open","ping_status":"closed","template":"","meta":[],"product_brand":[],"product_cat":[75,71],"product_tag":[],"class_list":{"0":"post-5199","1":"product","2":"type-product","3":"status-publish","4":"has-post-thumbnail","6":"product_cat-dinning-set","7":"product_cat-the-spark-line-collection","9":"first","10":"instock","11":"shipping-taxable","12":"product-type-simple"},"_links":{"self":[{"href":"https:\/\/woodandbeauty.com\/fr\/wp-json\/wp\/v2\/product\/5199","targetHints":{"allow":["GET"]}}],"collection":[{"href":"https:\/\/woodandbeauty.com\/fr\/wp-json\/wp\/v2\/product"}],"about":[{"href":"https:\/\/woodandbeauty.com\/fr\/wp-json\/wp\/v2\/types\/product"}],"replies":[{"embeddable":true,"href":"https:\/\/woodandbeauty.com\/fr\/wp-json\/wp\/v2\/comments?post=5199"}],"wp:featuredmedia":[{"embeddable":true,"href":"https:\/\/woodandbeauty.com\/fr\/wp-json\/wp\/v2\/media\/5200"}],"wp:attachment":[{"href":"https:\/\/woodandbeauty.com\/fr\/wp-json\/wp\/v2\/media?parent=5199"}],"wp:term":[{"taxonomy":"product_brand","embeddable":true,"href":"https:\/\/woodandbeauty.com\/fr\/wp-json\/wp\/v2\/product_brand?post=5199"},{"taxonomy":"product_cat","embeddable":true,"href":"https:\/\/woodandbeauty.com\/fr\/wp-json\/wp\/v2\/product_cat?post=5199"},{"taxonomy":"product_tag","embeddable":true,"href":"https:\/\/woodandbeauty.com\/fr\/wp-json\/wp\/v2\/product_tag?post=5199"}],"curies":[{"name":"wp","href":"https:\/\/api.w.org\/{rel}","templated":true}]}}