{"id":5205,"date":"2025-08-02T14:27:00","date_gmt":"2025-08-02T14:27:00","guid":{"rendered":"https:\/\/woodandbeauty.com\/?post_type=product&#038;p=5205"},"modified":"2025-10-25T18:48:08","modified_gmt":"2025-10-25T18:48:08","slug":"spark-bar-chair","status":"publish","type":"product","link":"https:\/\/woodandbeauty.com\/fr\/produit\/spark-bar-chair\/","title":{"rendered":"Spark Bar Chair"},"content":{"rendered":"<p>La chaise de bar Spark pr\u00e9sente un design \u00e9l\u00e9gant et moderne, privil\u00e9giant confort et style. Ses lignes \u00e9pur\u00e9es et son assise confortable en font un ajout \u00e9l\u00e9gant aux comptoirs de cuisine, aux bars ou aux tables hautes, s'int\u00e9grant parfaitement \u00e0 tout d\u00e9cor contemporain.<\/p>","protected":false},"excerpt":{"rendered":"<p><strong>MATERIAU<\/strong>\u00a0100% premium Teck Massif<br \/>\nDisponible En Plusieurs Finitions<br \/>\nDimensions Speciales sur Demande<\/p>","protected":false},"featured_media":5207,"comment_status":"open","ping_status":"closed","template":"","meta":[],"product_brand":[],"product_cat":[52,71],"product_tag":[],"class_list":{"0":"post-5205","1":"product","2":"type-product","3":"status-publish","4":"has-post-thumbnail","6":"product_cat-bar-stools","7":"product_cat-the-spark-line-collection","9":"first","10":"instock","11":"shipping-taxable","12":"product-type-simple"},"_links":{"self":[{"href":"https:\/\/woodandbeauty.com\/fr\/wp-json\/wp\/v2\/product\/5205","targetHints":{"allow":["GET"]}}],"collection":[{"href":"https:\/\/woodandbeauty.com\/fr\/wp-json\/wp\/v2\/product"}],"about":[{"href":"https:\/\/woodandbeauty.com\/fr\/wp-json\/wp\/v2\/types\/product"}],"replies":[{"embeddable":true,"href":"https:\/\/woodandbeauty.com\/fr\/wp-json\/wp\/v2\/comments?post=5205"}],"wp:featuredmedia":[{"embeddable":true,"href":"https:\/\/woodandbeauty.com\/fr\/wp-json\/wp\/v2\/media\/5207"}],"wp:attachment":[{"href":"https:\/\/woodandbeauty.com\/fr\/wp-json\/wp\/v2\/media?parent=5205"}],"wp:term":[{"taxonomy":"product_brand","embeddable":true,"href":"https:\/\/woodandbeauty.com\/fr\/wp-json\/wp\/v2\/product_brand?post=5205"},{"taxonomy":"product_cat","embeddable":true,"href":"https:\/\/woodandbeauty.com\/fr\/wp-json\/wp\/v2\/product_cat?post=5205"},{"taxonomy":"product_tag","embeddable":true,"href":"https:\/\/woodandbeauty.com\/fr\/wp-json\/wp\/v2\/product_tag?post=5205"}],"curies":[{"name":"wp","href":"https:\/\/api.w.org\/{rel}","templated":true}]}}