{"id":5233,"date":"2025-08-02T14:55:43","date_gmt":"2025-08-02T14:55:43","guid":{"rendered":"https:\/\/woodandbeauty.com\/?post_type=product&#038;p=5233"},"modified":"2026-02-10T10:04:57","modified_gmt":"2026-02-10T10:04:57","slug":"marrakech-high-back","status":"publish","type":"product","link":"https:\/\/woodandbeauty.com\/fr\/produit\/marrakech-high-back\/","title":{"rendered":"Marrakech High Back"},"content":{"rendered":"<p>Le fauteuil Marrakech \u00e0 dossier haut allie d\u00e9tails traditionnels et confort moderne, id\u00e9al pour une d\u00e9tente raffin\u00e9e. Avec sa silhouette haute et son design raffin\u00e9, il apporte une touche d'\u00e9l\u00e9gance et de soutien aux espaces int\u00e9rieurs comme ext\u00e9rieurs.<\/p>","protected":false},"excerpt":{"rendered":"<p><strong> MATERIAU<\/strong> 100% premium Teck Massif<br \/>\nDisponible En Plusieurs Finitions<br \/>\nDimensions Speciales sur Demande<\/p>","protected":false},"featured_media":5745,"comment_status":"open","ping_status":"closed","template":"","meta":[],"product_brand":[],"product_cat":[78,50,70],"product_tag":[],"class_list":{"0":"post-5233","1":"product","2":"type-product","3":"status-publish","4":"has-post-thumbnail","6":"product_cat-high-back","7":"product_cat-lounge-chairs","8":"product_cat-the-marrakech-line-collection","10":"first","11":"instock","12":"shipping-taxable","13":"product-type-simple"},"_links":{"self":[{"href":"https:\/\/woodandbeauty.com\/fr\/wp-json\/wp\/v2\/product\/5233","targetHints":{"allow":["GET"]}}],"collection":[{"href":"https:\/\/woodandbeauty.com\/fr\/wp-json\/wp\/v2\/product"}],"about":[{"href":"https:\/\/woodandbeauty.com\/fr\/wp-json\/wp\/v2\/types\/product"}],"replies":[{"embeddable":true,"href":"https:\/\/woodandbeauty.com\/fr\/wp-json\/wp\/v2\/comments?post=5233"}],"wp:featuredmedia":[{"embeddable":true,"href":"https:\/\/woodandbeauty.com\/fr\/wp-json\/wp\/v2\/media\/5745"}],"wp:attachment":[{"href":"https:\/\/woodandbeauty.com\/fr\/wp-json\/wp\/v2\/media?parent=5233"}],"wp:term":[{"taxonomy":"product_brand","embeddable":true,"href":"https:\/\/woodandbeauty.com\/fr\/wp-json\/wp\/v2\/product_brand?post=5233"},{"taxonomy":"product_cat","embeddable":true,"href":"https:\/\/woodandbeauty.com\/fr\/wp-json\/wp\/v2\/product_cat?post=5233"},{"taxonomy":"product_tag","embeddable":true,"href":"https:\/\/woodandbeauty.com\/fr\/wp-json\/wp\/v2\/product_tag?post=5233"}],"curies":[{"name":"wp","href":"https:\/\/api.w.org\/{rel}","templated":true}]}}