{"id":5243,"date":"2025-08-02T15:01:30","date_gmt":"2025-08-02T15:01:30","guid":{"rendered":"https:\/\/woodandbeauty.com\/?post_type=product&#038;p=5243"},"modified":"2025-11-22T11:28:57","modified_gmt":"2025-11-22T11:28:57","slug":"marrakech-lounge-chair-2","status":"publish","type":"product","link":"https:\/\/woodandbeauty.com\/fr\/produit\/marrakech-lounge-chair-2\/","title":{"rendered":"Marrakech Lounge Chair"},"content":{"rendered":"<p>Le fauteuil Marrakech Lounge Chair 2 allie savoir-faire artisanal et confort d\u00e9contract\u00e9, id\u00e9al pour les espaces d\u00e9tente \u00e9l\u00e9gants. Avec sa structure travaill\u00e9e et ses coussins moelleux, ce fauteuil apporte une touche d'\u00e9l\u00e9gance et de chaleur aux salons, terrasses ou coins lecture.<\/p>","protected":false},"excerpt":{"rendered":"<p><strong> MATERIAU<\/strong> 100% premium Teck Massif<br \/>\nDisponible En Plusieurs Finitions<br \/>\nDimensions Speciales sur Demande<\/p>","protected":false},"featured_media":5240,"comment_status":"open","ping_status":"closed","template":"","meta":[],"product_brand":[],"product_cat":[50,70],"product_tag":[],"class_list":{"0":"post-5243","1":"product","2":"type-product","3":"status-publish","4":"has-post-thumbnail","6":"product_cat-lounge-chairs","7":"product_cat-the-marrakech-line-collection","9":"first","10":"instock","11":"shipping-taxable","12":"product-type-simple"},"_links":{"self":[{"href":"https:\/\/woodandbeauty.com\/fr\/wp-json\/wp\/v2\/product\/5243","targetHints":{"allow":["GET"]}}],"collection":[{"href":"https:\/\/woodandbeauty.com\/fr\/wp-json\/wp\/v2\/product"}],"about":[{"href":"https:\/\/woodandbeauty.com\/fr\/wp-json\/wp\/v2\/types\/product"}],"replies":[{"embeddable":true,"href":"https:\/\/woodandbeauty.com\/fr\/wp-json\/wp\/v2\/comments?post=5243"}],"wp:featuredmedia":[{"embeddable":true,"href":"https:\/\/woodandbeauty.com\/fr\/wp-json\/wp\/v2\/media\/5240"}],"wp:attachment":[{"href":"https:\/\/woodandbeauty.com\/fr\/wp-json\/wp\/v2\/media?parent=5243"}],"wp:term":[{"taxonomy":"product_brand","embeddable":true,"href":"https:\/\/woodandbeauty.com\/fr\/wp-json\/wp\/v2\/product_brand?post=5243"},{"taxonomy":"product_cat","embeddable":true,"href":"https:\/\/woodandbeauty.com\/fr\/wp-json\/wp\/v2\/product_cat?post=5243"},{"taxonomy":"product_tag","embeddable":true,"href":"https:\/\/woodandbeauty.com\/fr\/wp-json\/wp\/v2\/product_tag?post=5243"}],"curies":[{"name":"wp","href":"https:\/\/api.w.org\/{rel}","templated":true}]}}