{"id":5258,"date":"2025-08-02T15:10:47","date_gmt":"2025-08-02T15:10:47","guid":{"rendered":"https:\/\/woodandbeauty.com\/?post_type=product&#038;p=5258"},"modified":"2025-10-21T13:36:17","modified_gmt":"2025-10-21T13:36:17","slug":"marrakech-sofa-set","status":"publish","type":"product","link":"https:\/\/woodandbeauty.com\/fr\/produit\/marrakech-sofa-set\/","title":{"rendered":"Marrakech Sofa Set"},"content":{"rendered":"<p>L'ensemble de canap\u00e9s Marrakech allie savoir-faire artisanal et confort moelleux, id\u00e9al pour se d\u00e9tendre \u00e0 l'int\u00e9rieur comme \u00e0 l'ext\u00e9rieur. Avec son design \u00e9l\u00e9gant et ses assises moelleuses, cet ensemble cr\u00e9e un espace chaleureux pour se d\u00e9tendre ou recevoir avec style.<\/p>","protected":false},"excerpt":{"rendered":"<p><strong>MATERIAU<\/strong>\u00a0100% premium Teck Massif<br \/>\nDisponible En Plusieurs Finitions<br \/>\nDimensions Speciales sur Demande<\/p>","protected":false},"featured_media":5259,"comment_status":"open","ping_status":"closed","template":"","meta":[],"product_brand":[],"product_cat":[79,49,70],"product_tag":[],"class_list":{"0":"post-5258","1":"product","2":"type-product","3":"status-publish","4":"has-post-thumbnail","6":"product_cat-sofa-set","7":"product_cat-sofas","8":"product_cat-the-marrakech-line-collection","10":"first","11":"instock","12":"shipping-taxable","13":"product-type-simple"},"_links":{"self":[{"href":"https:\/\/woodandbeauty.com\/fr\/wp-json\/wp\/v2\/product\/5258","targetHints":{"allow":["GET"]}}],"collection":[{"href":"https:\/\/woodandbeauty.com\/fr\/wp-json\/wp\/v2\/product"}],"about":[{"href":"https:\/\/woodandbeauty.com\/fr\/wp-json\/wp\/v2\/types\/product"}],"replies":[{"embeddable":true,"href":"https:\/\/woodandbeauty.com\/fr\/wp-json\/wp\/v2\/comments?post=5258"}],"wp:featuredmedia":[{"embeddable":true,"href":"https:\/\/woodandbeauty.com\/fr\/wp-json\/wp\/v2\/media\/5259"}],"wp:attachment":[{"href":"https:\/\/woodandbeauty.com\/fr\/wp-json\/wp\/v2\/media?parent=5258"}],"wp:term":[{"taxonomy":"product_brand","embeddable":true,"href":"https:\/\/woodandbeauty.com\/fr\/wp-json\/wp\/v2\/product_brand?post=5258"},{"taxonomy":"product_cat","embeddable":true,"href":"https:\/\/woodandbeauty.com\/fr\/wp-json\/wp\/v2\/product_cat?post=5258"},{"taxonomy":"product_tag","embeddable":true,"href":"https:\/\/woodandbeauty.com\/fr\/wp-json\/wp\/v2\/product_tag?post=5258"}],"curies":[{"name":"wp","href":"https:\/\/api.w.org\/{rel}","templated":true}]}}