{"id":5266,"date":"2025-08-02T15:17:12","date_gmt":"2025-08-02T15:17:12","guid":{"rendered":"https:\/\/woodandbeauty.com\/?post_type=product&#038;p=5266"},"modified":"2026-02-10T10:07:17","modified_gmt":"2026-02-10T10:07:17","slug":"marrakech-sun-lounger","status":"publish","type":"product","link":"https:\/\/woodandbeauty.com\/fr\/produit\/marrakech-sun-lounger\/","title":{"rendered":"Marrakech Sun Lounger"},"content":{"rendered":"<p>La chaise longue Marrakech allie \u00e9l\u00e9gance et confort ext\u00e9rieur, id\u00e9ale pour se d\u00e9tendre au soleil. Son cadre raffin\u00e9 et son dossier r\u00e9glable allient style et maintien, ce qui en fait un ajout id\u00e9al aux bords de piscine, aux jardins ou \u00e0 tout espace ext\u00e9rieur propice \u00e0 la d\u00e9tente.<\/p>","protected":false},"excerpt":{"rendered":"<p><strong>MATERIAU<\/strong>\u00a0100% premium Teck Massif<br \/>\nDisponible En Plusieurs Finitions<br \/>\nDimensions Speciales sur Demande<\/p>","protected":false},"featured_media":5269,"comment_status":"open","ping_status":"closed","template":"","meta":[],"product_brand":[],"product_cat":[90,70],"product_tag":[],"class_list":{"0":"post-5266","1":"product","2":"type-product","3":"status-publish","4":"has-post-thumbnail","6":"product_cat-sun-lounger","7":"product_cat-the-marrakech-line-collection","9":"first","10":"instock","11":"shipping-taxable","12":"product-type-simple"},"_links":{"self":[{"href":"https:\/\/woodandbeauty.com\/fr\/wp-json\/wp\/v2\/product\/5266","targetHints":{"allow":["GET"]}}],"collection":[{"href":"https:\/\/woodandbeauty.com\/fr\/wp-json\/wp\/v2\/product"}],"about":[{"href":"https:\/\/woodandbeauty.com\/fr\/wp-json\/wp\/v2\/types\/product"}],"replies":[{"embeddable":true,"href":"https:\/\/woodandbeauty.com\/fr\/wp-json\/wp\/v2\/comments?post=5266"}],"wp:featuredmedia":[{"embeddable":true,"href":"https:\/\/woodandbeauty.com\/fr\/wp-json\/wp\/v2\/media\/5269"}],"wp:attachment":[{"href":"https:\/\/woodandbeauty.com\/fr\/wp-json\/wp\/v2\/media?parent=5266"}],"wp:term":[{"taxonomy":"product_brand","embeddable":true,"href":"https:\/\/woodandbeauty.com\/fr\/wp-json\/wp\/v2\/product_brand?post=5266"},{"taxonomy":"product_cat","embeddable":true,"href":"https:\/\/woodandbeauty.com\/fr\/wp-json\/wp\/v2\/product_cat?post=5266"},{"taxonomy":"product_tag","embeddable":true,"href":"https:\/\/woodandbeauty.com\/fr\/wp-json\/wp\/v2\/product_tag?post=5266"}],"curies":[{"name":"wp","href":"https:\/\/api.w.org\/{rel}","templated":true}]}}