{"id":5529,"date":"2025-08-06T05:32:04","date_gmt":"2025-08-06T05:32:04","guid":{"rendered":"https:\/\/woodandbeauty.com\/?post_type=product&#038;p=5529"},"modified":"2026-02-12T14:43:02","modified_gmt":"2026-02-12T14:43:02","slug":"eye-of-the-wood","status":"publish","type":"product","link":"https:\/\/woodandbeauty.com\/fr\/produit\/eye-of-the-wood\/","title":{"rendered":"Eye Of The Wood"},"content":{"rendered":"<p>Taill\u00e9e dans une imposante tranche de suar, cette sculpture expose les entrailles du bois comme une coupe dans le temps.<\/p>\n<p>Ses anneaux profonds, ses vides troublants, dessinent une forme de vertige immobile comme si la nature s\u2019\u00e9tait arr\u00eat\u00e9e pour \u00eatre contempl\u00e9e.<\/p>\n<p>EKA capte ici l\u2019instant o\u00f9 le chaos devient structure, et le silence, mati\u00e8re.<\/p>\n<p>Une \u0153uvre brute, \u00e9vidente, presque arch\u00e9ologique.<\/p>","protected":false},"excerpt":{"rendered":"<p>Artist: EKA (Java) 2020<\/p>\n<p>H: 215 x W: 125 X D: 12CM<\/p>","protected":false},"featured_media":8212,"comment_status":"open","ping_status":"closed","template":"","meta":[],"product_brand":[],"product_cat":[80],"product_tag":[],"class_list":{"0":"post-5529","1":"product","2":"type-product","3":"status-publish","4":"has-post-thumbnail","6":"product_cat-sculptures","8":"first","9":"instock","10":"shipping-taxable","11":"product-type-simple"},"_links":{"self":[{"href":"https:\/\/woodandbeauty.com\/fr\/wp-json\/wp\/v2\/product\/5529","targetHints":{"allow":["GET"]}}],"collection":[{"href":"https:\/\/woodandbeauty.com\/fr\/wp-json\/wp\/v2\/product"}],"about":[{"href":"https:\/\/woodandbeauty.com\/fr\/wp-json\/wp\/v2\/types\/product"}],"replies":[{"embeddable":true,"href":"https:\/\/woodandbeauty.com\/fr\/wp-json\/wp\/v2\/comments?post=5529"}],"wp:featuredmedia":[{"embeddable":true,"href":"https:\/\/woodandbeauty.com\/fr\/wp-json\/wp\/v2\/media\/8212"}],"wp:attachment":[{"href":"https:\/\/woodandbeauty.com\/fr\/wp-json\/wp\/v2\/media?parent=5529"}],"wp:term":[{"taxonomy":"product_brand","embeddable":true,"href":"https:\/\/woodandbeauty.com\/fr\/wp-json\/wp\/v2\/product_brand?post=5529"},{"taxonomy":"product_cat","embeddable":true,"href":"https:\/\/woodandbeauty.com\/fr\/wp-json\/wp\/v2\/product_cat?post=5529"},{"taxonomy":"product_tag","embeddable":true,"href":"https:\/\/woodandbeauty.com\/fr\/wp-json\/wp\/v2\/product_tag?post=5529"}],"curies":[{"name":"wp","href":"https:\/\/api.w.org\/{rel}","templated":true}]}}