{"id":5578,"date":"2025-08-06T06:21:05","date_gmt":"2025-08-06T06:21:05","guid":{"rendered":"https:\/\/woodandbeauty.com\/?post_type=product&#038;p=5578"},"modified":"2026-02-16T09:54:58","modified_gmt":"2026-02-16T09:54:58","slug":"dark-bloom","status":"publish","type":"product","link":"https:\/\/woodandbeauty.com\/fr\/produit\/dark-bloom\/","title":{"rendered":"Dark Bloom"},"content":{"rendered":"<p>Pour cette sculpture en Teck br\u00fbl\u00e9, l&#8217;artiste travaille le contraste entre force et l\u00e9g\u00e8ret\u00e9.<\/p>\n<p>Les courbes s&#8217;\u00e9l\u00e8vent, se croisent, \u00e9voquant une forme en d\u00e9ploiement, comme fig\u00e9e \u00e0 mi-parcours.<\/p>\n<p>La mati\u00e8re noire absorbe la lumi\u00e8re et r\u00e9v\u00e8le des volumes presque organiques.<\/p>\n<p>Avec Dark Bloom, l&#8217;artiste signe une pi\u00e8ce tendue, silencieuse, dont l&#8217;\u00e9quilibre se joue dans l&#8217;ombre.<\/p>","protected":false},"excerpt":{"rendered":"<p>Artist: DUDUH (JAVA) 2024<\/p>\n<p>H: 115 x W: 54 x D: 38cm<\/p>","protected":false},"featured_media":8326,"comment_status":"open","ping_status":"closed","template":"","meta":[],"product_brand":[],"product_cat":[80],"product_tag":[],"class_list":{"0":"post-5578","1":"product","2":"type-product","3":"status-publish","4":"has-post-thumbnail","6":"product_cat-sculptures","8":"first","9":"instock","10":"shipping-taxable","11":"product-type-simple"},"_links":{"self":[{"href":"https:\/\/woodandbeauty.com\/fr\/wp-json\/wp\/v2\/product\/5578","targetHints":{"allow":["GET"]}}],"collection":[{"href":"https:\/\/woodandbeauty.com\/fr\/wp-json\/wp\/v2\/product"}],"about":[{"href":"https:\/\/woodandbeauty.com\/fr\/wp-json\/wp\/v2\/types\/product"}],"replies":[{"embeddable":true,"href":"https:\/\/woodandbeauty.com\/fr\/wp-json\/wp\/v2\/comments?post=5578"}],"wp:featuredmedia":[{"embeddable":true,"href":"https:\/\/woodandbeauty.com\/fr\/wp-json\/wp\/v2\/media\/8326"}],"wp:attachment":[{"href":"https:\/\/woodandbeauty.com\/fr\/wp-json\/wp\/v2\/media?parent=5578"}],"wp:term":[{"taxonomy":"product_brand","embeddable":true,"href":"https:\/\/woodandbeauty.com\/fr\/wp-json\/wp\/v2\/product_brand?post=5578"},{"taxonomy":"product_cat","embeddable":true,"href":"https:\/\/woodandbeauty.com\/fr\/wp-json\/wp\/v2\/product_cat?post=5578"},{"taxonomy":"product_tag","embeddable":true,"href":"https:\/\/woodandbeauty.com\/fr\/wp-json\/wp\/v2\/product_tag?post=5578"}],"curies":[{"name":"wp","href":"https:\/\/api.w.org\/{rel}","templated":true}]}}