{"id":5580,"date":"2025-08-06T06:25:21","date_gmt":"2025-08-06T06:25:21","guid":{"rendered":"https:\/\/woodandbeauty.com\/?post_type=product&#038;p=5580"},"modified":"2026-02-13T15:01:44","modified_gmt":"2026-02-13T15:01:44","slug":"dancing-queen","status":"publish","type":"product","link":"https:\/\/woodandbeauty.com\/fr\/produit\/dancing-queen\/","title":{"rendered":"Dancing Queen"},"content":{"rendered":"<p>Basuki est un sculpteur indon\u00e9sien n\u00e9 en 1971 dans un village cach\u00e9 entre les collines verdoyantes de Sumbawa.<\/p>\n<p>Depuis son enfance, il est fascin\u00e9 par la nature qui l&#8217;entoure : les for\u00eats denses, les rivi\u00e8res sinueuses, et surtout les majestueux tronc d&#8217;arbres qui s&#8217;\u00e9l\u00e8vent comme des gardiens silencieux.<\/p>","protected":false},"excerpt":{"rendered":"<p>Artist: Basuki (SUMBAWA) 2022<\/p>\n<p>H: 220 x W: 90 x D: 50cm<\/p>","protected":false},"featured_media":8207,"comment_status":"open","ping_status":"closed","template":"","meta":[],"product_brand":[],"product_cat":[80],"product_tag":[],"class_list":{"0":"post-5580","1":"product","2":"type-product","3":"status-publish","4":"has-post-thumbnail","6":"product_cat-sculptures","8":"first","9":"instock","10":"shipping-taxable","11":"product-type-simple"},"_links":{"self":[{"href":"https:\/\/woodandbeauty.com\/fr\/wp-json\/wp\/v2\/product\/5580","targetHints":{"allow":["GET"]}}],"collection":[{"href":"https:\/\/woodandbeauty.com\/fr\/wp-json\/wp\/v2\/product"}],"about":[{"href":"https:\/\/woodandbeauty.com\/fr\/wp-json\/wp\/v2\/types\/product"}],"replies":[{"embeddable":true,"href":"https:\/\/woodandbeauty.com\/fr\/wp-json\/wp\/v2\/comments?post=5580"}],"wp:featuredmedia":[{"embeddable":true,"href":"https:\/\/woodandbeauty.com\/fr\/wp-json\/wp\/v2\/media\/8207"}],"wp:attachment":[{"href":"https:\/\/woodandbeauty.com\/fr\/wp-json\/wp\/v2\/media?parent=5580"}],"wp:term":[{"taxonomy":"product_brand","embeddable":true,"href":"https:\/\/woodandbeauty.com\/fr\/wp-json\/wp\/v2\/product_brand?post=5580"},{"taxonomy":"product_cat","embeddable":true,"href":"https:\/\/woodandbeauty.com\/fr\/wp-json\/wp\/v2\/product_cat?post=5580"},{"taxonomy":"product_tag","embeddable":true,"href":"https:\/\/woodandbeauty.com\/fr\/wp-json\/wp\/v2\/product_tag?post=5580"}],"curies":[{"name":"wp","href":"https:\/\/api.w.org\/{rel}","templated":true}]}}