{"id":5581,"date":"2025-08-06T06:27:32","date_gmt":"2025-08-06T06:27:32","guid":{"rendered":"https:\/\/woodandbeauty.com\/?post_type=product&#038;p=5581"},"modified":"2026-02-12T14:47:55","modified_gmt":"2026-02-12T14:47:55","slug":"fugue-in-major-wood","status":"publish","type":"product","link":"https:\/\/woodandbeauty.com\/fr\/produit\/fugue-in-major-wood\/","title":{"rendered":"Fugue In Major Wood"},"content":{"rendered":"<p>Sculpt\u00e9e d&#8217;un seul tenant dans un tronc de White Mahogany, cette oeuvre monolithique incarne le souffle ample et organique d&#8217;une fugue musicale.<\/p>\n<p>Les courbes entrem\u00eal\u00e9es dessinent une partition silencieuse, entre tension et l\u00e9g\u00e8ret\u00e9.<\/p>\n<p>UMI, artiste javanais n\u00e9 en 1982, explore ici la puissance du geste sculptural brut, tout en laissant transpara\u00eetre une forme de gr\u00e2ce contenue.<\/p>\n<p>Entre abstraction et mouvement, Fugue for Major Wood nous invite \u00e0 \u00e9couter le bois comme une voix.<\/p>","protected":false},"excerpt":{"rendered":"<p>Artist: UMI (Java) 2022<\/p>\n<p>H: 260 x W: 85 x D: 26cm<\/p>","protected":false},"featured_media":8215,"comment_status":"open","ping_status":"closed","template":"","meta":[],"product_brand":[],"product_cat":[80],"product_tag":[],"class_list":{"0":"post-5581","1":"product","2":"type-product","3":"status-publish","4":"has-post-thumbnail","6":"product_cat-sculptures","8":"first","9":"instock","10":"shipping-taxable","11":"product-type-simple"},"_links":{"self":[{"href":"https:\/\/woodandbeauty.com\/fr\/wp-json\/wp\/v2\/product\/5581","targetHints":{"allow":["GET"]}}],"collection":[{"href":"https:\/\/woodandbeauty.com\/fr\/wp-json\/wp\/v2\/product"}],"about":[{"href":"https:\/\/woodandbeauty.com\/fr\/wp-json\/wp\/v2\/types\/product"}],"replies":[{"embeddable":true,"href":"https:\/\/woodandbeauty.com\/fr\/wp-json\/wp\/v2\/comments?post=5581"}],"wp:featuredmedia":[{"embeddable":true,"href":"https:\/\/woodandbeauty.com\/fr\/wp-json\/wp\/v2\/media\/8215"}],"wp:attachment":[{"href":"https:\/\/woodandbeauty.com\/fr\/wp-json\/wp\/v2\/media?parent=5581"}],"wp:term":[{"taxonomy":"product_brand","embeddable":true,"href":"https:\/\/woodandbeauty.com\/fr\/wp-json\/wp\/v2\/product_brand?post=5581"},{"taxonomy":"product_cat","embeddable":true,"href":"https:\/\/woodandbeauty.com\/fr\/wp-json\/wp\/v2\/product_cat?post=5581"},{"taxonomy":"product_tag","embeddable":true,"href":"https:\/\/woodandbeauty.com\/fr\/wp-json\/wp\/v2\/product_tag?post=5581"}],"curies":[{"name":"wp","href":"https:\/\/api.w.org\/{rel}","templated":true}]}}