{"id":5582,"date":"2025-08-06T06:29:45","date_gmt":"2025-08-06T06:29:45","guid":{"rendered":"https:\/\/woodandbeauty.com\/?post_type=product&#038;p=5582"},"modified":"2026-02-13T15:02:16","modified_gmt":"2026-02-13T15:02:16","slug":"autumn-leaves","status":"publish","type":"product","link":"https:\/\/woodandbeauty.com\/fr\/produit\/autumn-leaves\/","title":{"rendered":"Autumn Leaves"},"content":{"rendered":"<p>Sculpt\u00e9e dans un seul tronc de Ficus Benjamina, cette feuille monumentale incarne la puissance Silencieuse de la nature et la pr\u00e9cision du geste artistique. Eka, sculpteur indonesien n\u00e9 \u00e0 Java en 1975, puise dans la mati\u00e8re vivante une forme \u00e0 la fois famili\u00e8re et d\u00e9mesur\u00e9e : une feuille d&#8217;arbre, agrandie \u00e0 l&#8217;\u00e9chelle de l&#8217;humain, comme pour inviter \u00e0 une autre perception du v\u00e9g\u00e9tal.<\/p>","protected":false},"excerpt":{"rendered":"<p>Artist: EKA (JAVA) 2022<\/p>\n<p>H: 217 x W: 110 X D: 40cm<\/p>","protected":false},"featured_media":8266,"comment_status":"open","ping_status":"closed","template":"","meta":[],"product_brand":[],"product_cat":[80],"product_tag":[],"class_list":{"0":"post-5582","1":"product","2":"type-product","3":"status-publish","4":"has-post-thumbnail","6":"product_cat-sculptures","8":"first","9":"instock","10":"shipping-taxable","11":"product-type-simple"},"_links":{"self":[{"href":"https:\/\/woodandbeauty.com\/fr\/wp-json\/wp\/v2\/product\/5582","targetHints":{"allow":["GET"]}}],"collection":[{"href":"https:\/\/woodandbeauty.com\/fr\/wp-json\/wp\/v2\/product"}],"about":[{"href":"https:\/\/woodandbeauty.com\/fr\/wp-json\/wp\/v2\/types\/product"}],"replies":[{"embeddable":true,"href":"https:\/\/woodandbeauty.com\/fr\/wp-json\/wp\/v2\/comments?post=5582"}],"wp:featuredmedia":[{"embeddable":true,"href":"https:\/\/woodandbeauty.com\/fr\/wp-json\/wp\/v2\/media\/8266"}],"wp:attachment":[{"href":"https:\/\/woodandbeauty.com\/fr\/wp-json\/wp\/v2\/media?parent=5582"}],"wp:term":[{"taxonomy":"product_brand","embeddable":true,"href":"https:\/\/woodandbeauty.com\/fr\/wp-json\/wp\/v2\/product_brand?post=5582"},{"taxonomy":"product_cat","embeddable":true,"href":"https:\/\/woodandbeauty.com\/fr\/wp-json\/wp\/v2\/product_cat?post=5582"},{"taxonomy":"product_tag","embeddable":true,"href":"https:\/\/woodandbeauty.com\/fr\/wp-json\/wp\/v2\/product_tag?post=5582"}],"curies":[{"name":"wp","href":"https:\/\/api.w.org\/{rel}","templated":true}]}}