{"id":5583,"date":"2025-08-06T06:31:37","date_gmt":"2025-08-06T06:31:37","guid":{"rendered":"https:\/\/woodandbeauty.com\/?post_type=product&#038;p=5583"},"modified":"2026-02-12T14:48:57","modified_gmt":"2026-02-12T14:48:57","slug":"black-venus","status":"publish","type":"product","link":"https:\/\/woodandbeauty.com\/fr\/produit\/black-venus\/","title":{"rendered":"Black Venus"},"content":{"rendered":"<p>N\u00e9 en 1967 dans le village de Sampang sur l&#8217;\u00eele de Java, Joko est un artiste sculpteur dont le travail puise dans la mati\u00e8re brute pour en r\u00e9v\u00e9ler l&#8217;essence en profonde connexion avec la nature.<\/p>\n<p>Chaque pi\u00e8ce est unique, taill\u00e9e dans un seul arbre comme un hommage \u00e0 son histoire, \u00e0 sa forme originelle, \u00e0 son \u00e9nergie, comme une c\u00e9l\u00e9bration de sa singularit\u00e9&#8230;<\/p>","protected":false},"excerpt":{"rendered":"<p>Artist: JOKO (JAVA) 2023<\/p>\n<p>H: 225 x W: 45 X D: 20cm<\/p>","protected":false},"featured_media":8202,"comment_status":"open","ping_status":"closed","template":"","meta":[],"product_brand":[],"product_cat":[80],"product_tag":[],"class_list":{"0":"post-5583","1":"product","2":"type-product","3":"status-publish","4":"has-post-thumbnail","6":"product_cat-sculptures","8":"first","9":"instock","10":"shipping-taxable","11":"product-type-simple"},"_links":{"self":[{"href":"https:\/\/woodandbeauty.com\/fr\/wp-json\/wp\/v2\/product\/5583","targetHints":{"allow":["GET"]}}],"collection":[{"href":"https:\/\/woodandbeauty.com\/fr\/wp-json\/wp\/v2\/product"}],"about":[{"href":"https:\/\/woodandbeauty.com\/fr\/wp-json\/wp\/v2\/types\/product"}],"replies":[{"embeddable":true,"href":"https:\/\/woodandbeauty.com\/fr\/wp-json\/wp\/v2\/comments?post=5583"}],"wp:featuredmedia":[{"embeddable":true,"href":"https:\/\/woodandbeauty.com\/fr\/wp-json\/wp\/v2\/media\/8202"}],"wp:attachment":[{"href":"https:\/\/woodandbeauty.com\/fr\/wp-json\/wp\/v2\/media?parent=5583"}],"wp:term":[{"taxonomy":"product_brand","embeddable":true,"href":"https:\/\/woodandbeauty.com\/fr\/wp-json\/wp\/v2\/product_brand?post=5583"},{"taxonomy":"product_cat","embeddable":true,"href":"https:\/\/woodandbeauty.com\/fr\/wp-json\/wp\/v2\/product_cat?post=5583"},{"taxonomy":"product_tag","embeddable":true,"href":"https:\/\/woodandbeauty.com\/fr\/wp-json\/wp\/v2\/product_tag?post=5583"}],"curies":[{"name":"wp","href":"https:\/\/api.w.org\/{rel}","templated":true}]}}