{"id":5584,"date":"2025-08-06T06:34:06","date_gmt":"2025-08-06T06:34:06","guid":{"rendered":"https:\/\/woodandbeauty.com\/?post_type=product&#038;p=5584"},"modified":"2026-02-12T14:49:36","modified_gmt":"2026-02-12T14:49:36","slug":"naima","status":"publish","type":"product","link":"https:\/\/woodandbeauty.com\/fr\/produit\/naima\/","title":{"rendered":"Na\u00efma"},"content":{"rendered":"<p>Sculpt\u00e9e dans une seule pi\u00e8ce de bois de Teck, Na\u00efma d\u00e9ploie ses formes comme une m\u00e9lodie suspendue. Sa silhouette fluide, organique, semble \u00e0 la fois s&#8217;\u00e9lever et se replier, telle une offrande ou un geste inachev\u00e9. L&#8217;artiste cis\u00e8le ici une mati\u00e8re vibrante, pleine de respiration, de silence et de souffle. Un hommage discret \u00e0 la gr\u00e2ce, dans ce qu&#8217;elle a de plus fragile et de plus vrai.<\/p>","protected":false},"excerpt":{"rendered":"<p>Artist: DUDUH (JAVA) 2021<\/p>\n<p>H: 182 x W: 80 x D: 40cm<\/p>","protected":false},"featured_media":8217,"comment_status":"open","ping_status":"closed","template":"","meta":[],"product_brand":[],"product_cat":[80],"product_tag":[],"class_list":{"0":"post-5584","1":"product","2":"type-product","3":"status-publish","4":"has-post-thumbnail","6":"product_cat-sculptures","8":"first","9":"instock","10":"shipping-taxable","11":"product-type-simple"},"_links":{"self":[{"href":"https:\/\/woodandbeauty.com\/fr\/wp-json\/wp\/v2\/product\/5584","targetHints":{"allow":["GET"]}}],"collection":[{"href":"https:\/\/woodandbeauty.com\/fr\/wp-json\/wp\/v2\/product"}],"about":[{"href":"https:\/\/woodandbeauty.com\/fr\/wp-json\/wp\/v2\/types\/product"}],"replies":[{"embeddable":true,"href":"https:\/\/woodandbeauty.com\/fr\/wp-json\/wp\/v2\/comments?post=5584"}],"wp:featuredmedia":[{"embeddable":true,"href":"https:\/\/woodandbeauty.com\/fr\/wp-json\/wp\/v2\/media\/8217"}],"wp:attachment":[{"href":"https:\/\/woodandbeauty.com\/fr\/wp-json\/wp\/v2\/media?parent=5584"}],"wp:term":[{"taxonomy":"product_brand","embeddable":true,"href":"https:\/\/woodandbeauty.com\/fr\/wp-json\/wp\/v2\/product_brand?post=5584"},{"taxonomy":"product_cat","embeddable":true,"href":"https:\/\/woodandbeauty.com\/fr\/wp-json\/wp\/v2\/product_cat?post=5584"},{"taxonomy":"product_tag","embeddable":true,"href":"https:\/\/woodandbeauty.com\/fr\/wp-json\/wp\/v2\/product_tag?post=5584"}],"curies":[{"name":"wp","href":"https:\/\/api.w.org\/{rel}","templated":true}]}}