{"id":5585,"date":"2025-08-06T06:36:10","date_gmt":"2025-08-06T06:36:10","guid":{"rendered":"https:\/\/woodandbeauty.com\/?post_type=product&#038;p=5585"},"modified":"2026-02-16T09:52:54","modified_gmt":"2026-02-16T09:52:54","slug":"black-seed","status":"publish","type":"product","link":"https:\/\/woodandbeauty.com\/fr\/produit\/black-seed\/","title":{"rendered":"Black Seed"},"content":{"rendered":"<p>Dans cette sculpture en teck br\u00fbl\u00e9, l&#8217;artiste concentre l&#8217;\u00e9nergie dans un geste dense et ramass\u00e9. Moins ouverte que Dark Bloom, cette forme semble en veille, repli\u00e9e sur une force int\u00e9rieure. Ses courbes s&#8217;enroulent, s&#8217;enchev\u00eatrent, dessinant une pr\u00e9sence silencieuse, presque primitive. Black Seed explore le moment qui pr\u00e9c\u00e8de l&#8217;\u00e9veil celui o\u00f9 tout est d\u00e9j\u00e0 l\u00e0, mais encore contenu.<\/p>","protected":false},"excerpt":{"rendered":"<p>Artist: DUDUH (JAVA) 2024<\/p>\n<p>H: 110 x W: 40 x D: 40cm<\/p>","protected":false},"featured_media":8325,"comment_status":"open","ping_status":"closed","template":"","meta":[],"product_brand":[],"product_cat":[80],"product_tag":[],"class_list":{"0":"post-5585","1":"product","2":"type-product","3":"status-publish","4":"has-post-thumbnail","6":"product_cat-sculptures","8":"first","9":"instock","10":"shipping-taxable","11":"product-type-simple"},"_links":{"self":[{"href":"https:\/\/woodandbeauty.com\/fr\/wp-json\/wp\/v2\/product\/5585","targetHints":{"allow":["GET"]}}],"collection":[{"href":"https:\/\/woodandbeauty.com\/fr\/wp-json\/wp\/v2\/product"}],"about":[{"href":"https:\/\/woodandbeauty.com\/fr\/wp-json\/wp\/v2\/types\/product"}],"replies":[{"embeddable":true,"href":"https:\/\/woodandbeauty.com\/fr\/wp-json\/wp\/v2\/comments?post=5585"}],"wp:featuredmedia":[{"embeddable":true,"href":"https:\/\/woodandbeauty.com\/fr\/wp-json\/wp\/v2\/media\/8325"}],"wp:attachment":[{"href":"https:\/\/woodandbeauty.com\/fr\/wp-json\/wp\/v2\/media?parent=5585"}],"wp:term":[{"taxonomy":"product_brand","embeddable":true,"href":"https:\/\/woodandbeauty.com\/fr\/wp-json\/wp\/v2\/product_brand?post=5585"},{"taxonomy":"product_cat","embeddable":true,"href":"https:\/\/woodandbeauty.com\/fr\/wp-json\/wp\/v2\/product_cat?post=5585"},{"taxonomy":"product_tag","embeddable":true,"href":"https:\/\/woodandbeauty.com\/fr\/wp-json\/wp\/v2\/product_tag?post=5585"}],"curies":[{"name":"wp","href":"https:\/\/api.w.org\/{rel}","templated":true}]}}