{"id":5586,"date":"2025-08-06T06:38:58","date_gmt":"2025-08-06T06:38:58","guid":{"rendered":"https:\/\/woodandbeauty.com\/?post_type=product&#038;p=5586"},"modified":"2025-08-06T06:38:58","modified_gmt":"2025-08-06T06:38:58","slug":"naomi","status":"publish","type":"product","link":"https:\/\/woodandbeauty.com\/fr\/produit\/naomi\/","title":{"rendered":"Naomi"},"content":{"rendered":"<p>Sculpt\u00e9e dans un bois de Teck dense et lumineux,<\/p>\n<p>Contour explore la fronti\u00e8re entre abstraction et figure.<\/p>\n<p>Ses lignes douces, presque anatomiques, s&#8217;\u00e9l\u00e8vent dans<\/p>\n<p>un jeu de tensions ma\u00eetris\u00e9es.<\/p>\n<p>Ni corps, ni objet, cette forme semble simplement<\/p>\n<p>chercher son propre \u00e9quilibre.<\/p>\n<p>L&#8217;artiste signe ici une pi\u00e8ce silencieuse mais pr\u00e9sente, o\u00f9<\/p>\n<p>chaque courbe est une respiration.<\/p>","protected":false},"excerpt":{"rendered":"<p>Artist: DUDUH (JAVA) 2021<br \/>\n<br \/>\nH: 120 x W: 52 x D: 50cm<\/p>","protected":false},"featured_media":5464,"comment_status":"open","ping_status":"closed","template":"","meta":[],"product_brand":[],"product_cat":[80],"product_tag":[],"class_list":{"0":"post-5586","1":"product","2":"type-product","3":"status-publish","4":"has-post-thumbnail","6":"product_cat-sculptures","8":"first","9":"instock","10":"shipping-taxable","11":"product-type-simple"},"_links":{"self":[{"href":"https:\/\/woodandbeauty.com\/fr\/wp-json\/wp\/v2\/product\/5586","targetHints":{"allow":["GET"]}}],"collection":[{"href":"https:\/\/woodandbeauty.com\/fr\/wp-json\/wp\/v2\/product"}],"about":[{"href":"https:\/\/woodandbeauty.com\/fr\/wp-json\/wp\/v2\/types\/product"}],"replies":[{"embeddable":true,"href":"https:\/\/woodandbeauty.com\/fr\/wp-json\/wp\/v2\/comments?post=5586"}],"wp:featuredmedia":[{"embeddable":true,"href":"https:\/\/woodandbeauty.com\/fr\/wp-json\/wp\/v2\/media\/5464"}],"wp:attachment":[{"href":"https:\/\/woodandbeauty.com\/fr\/wp-json\/wp\/v2\/media?parent=5586"}],"wp:term":[{"taxonomy":"product_brand","embeddable":true,"href":"https:\/\/woodandbeauty.com\/fr\/wp-json\/wp\/v2\/product_brand?post=5586"},{"taxonomy":"product_cat","embeddable":true,"href":"https:\/\/woodandbeauty.com\/fr\/wp-json\/wp\/v2\/product_cat?post=5586"},{"taxonomy":"product_tag","embeddable":true,"href":"https:\/\/woodandbeauty.com\/fr\/wp-json\/wp\/v2\/product_tag?post=5586"}],"curies":[{"name":"wp","href":"https:\/\/api.w.org\/{rel}","templated":true}]}}