{"id":5720,"date":"2025-08-08T09:35:47","date_gmt":"2025-08-08T09:35:47","guid":{"rendered":"https:\/\/woodandbeauty.com\/?post_type=product&#038;p=5720"},"modified":"2026-02-10T10:11:33","modified_gmt":"2026-02-10T10:11:33","slug":"dolce-vita-lounge-chair","status":"publish","type":"product","link":"https:\/\/woodandbeauty.com\/fr\/produit\/dolce-vita-lounge-chair\/","title":{"rendered":"Dolce Vita Lounge Chair"},"content":{"rendered":"<p>Le fauteuil Dolce Vita incarne le luxe et la d\u00e9tente. Con\u00e7u avec une structure en bois massif et un rev\u00eatement moelleux de qualit\u00e9 sup\u00e9rieure, il offre un confort et une \u00e9l\u00e9gance durables. Sa silhouette raffin\u00e9e et son assise accueillante en font un ajout \u00e9l\u00e9gant \u00e0 tout int\u00e9rieur ou salon moderne.<\/p>","protected":false},"excerpt":{"rendered":"<p><strong> MATERIAU<\/strong> 100% premium Teck Massif<br \/>\nDisponible En Plusieurs Finitions<br \/>\nDimensions Speciales sur Demande<\/p>","protected":false},"featured_media":5716,"comment_status":"open","ping_status":"closed","template":"","meta":[],"product_brand":[],"product_cat":[50],"product_tag":[],"class_list":{"0":"post-5720","1":"product","2":"type-product","3":"status-publish","4":"has-post-thumbnail","6":"product_cat-lounge-chairs","8":"first","9":"instock","10":"shipping-taxable","11":"product-type-simple"},"_links":{"self":[{"href":"https:\/\/woodandbeauty.com\/fr\/wp-json\/wp\/v2\/product\/5720","targetHints":{"allow":["GET"]}}],"collection":[{"href":"https:\/\/woodandbeauty.com\/fr\/wp-json\/wp\/v2\/product"}],"about":[{"href":"https:\/\/woodandbeauty.com\/fr\/wp-json\/wp\/v2\/types\/product"}],"replies":[{"embeddable":true,"href":"https:\/\/woodandbeauty.com\/fr\/wp-json\/wp\/v2\/comments?post=5720"}],"wp:featuredmedia":[{"embeddable":true,"href":"https:\/\/woodandbeauty.com\/fr\/wp-json\/wp\/v2\/media\/5716"}],"wp:attachment":[{"href":"https:\/\/woodandbeauty.com\/fr\/wp-json\/wp\/v2\/media?parent=5720"}],"wp:term":[{"taxonomy":"product_brand","embeddable":true,"href":"https:\/\/woodandbeauty.com\/fr\/wp-json\/wp\/v2\/product_brand?post=5720"},{"taxonomy":"product_cat","embeddable":true,"href":"https:\/\/woodandbeauty.com\/fr\/wp-json\/wp\/v2\/product_cat?post=5720"},{"taxonomy":"product_tag","embeddable":true,"href":"https:\/\/woodandbeauty.com\/fr\/wp-json\/wp\/v2\/product_tag?post=5720"}],"curies":[{"name":"wp","href":"https:\/\/api.w.org\/{rel}","templated":true}]}}