{"id":5749,"date":"2025-08-11T19:48:12","date_gmt":"2025-08-11T19:48:12","guid":{"rendered":"https:\/\/woodandbeauty.com\/?post_type=product&#038;p=5749"},"modified":"2025-10-23T18:35:10","modified_gmt":"2025-10-23T18:35:10","slug":"marrakech-sofa-custom-l-shape","status":"publish","type":"product","link":"https:\/\/woodandbeauty.com\/fr\/produit\/marrakech-sofa-custom-l-shape\/","title":{"rendered":"Marrakech Sofa Custom L Shape"},"content":{"rendered":"<p>Le canap\u00e9 Marrakech est un canap\u00e9 en L sur mesure, magnifiquement con\u00e7u, alliant \u00e9l\u00e9gance, confort et durabilit\u00e9. Fabriqu\u00e9 en bois massif de premi\u00e8re qualit\u00e9, il est dot\u00e9 de coussins moelleux et d'un rev\u00eatement raffin\u00e9 qui apportent chaleur et sophistication \u00e0 tout espace de vie. Parfait pour les int\u00e9rieurs modernes comme classiques, ce canap\u00e9 offre une assise luxueuse et un style intemporel.<\/p>","protected":false},"excerpt":{"rendered":"<p><strong>MATERIAU<\/strong>\u00a0100% premium Teck Massif<br \/>\nDisponible En Plusieurs Finitions<br \/>\nDimensions Speciales sur Demande<\/p>","protected":false},"featured_media":5750,"comment_status":"open","ping_status":"closed","template":"","meta":[],"product_brand":[],"product_cat":[79,49,70],"product_tag":[],"class_list":{"0":"post-5749","1":"product","2":"type-product","3":"status-publish","4":"has-post-thumbnail","6":"product_cat-sofa-set","7":"product_cat-sofas","8":"product_cat-the-marrakech-line-collection","10":"first","11":"instock","12":"shipping-taxable","13":"product-type-simple"},"_links":{"self":[{"href":"https:\/\/woodandbeauty.com\/fr\/wp-json\/wp\/v2\/product\/5749","targetHints":{"allow":["GET"]}}],"collection":[{"href":"https:\/\/woodandbeauty.com\/fr\/wp-json\/wp\/v2\/product"}],"about":[{"href":"https:\/\/woodandbeauty.com\/fr\/wp-json\/wp\/v2\/types\/product"}],"replies":[{"embeddable":true,"href":"https:\/\/woodandbeauty.com\/fr\/wp-json\/wp\/v2\/comments?post=5749"}],"wp:featuredmedia":[{"embeddable":true,"href":"https:\/\/woodandbeauty.com\/fr\/wp-json\/wp\/v2\/media\/5750"}],"wp:attachment":[{"href":"https:\/\/woodandbeauty.com\/fr\/wp-json\/wp\/v2\/media?parent=5749"}],"wp:term":[{"taxonomy":"product_brand","embeddable":true,"href":"https:\/\/woodandbeauty.com\/fr\/wp-json\/wp\/v2\/product_brand?post=5749"},{"taxonomy":"product_cat","embeddable":true,"href":"https:\/\/woodandbeauty.com\/fr\/wp-json\/wp\/v2\/product_cat?post=5749"},{"taxonomy":"product_tag","embeddable":true,"href":"https:\/\/woodandbeauty.com\/fr\/wp-json\/wp\/v2\/product_tag?post=5749"}],"curies":[{"name":"wp","href":"https:\/\/api.w.org\/{rel}","templated":true}]}}