{"id":5823,"date":"2025-08-16T15:41:19","date_gmt":"2025-08-16T15:41:19","guid":{"rendered":"https:\/\/woodandbeauty.com\/?post_type=product&#038;p=5823"},"modified":"2025-10-20T20:00:21","modified_gmt":"2025-10-20T20:00:21","slug":"cloud-day-bed","status":"publish","type":"product","link":"https:\/\/woodandbeauty.com\/fr\/produit\/cloud-day-bed\/","title":{"rendered":"Cloud Day Bed"},"content":{"rendered":"<p>Le lit de repos Cloud allie \u00e9l\u00e9gance moderne et confort luxueux, cr\u00e9ant un havre de paix id\u00e9al pour la d\u00e9tente. Avec ses coussins moelleux et son design \u00e9pur\u00e9, ce lit de repos allie style et soutien\u00a0; il est id\u00e9al pour se d\u00e9tendre au bord de la piscine, dans le jardin ou dans les espaces int\u00e9rieurs d\u00e9di\u00e9s au repos et au confort.<\/p>","protected":false},"excerpt":{"rendered":"<p><strong> MATERIAU<\/strong> 100% premium Teck Massif<br \/>\nDisponible En Plusieurs Finitions<br \/>\nDimensions Speciales sur Demande<\/p>","protected":false},"featured_media":5826,"comment_status":"open","ping_status":"closed","template":"","meta":[],"product_brand":[],"product_cat":[76],"product_tag":[],"class_list":{"0":"post-5823","1":"product","2":"type-product","3":"status-publish","4":"has-post-thumbnail","6":"product_cat-day-bed","8":"first","9":"instock","10":"shipping-taxable","11":"product-type-simple"},"_links":{"self":[{"href":"https:\/\/woodandbeauty.com\/fr\/wp-json\/wp\/v2\/product\/5823","targetHints":{"allow":["GET"]}}],"collection":[{"href":"https:\/\/woodandbeauty.com\/fr\/wp-json\/wp\/v2\/product"}],"about":[{"href":"https:\/\/woodandbeauty.com\/fr\/wp-json\/wp\/v2\/types\/product"}],"replies":[{"embeddable":true,"href":"https:\/\/woodandbeauty.com\/fr\/wp-json\/wp\/v2\/comments?post=5823"}],"wp:featuredmedia":[{"embeddable":true,"href":"https:\/\/woodandbeauty.com\/fr\/wp-json\/wp\/v2\/media\/5826"}],"wp:attachment":[{"href":"https:\/\/woodandbeauty.com\/fr\/wp-json\/wp\/v2\/media?parent=5823"}],"wp:term":[{"taxonomy":"product_brand","embeddable":true,"href":"https:\/\/woodandbeauty.com\/fr\/wp-json\/wp\/v2\/product_brand?post=5823"},{"taxonomy":"product_cat","embeddable":true,"href":"https:\/\/woodandbeauty.com\/fr\/wp-json\/wp\/v2\/product_cat?post=5823"},{"taxonomy":"product_tag","embeddable":true,"href":"https:\/\/woodandbeauty.com\/fr\/wp-json\/wp\/v2\/product_tag?post=5823"}],"curies":[{"name":"wp","href":"https:\/\/api.w.org\/{rel}","templated":true}]}}