{"id":5829,"date":"2025-08-16T15:45:54","date_gmt":"2025-08-16T15:45:54","guid":{"rendered":"https:\/\/woodandbeauty.com\/?post_type=product&#038;p=5829"},"modified":"2025-10-20T20:12:25","modified_gmt":"2025-10-20T20:12:25","slug":"desire-sun-lounger-black","status":"publish","type":"product","link":"https:\/\/woodandbeauty.com\/fr\/produit\/desire-sun-lounger-black\/","title":{"rendered":"Desire Sun Lounger"},"content":{"rendered":"<p>La chaise longue Desire noire allie \u00e9l\u00e9gance et confort pratique, id\u00e9ale pour se d\u00e9tendre en plein air. Son cadre moderne et son dossier r\u00e9glable allient maintien et \u00e9l\u00e9gance, la rendant id\u00e9ale pour se d\u00e9tendre au bord de la piscine, dans un jardin ou tout espace ext\u00e9rieur con\u00e7u pour les loisirs, le confort et une vie raffin\u00e9e.<\/p>","protected":false},"excerpt":{"rendered":"<p><strong> MATERIAU<\/strong> 100% premium Teck Massif<br \/>\nDisponible En Plusieurs Finitions<br \/>\nDimensions Speciales sur Demande<\/p>","protected":false},"featured_media":5156,"comment_status":"open","ping_status":"closed","template":"","meta":[],"product_brand":[],"product_cat":[90,65],"product_tag":[],"class_list":{"0":"post-5829","1":"product","2":"type-product","3":"status-publish","4":"has-post-thumbnail","6":"product_cat-sun-lounger","7":"product_cat-desire-collection","9":"first","10":"instock","11":"shipping-taxable","12":"product-type-simple"},"_links":{"self":[{"href":"https:\/\/woodandbeauty.com\/fr\/wp-json\/wp\/v2\/product\/5829","targetHints":{"allow":["GET"]}}],"collection":[{"href":"https:\/\/woodandbeauty.com\/fr\/wp-json\/wp\/v2\/product"}],"about":[{"href":"https:\/\/woodandbeauty.com\/fr\/wp-json\/wp\/v2\/types\/product"}],"replies":[{"embeddable":true,"href":"https:\/\/woodandbeauty.com\/fr\/wp-json\/wp\/v2\/comments?post=5829"}],"wp:featuredmedia":[{"embeddable":true,"href":"https:\/\/woodandbeauty.com\/fr\/wp-json\/wp\/v2\/media\/5156"}],"wp:attachment":[{"href":"https:\/\/woodandbeauty.com\/fr\/wp-json\/wp\/v2\/media?parent=5829"}],"wp:term":[{"taxonomy":"product_brand","embeddable":true,"href":"https:\/\/woodandbeauty.com\/fr\/wp-json\/wp\/v2\/product_brand?post=5829"},{"taxonomy":"product_cat","embeddable":true,"href":"https:\/\/woodandbeauty.com\/fr\/wp-json\/wp\/v2\/product_cat?post=5829"},{"taxonomy":"product_tag","embeddable":true,"href":"https:\/\/woodandbeauty.com\/fr\/wp-json\/wp\/v2\/product_tag?post=5829"}],"curies":[{"name":"wp","href":"https:\/\/api.w.org\/{rel}","templated":true}]}}