{"id":5842,"date":"2025-08-16T15:55:16","date_gmt":"2025-08-16T15:55:16","guid":{"rendered":"https:\/\/woodandbeauty.com\/?post_type=product&#038;p=5842"},"modified":"2026-02-10T10:06:24","modified_gmt":"2026-02-10T10:06:24","slug":"rey-day-bed","status":"publish","type":"product","link":"https:\/\/woodandbeauty.com\/fr\/produit\/rey-day-bed\/","title":{"rendered":"Rey Day Bed"},"content":{"rendered":"<p>La m\u00e9ridienne Rey allie un design moderne et \u00e9l\u00e9gant \u00e0 un confort chaleureux, cr\u00e9ant un havre de paix \u00e9l\u00e9gant et relaxant. Avec son agencement spacieux et ses coussins moelleux, elle offre soutien et \u00e9l\u00e9gance, id\u00e9ale pour se d\u00e9tendre au bord de la piscine, dans un jardin ou dans un int\u00e9rieur contemporain.<\/p>","protected":false},"excerpt":{"rendered":"<p><strong>MATERIAU<\/strong>\u00a0100% premium Teck Massif<br \/>\nDisponible En Plusieurs Finitions<br \/>\nDimensions Speciales sur Demande<\/p>","protected":false},"featured_media":5844,"comment_status":"open","ping_status":"closed","template":"","meta":[],"product_brand":[],"product_cat":[76],"product_tag":[],"class_list":{"0":"post-5842","1":"product","2":"type-product","3":"status-publish","4":"has-post-thumbnail","6":"product_cat-day-bed","8":"first","9":"instock","10":"shipping-taxable","11":"product-type-simple"},"_links":{"self":[{"href":"https:\/\/woodandbeauty.com\/fr\/wp-json\/wp\/v2\/product\/5842","targetHints":{"allow":["GET"]}}],"collection":[{"href":"https:\/\/woodandbeauty.com\/fr\/wp-json\/wp\/v2\/product"}],"about":[{"href":"https:\/\/woodandbeauty.com\/fr\/wp-json\/wp\/v2\/types\/product"}],"replies":[{"embeddable":true,"href":"https:\/\/woodandbeauty.com\/fr\/wp-json\/wp\/v2\/comments?post=5842"}],"wp:featuredmedia":[{"embeddable":true,"href":"https:\/\/woodandbeauty.com\/fr\/wp-json\/wp\/v2\/media\/5844"}],"wp:attachment":[{"href":"https:\/\/woodandbeauty.com\/fr\/wp-json\/wp\/v2\/media?parent=5842"}],"wp:term":[{"taxonomy":"product_brand","embeddable":true,"href":"https:\/\/woodandbeauty.com\/fr\/wp-json\/wp\/v2\/product_brand?post=5842"},{"taxonomy":"product_cat","embeddable":true,"href":"https:\/\/woodandbeauty.com\/fr\/wp-json\/wp\/v2\/product_cat?post=5842"},{"taxonomy":"product_tag","embeddable":true,"href":"https:\/\/woodandbeauty.com\/fr\/wp-json\/wp\/v2\/product_tag?post=5842"}],"curies":[{"name":"wp","href":"https:\/\/api.w.org\/{rel}","templated":true}]}}