{"id":5856,"date":"2025-08-16T16:07:08","date_gmt":"2025-08-16T16:07:08","guid":{"rendered":"https:\/\/woodandbeauty.com\/?post_type=product&#038;p=5856"},"modified":"2025-10-20T20:19:32","modified_gmt":"2025-10-20T20:19:32","slug":"ibiza-dining-chair","status":"publish","type":"product","link":"https:\/\/woodandbeauty.com\/fr\/produit\/ibiza-dining-chair\/","title":{"rendered":"Ibiza Dining Chair"},"content":{"rendered":"<p>La chaise de salle \u00e0 manger Ibiza allie simplicit\u00e9 moderne et confort polyvalent, s'int\u00e9grant parfaitement \u00e0 tout espace de restauration. Avec ses lignes \u00e9pur\u00e9es et son assise confortable, elle allie style et \u00e9l\u00e9gance\u00a0: id\u00e9ale pour les repas quotidiens, les d\u00eeners raffin\u00e9s ou les moments conviviaux entre amis.<\/p>","protected":false},"excerpt":{"rendered":"<p><strong> MATERIAU<\/strong> 100% premium Teck Massif<br \/>\nDisponible En Plusieurs Finitions<br \/>\nDimensions Speciales sur Demande<\/p>","protected":false},"featured_media":5859,"comment_status":"open","ping_status":"closed","template":"","meta":[],"product_brand":[],"product_cat":[51],"product_tag":[],"class_list":{"0":"post-5856","1":"product","2":"type-product","3":"status-publish","4":"has-post-thumbnail","6":"product_cat-chairs","8":"first","9":"instock","10":"shipping-taxable","11":"product-type-simple"},"_links":{"self":[{"href":"https:\/\/woodandbeauty.com\/fr\/wp-json\/wp\/v2\/product\/5856","targetHints":{"allow":["GET"]}}],"collection":[{"href":"https:\/\/woodandbeauty.com\/fr\/wp-json\/wp\/v2\/product"}],"about":[{"href":"https:\/\/woodandbeauty.com\/fr\/wp-json\/wp\/v2\/types\/product"}],"replies":[{"embeddable":true,"href":"https:\/\/woodandbeauty.com\/fr\/wp-json\/wp\/v2\/comments?post=5856"}],"wp:featuredmedia":[{"embeddable":true,"href":"https:\/\/woodandbeauty.com\/fr\/wp-json\/wp\/v2\/media\/5859"}],"wp:attachment":[{"href":"https:\/\/woodandbeauty.com\/fr\/wp-json\/wp\/v2\/media?parent=5856"}],"wp:term":[{"taxonomy":"product_brand","embeddable":true,"href":"https:\/\/woodandbeauty.com\/fr\/wp-json\/wp\/v2\/product_brand?post=5856"},{"taxonomy":"product_cat","embeddable":true,"href":"https:\/\/woodandbeauty.com\/fr\/wp-json\/wp\/v2\/product_cat?post=5856"},{"taxonomy":"product_tag","embeddable":true,"href":"https:\/\/woodandbeauty.com\/fr\/wp-json\/wp\/v2\/product_tag?post=5856"}],"curies":[{"name":"wp","href":"https:\/\/api.w.org\/{rel}","templated":true}]}}