{"id":5861,"date":"2025-08-16T16:13:38","date_gmt":"2025-08-16T16:13:38","guid":{"rendered":"https:\/\/woodandbeauty.com\/?post_type=product&#038;p=5861"},"modified":"2025-10-20T20:13:23","modified_gmt":"2025-10-20T20:13:23","slug":"di-valore-12-seating-dining-table","status":"publish","type":"product","link":"https:\/\/woodandbeauty.com\/fr\/produit\/di-valore-12-seating-dining-table\/","title":{"rendered":"Di Valore 12 Seating Dining Table"},"content":{"rendered":"<p>La table \u00e0 manger Di Valore 12 places allie design \u00e9l\u00e9gant et \u00e9l\u00e9gance moderne, id\u00e9ale pour accueillir de grands rassemblements. Avec sa surface spacieuse et sa finition \u00e9l\u00e9gante, cette table allie style et fonctionnalit\u00e9, id\u00e9ale pour les d\u00eeners de famille, les f\u00eates ou les d\u00eeners raffin\u00e9s.<\/p>","protected":false},"excerpt":{"rendered":"<p><strong> MATERIAU<\/strong> 100% premium Teck Massif<br \/>\nDisponible En Plusieurs Finitions<br \/>\nDimensions Speciales sur Demande<\/p>","protected":false},"featured_media":5862,"comment_status":"open","ping_status":"closed","template":"","meta":[],"product_brand":[],"product_cat":[93,55],"product_tag":[],"class_list":{"0":"post-5861","1":"product","2":"type-product","3":"status-publish","4":"has-post-thumbnail","6":"product_cat-dinning-table","7":"product_cat-tables","9":"first","10":"instock","11":"shipping-taxable","12":"product-type-simple"},"_links":{"self":[{"href":"https:\/\/woodandbeauty.com\/fr\/wp-json\/wp\/v2\/product\/5861","targetHints":{"allow":["GET"]}}],"collection":[{"href":"https:\/\/woodandbeauty.com\/fr\/wp-json\/wp\/v2\/product"}],"about":[{"href":"https:\/\/woodandbeauty.com\/fr\/wp-json\/wp\/v2\/types\/product"}],"replies":[{"embeddable":true,"href":"https:\/\/woodandbeauty.com\/fr\/wp-json\/wp\/v2\/comments?post=5861"}],"wp:featuredmedia":[{"embeddable":true,"href":"https:\/\/woodandbeauty.com\/fr\/wp-json\/wp\/v2\/media\/5862"}],"wp:attachment":[{"href":"https:\/\/woodandbeauty.com\/fr\/wp-json\/wp\/v2\/media?parent=5861"}],"wp:term":[{"taxonomy":"product_brand","embeddable":true,"href":"https:\/\/woodandbeauty.com\/fr\/wp-json\/wp\/v2\/product_brand?post=5861"},{"taxonomy":"product_cat","embeddable":true,"href":"https:\/\/woodandbeauty.com\/fr\/wp-json\/wp\/v2\/product_cat?post=5861"},{"taxonomy":"product_tag","embeddable":true,"href":"https:\/\/woodandbeauty.com\/fr\/wp-json\/wp\/v2\/product_tag?post=5861"}],"curies":[{"name":"wp","href":"https:\/\/api.w.org\/{rel}","templated":true}]}}