{"id":5865,"date":"2025-08-16T16:17:28","date_gmt":"2025-08-16T16:17:28","guid":{"rendered":"https:\/\/woodandbeauty.com\/?post_type=product&#038;p=5865"},"modified":"2025-10-21T12:58:43","modified_gmt":"2025-10-21T12:58:43","slug":"tavolo-4-seating-square-dining-table","status":"publish","type":"product","link":"https:\/\/woodandbeauty.com\/fr\/produit\/tavolo-4-seating-square-dining-table\/","title":{"rendered":"Tavolo 4 Seating Square Dining Table"},"content":{"rendered":"<p>La table \u00e0 manger carr\u00e9e Tavolo 4 places allie design moderne et fonctionnalit\u00e9, id\u00e9ale pour les repas en petit comit\u00e9. Avec ses lignes \u00e9pur\u00e9es et sa forme compacte, elle allie style et confort, parfaite pour les petits repas de famille, les r\u00e9unions conviviales ou les d\u00eeners contemporains.<\/p>","protected":false},"excerpt":{"rendered":"<p><strong>MATERIAU<\/strong>\u00a0100% premium Teck Massif<br \/>\nDisponible En Plusieurs Finitions<br \/>\nDimensions Speciales sur Demande<\/p>","protected":false},"featured_media":5882,"comment_status":"open","ping_status":"closed","template":"","meta":[],"product_brand":[],"product_cat":[93,55],"product_tag":[],"class_list":{"0":"post-5865","1":"product","2":"type-product","3":"status-publish","4":"has-post-thumbnail","6":"product_cat-dinning-table","7":"product_cat-tables","9":"first","10":"instock","11":"shipping-taxable","12":"product-type-simple"},"_links":{"self":[{"href":"https:\/\/woodandbeauty.com\/fr\/wp-json\/wp\/v2\/product\/5865","targetHints":{"allow":["GET"]}}],"collection":[{"href":"https:\/\/woodandbeauty.com\/fr\/wp-json\/wp\/v2\/product"}],"about":[{"href":"https:\/\/woodandbeauty.com\/fr\/wp-json\/wp\/v2\/types\/product"}],"replies":[{"embeddable":true,"href":"https:\/\/woodandbeauty.com\/fr\/wp-json\/wp\/v2\/comments?post=5865"}],"wp:featuredmedia":[{"embeddable":true,"href":"https:\/\/woodandbeauty.com\/fr\/wp-json\/wp\/v2\/media\/5882"}],"wp:attachment":[{"href":"https:\/\/woodandbeauty.com\/fr\/wp-json\/wp\/v2\/media?parent=5865"}],"wp:term":[{"taxonomy":"product_brand","embeddable":true,"href":"https:\/\/woodandbeauty.com\/fr\/wp-json\/wp\/v2\/product_brand?post=5865"},{"taxonomy":"product_cat","embeddable":true,"href":"https:\/\/woodandbeauty.com\/fr\/wp-json\/wp\/v2\/product_cat?post=5865"},{"taxonomy":"product_tag","embeddable":true,"href":"https:\/\/woodandbeauty.com\/fr\/wp-json\/wp\/v2\/product_tag?post=5865"}],"curies":[{"name":"wp","href":"https:\/\/api.w.org\/{rel}","templated":true}]}}