{"id":5975,"date":"2025-08-20T04:48:54","date_gmt":"2025-08-20T04:48:54","guid":{"rendered":"https:\/\/woodandbeauty.com\/?post_type=product&#038;p=5975"},"modified":"2025-10-20T20:21:39","modified_gmt":"2025-10-20T20:21:39","slug":"jambo-3-seater-sofa","status":"publish","type":"product","link":"https:\/\/woodandbeauty.com\/fr\/produit\/jambo-3-seater-sofa\/","title":{"rendered":"Jambo 3 seater sofa"},"content":{"rendered":"<p>Le canap\u00e9 3 places Jambo allie charme moderne et confort exceptionnel, ce qui en fait un choix polyvalent pour tous les espaces de vie. Avec son design spacieux et ses coussins moelleux, ce canap\u00e9 allie style et soutien\u00a0: id\u00e9al pour les moments de d\u00e9tente en famille, les r\u00e9unions d\u00e9contract\u00e9es ou les int\u00e9rieurs \u00e9l\u00e9gants.<\/p>","protected":false},"excerpt":{"rendered":"<p><strong> MATERIAU<\/strong> 100% premium Teck Massif<br \/>\nDisponible En Plusieurs Finitions<br \/>\nDimensions Speciales sur Demande<\/p>","protected":false},"featured_media":5950,"comment_status":"open","ping_status":"closed","template":"","meta":[],"product_brand":[],"product_cat":[49],"product_tag":[],"class_list":{"0":"post-5975","1":"product","2":"type-product","3":"status-publish","4":"has-post-thumbnail","6":"product_cat-sofas","8":"first","9":"instock","10":"shipping-taxable","11":"product-type-simple"},"_links":{"self":[{"href":"https:\/\/woodandbeauty.com\/fr\/wp-json\/wp\/v2\/product\/5975","targetHints":{"allow":["GET"]}}],"collection":[{"href":"https:\/\/woodandbeauty.com\/fr\/wp-json\/wp\/v2\/product"}],"about":[{"href":"https:\/\/woodandbeauty.com\/fr\/wp-json\/wp\/v2\/types\/product"}],"replies":[{"embeddable":true,"href":"https:\/\/woodandbeauty.com\/fr\/wp-json\/wp\/v2\/comments?post=5975"}],"wp:featuredmedia":[{"embeddable":true,"href":"https:\/\/woodandbeauty.com\/fr\/wp-json\/wp\/v2\/media\/5950"}],"wp:attachment":[{"href":"https:\/\/woodandbeauty.com\/fr\/wp-json\/wp\/v2\/media?parent=5975"}],"wp:term":[{"taxonomy":"product_brand","embeddable":true,"href":"https:\/\/woodandbeauty.com\/fr\/wp-json\/wp\/v2\/product_brand?post=5975"},{"taxonomy":"product_cat","embeddable":true,"href":"https:\/\/woodandbeauty.com\/fr\/wp-json\/wp\/v2\/product_cat?post=5975"},{"taxonomy":"product_tag","embeddable":true,"href":"https:\/\/woodandbeauty.com\/fr\/wp-json\/wp\/v2\/product_tag?post=5975"}],"curies":[{"name":"wp","href":"https:\/\/api.w.org\/{rel}","templated":true}]}}