{"id":5976,"date":"2025-08-20T04:51:51","date_gmt":"2025-08-20T04:51:51","guid":{"rendered":"https:\/\/woodandbeauty.com\/?post_type=product&#038;p=5976"},"modified":"2025-10-20T20:22:21","modified_gmt":"2025-10-20T20:22:21","slug":"jambo-lounge-chair","status":"publish","type":"product","link":"https:\/\/woodandbeauty.com\/fr\/produit\/jambo-lounge-chair\/","title":{"rendered":"Jambo lounge chair"},"content":{"rendered":"<p>Le fauteuil Jambo allie style contemporain et confort douillet, cr\u00e9ant un espace id\u00e9al pour la d\u00e9tente. Avec son design \u00e9pur\u00e9 et ses coussins confortables, ce fauteuil allie \u00e9l\u00e9gance et confort\u00a0; il est id\u00e9al pour les salons, les coins lecture ou les espaces d\u00e9tente modernes con\u00e7us pour un confort quotidien.<\/p>","protected":false},"excerpt":{"rendered":"<p><strong> MATERIAU<\/strong> 100% premium Teck Massif<br \/>\nDisponible En Plusieurs Finitions<br \/>\nDimensions Speciales sur Demande<\/p>","protected":false},"featured_media":5945,"comment_status":"open","ping_status":"closed","template":"","meta":[],"product_brand":[],"product_cat":[50],"product_tag":[],"class_list":{"0":"post-5976","1":"product","2":"type-product","3":"status-publish","4":"has-post-thumbnail","6":"product_cat-lounge-chairs","8":"first","9":"instock","10":"shipping-taxable","11":"product-type-simple"},"_links":{"self":[{"href":"https:\/\/woodandbeauty.com\/fr\/wp-json\/wp\/v2\/product\/5976","targetHints":{"allow":["GET"]}}],"collection":[{"href":"https:\/\/woodandbeauty.com\/fr\/wp-json\/wp\/v2\/product"}],"about":[{"href":"https:\/\/woodandbeauty.com\/fr\/wp-json\/wp\/v2\/types\/product"}],"replies":[{"embeddable":true,"href":"https:\/\/woodandbeauty.com\/fr\/wp-json\/wp\/v2\/comments?post=5976"}],"wp:featuredmedia":[{"embeddable":true,"href":"https:\/\/woodandbeauty.com\/fr\/wp-json\/wp\/v2\/media\/5945"}],"wp:attachment":[{"href":"https:\/\/woodandbeauty.com\/fr\/wp-json\/wp\/v2\/media?parent=5976"}],"wp:term":[{"taxonomy":"product_brand","embeddable":true,"href":"https:\/\/woodandbeauty.com\/fr\/wp-json\/wp\/v2\/product_brand?post=5976"},{"taxonomy":"product_cat","embeddable":true,"href":"https:\/\/woodandbeauty.com\/fr\/wp-json\/wp\/v2\/product_cat?post=5976"},{"taxonomy":"product_tag","embeddable":true,"href":"https:\/\/woodandbeauty.com\/fr\/wp-json\/wp\/v2\/product_tag?post=5976"}],"curies":[{"name":"wp","href":"https:\/\/api.w.org\/{rel}","templated":true}]}}