{"id":5977,"date":"2025-08-20T04:55:32","date_gmt":"2025-08-20T04:55:32","guid":{"rendered":"https:\/\/woodandbeauty.com\/?post_type=product&#038;p=5977"},"modified":"2025-10-20T20:26:25","modified_gmt":"2025-10-20T20:26:25","slug":"leopard-curved-modular-sofa","status":"publish","type":"product","link":"https:\/\/woodandbeauty.com\/fr\/produit\/leopard-curved-modular-sofa\/","title":{"rendered":"Leopard curved modular sofa"},"content":{"rendered":"<p>Le canap\u00e9 modulable incurv\u00e9 Leopard allie design audacieux et confort luxueux, cr\u00e9ant un point de mire saisissant dans tout espace de vie. Avec sa silhouette incurv\u00e9e et son assise moelleuse, ce canap\u00e9 modulable allie style et polyvalence\u00a0: id\u00e9al pour recevoir des invit\u00e9s ou se d\u00e9tendre dans un int\u00e9rieur moderne.<\/p>","protected":false},"excerpt":{"rendered":"<p><strong> MATERIAU<\/strong> 100% premium Teck Massif<br \/>\nDisponible En Plusieurs Finitions<br \/>\nDimensions Speciales sur Demande<\/p>","protected":false},"featured_media":5963,"comment_status":"open","ping_status":"closed","template":"","meta":[],"product_brand":[],"product_cat":[49],"product_tag":[],"class_list":{"0":"post-5977","1":"product","2":"type-product","3":"status-publish","4":"has-post-thumbnail","6":"product_cat-sofas","8":"first","9":"instock","10":"shipping-taxable","11":"product-type-simple"},"_links":{"self":[{"href":"https:\/\/woodandbeauty.com\/fr\/wp-json\/wp\/v2\/product\/5977","targetHints":{"allow":["GET"]}}],"collection":[{"href":"https:\/\/woodandbeauty.com\/fr\/wp-json\/wp\/v2\/product"}],"about":[{"href":"https:\/\/woodandbeauty.com\/fr\/wp-json\/wp\/v2\/types\/product"}],"replies":[{"embeddable":true,"href":"https:\/\/woodandbeauty.com\/fr\/wp-json\/wp\/v2\/comments?post=5977"}],"wp:featuredmedia":[{"embeddable":true,"href":"https:\/\/woodandbeauty.com\/fr\/wp-json\/wp\/v2\/media\/5963"}],"wp:attachment":[{"href":"https:\/\/woodandbeauty.com\/fr\/wp-json\/wp\/v2\/media?parent=5977"}],"wp:term":[{"taxonomy":"product_brand","embeddable":true,"href":"https:\/\/woodandbeauty.com\/fr\/wp-json\/wp\/v2\/product_brand?post=5977"},{"taxonomy":"product_cat","embeddable":true,"href":"https:\/\/woodandbeauty.com\/fr\/wp-json\/wp\/v2\/product_cat?post=5977"},{"taxonomy":"product_tag","embeddable":true,"href":"https:\/\/woodandbeauty.com\/fr\/wp-json\/wp\/v2\/product_tag?post=5977"}],"curies":[{"name":"wp","href":"https:\/\/api.w.org\/{rel}","templated":true}]}}