{"id":5980,"date":"2025-08-20T05:09:39","date_gmt":"2025-08-20T05:09:39","guid":{"rendered":"https:\/\/woodandbeauty.com\/?post_type=product&#038;p=5980"},"modified":"2026-02-10T13:56:27","modified_gmt":"2026-02-10T13:56:27","slug":"mrs-bombolone-modular-sofa","status":"publish","type":"product","link":"https:\/\/woodandbeauty.com\/fr\/produit\/mrs-bombolone-modular-sofa\/","title":{"rendered":"mrs bombolone modular sofa"},"content":{"rendered":"<p>Le canap\u00e9 modulable Mrs Bombolone allie design ludique et confort luxueux, cr\u00e9ant ainsi une pi\u00e8ce ma\u00eetresse remarquable pour les int\u00e9rieurs modernes. Avec ses formes arrondies et ses coussins moelleux, ce canap\u00e9 modulable allie style et polyvalence\u00a0: id\u00e9al pour recevoir, se d\u00e9tendre ou personnaliser son assise selon l'espace.<\/p>","protected":false},"excerpt":{"rendered":"<p><strong>MATERIAU<\/strong>\u00a0100% premium Teck Massif<br \/>\nDisponible En Plusieurs Finitions<br \/>\nDimensions Speciales sur Demande<\/p>","protected":false},"featured_media":5972,"comment_status":"open","ping_status":"closed","template":"","meta":[],"product_brand":[],"product_cat":[49],"product_tag":[],"class_list":{"0":"post-5980","1":"product","2":"type-product","3":"status-publish","4":"has-post-thumbnail","6":"product_cat-sofas","8":"first","9":"instock","10":"shipping-taxable","11":"product-type-simple"},"_links":{"self":[{"href":"https:\/\/woodandbeauty.com\/fr\/wp-json\/wp\/v2\/product\/5980","targetHints":{"allow":["GET"]}}],"collection":[{"href":"https:\/\/woodandbeauty.com\/fr\/wp-json\/wp\/v2\/product"}],"about":[{"href":"https:\/\/woodandbeauty.com\/fr\/wp-json\/wp\/v2\/types\/product"}],"replies":[{"embeddable":true,"href":"https:\/\/woodandbeauty.com\/fr\/wp-json\/wp\/v2\/comments?post=5980"}],"wp:featuredmedia":[{"embeddable":true,"href":"https:\/\/woodandbeauty.com\/fr\/wp-json\/wp\/v2\/media\/5972"}],"wp:attachment":[{"href":"https:\/\/woodandbeauty.com\/fr\/wp-json\/wp\/v2\/media?parent=5980"}],"wp:term":[{"taxonomy":"product_brand","embeddable":true,"href":"https:\/\/woodandbeauty.com\/fr\/wp-json\/wp\/v2\/product_brand?post=5980"},{"taxonomy":"product_cat","embeddable":true,"href":"https:\/\/woodandbeauty.com\/fr\/wp-json\/wp\/v2\/product_cat?post=5980"},{"taxonomy":"product_tag","embeddable":true,"href":"https:\/\/woodandbeauty.com\/fr\/wp-json\/wp\/v2\/product_tag?post=5980"}],"curies":[{"name":"wp","href":"https:\/\/api.w.org\/{rel}","templated":true}]}}