{"id":5981,"date":"2025-08-20T05:12:28","date_gmt":"2025-08-20T05:12:28","guid":{"rendered":"https:\/\/woodandbeauty.com\/?post_type=product&#038;p=5981"},"modified":"2026-02-10T13:56:08","modified_gmt":"2026-02-10T13:56:08","slug":"mrs-bombolone-sofa-1-seater","status":"publish","type":"product","link":"https:\/\/woodandbeauty.com\/fr\/produit\/mrs-bombolone-sofa-1-seater\/","title":{"rendered":"mrs bombolone sofa 1 seater"},"content":{"rendered":"<p>Le canap\u00e9 1 place Mrs Bombolone allie style unique et confort douillet, apportant une touche de charme \u00e0 tout espace de vie. Avec sa forme arrondie et son rembourrage moelleux, ce canap\u00e9 allie \u00e9l\u00e9gance et confort, id\u00e9al pour les coins lecture, les salons ou les int\u00e9rieurs contemporains.<\/p>","protected":false},"excerpt":{"rendered":"<p><strong>MATERIAU<\/strong>\u00a0100% premium Teck Massif<br \/>\nDisponible En Plusieurs Finitions<br \/>\nDimensions Speciales sur Demande<\/p>","protected":false},"featured_media":5966,"comment_status":"open","ping_status":"closed","template":"","meta":[],"product_brand":[],"product_cat":[50],"product_tag":[],"class_list":{"0":"post-5981","1":"product","2":"type-product","3":"status-publish","4":"has-post-thumbnail","6":"product_cat-lounge-chairs","8":"first","9":"instock","10":"shipping-taxable","11":"product-type-simple"},"_links":{"self":[{"href":"https:\/\/woodandbeauty.com\/fr\/wp-json\/wp\/v2\/product\/5981","targetHints":{"allow":["GET"]}}],"collection":[{"href":"https:\/\/woodandbeauty.com\/fr\/wp-json\/wp\/v2\/product"}],"about":[{"href":"https:\/\/woodandbeauty.com\/fr\/wp-json\/wp\/v2\/types\/product"}],"replies":[{"embeddable":true,"href":"https:\/\/woodandbeauty.com\/fr\/wp-json\/wp\/v2\/comments?post=5981"}],"wp:featuredmedia":[{"embeddable":true,"href":"https:\/\/woodandbeauty.com\/fr\/wp-json\/wp\/v2\/media\/5966"}],"wp:attachment":[{"href":"https:\/\/woodandbeauty.com\/fr\/wp-json\/wp\/v2\/media?parent=5981"}],"wp:term":[{"taxonomy":"product_brand","embeddable":true,"href":"https:\/\/woodandbeauty.com\/fr\/wp-json\/wp\/v2\/product_brand?post=5981"},{"taxonomy":"product_cat","embeddable":true,"href":"https:\/\/woodandbeauty.com\/fr\/wp-json\/wp\/v2\/product_cat?post=5981"},{"taxonomy":"product_tag","embeddable":true,"href":"https:\/\/woodandbeauty.com\/fr\/wp-json\/wp\/v2\/product_tag?post=5981"}],"curies":[{"name":"wp","href":"https:\/\/api.w.org\/{rel}","templated":true}]}}