{"id":6153,"date":"2025-08-21T07:39:29","date_gmt":"2025-08-21T07:39:29","guid":{"rendered":"https:\/\/woodandbeauty.com\/?post_type=product&#038;p=6153"},"modified":"2025-11-29T13:06:45","modified_gmt":"2025-11-29T13:06:45","slug":"sarah-bar-chair","status":"publish","type":"product","link":"https:\/\/woodandbeauty.com\/fr\/produit\/sarah-bar-chair\/","title":{"rendered":"Sarah Bar Chair"},"content":{"rendered":"<p>La chaise de bar Sarah allie raffinement et confort modernes. Dot\u00e9e d'une structure en bois robuste et d'un rev\u00eatement haut de gamme, elle offre un excellent maintien et une grande \u00e9l\u00e9gance. Son design \u00e9pur\u00e9 et son assise sur\u00e9lev\u00e9e en font un choix id\u00e9al pour les comptoirs de cuisine, les bars ou les salles \u00e0 manger contemporaines.<\/p>","protected":false},"excerpt":{"rendered":"<p><strong>MATERIAU<\/strong>\u00a0100% premium Teck Massif<br \/>\nDisponible En Plusieurs Finitions<br \/>\nDimensions Speciales sur Demande<\/p>","protected":false},"featured_media":6154,"comment_status":"open","ping_status":"closed","template":"","meta":[],"product_brand":[],"product_cat":[52,73],"product_tag":[],"class_list":{"0":"post-6153","1":"product","2":"type-product","3":"status-publish","4":"has-post-thumbnail","6":"product_cat-bar-stools","7":"product_cat-the-new-sara-line-collection","9":"first","10":"instock","11":"shipping-taxable","12":"product-type-simple"},"_links":{"self":[{"href":"https:\/\/woodandbeauty.com\/fr\/wp-json\/wp\/v2\/product\/6153","targetHints":{"allow":["GET"]}}],"collection":[{"href":"https:\/\/woodandbeauty.com\/fr\/wp-json\/wp\/v2\/product"}],"about":[{"href":"https:\/\/woodandbeauty.com\/fr\/wp-json\/wp\/v2\/types\/product"}],"replies":[{"embeddable":true,"href":"https:\/\/woodandbeauty.com\/fr\/wp-json\/wp\/v2\/comments?post=6153"}],"wp:featuredmedia":[{"embeddable":true,"href":"https:\/\/woodandbeauty.com\/fr\/wp-json\/wp\/v2\/media\/6154"}],"wp:attachment":[{"href":"https:\/\/woodandbeauty.com\/fr\/wp-json\/wp\/v2\/media?parent=6153"}],"wp:term":[{"taxonomy":"product_brand","embeddable":true,"href":"https:\/\/woodandbeauty.com\/fr\/wp-json\/wp\/v2\/product_brand?post=6153"},{"taxonomy":"product_cat","embeddable":true,"href":"https:\/\/woodandbeauty.com\/fr\/wp-json\/wp\/v2\/product_cat?post=6153"},{"taxonomy":"product_tag","embeddable":true,"href":"https:\/\/woodandbeauty.com\/fr\/wp-json\/wp\/v2\/product_tag?post=6153"}],"curies":[{"name":"wp","href":"https:\/\/api.w.org\/{rel}","templated":true}]}}