{"id":6376,"date":"2025-10-09T17:11:05","date_gmt":"2025-10-09T17:11:05","guid":{"rendered":"https:\/\/woodandbeauty.com\/?post_type=product&#038;p=6376"},"modified":"2025-10-25T19:27:33","modified_gmt":"2025-10-25T19:27:33","slug":"gaya-stool","status":"publish","type":"product","link":"https:\/\/woodandbeauty.com\/fr\/produit\/gaya-stool\/","title":{"rendered":"Gaya Stool"},"content":{"rendered":"<p>Le tabouret Gaya allie simplicit\u00e9 et \u00e9l\u00e9gance. Fabriqu\u00e9 en bois de haute qualit\u00e9 et dot\u00e9 d'un rev\u00eatement raffin\u00e9, il allie durabilit\u00e9 et confort. Son design \u00e9pur\u00e9 et son style polyvalent lui permettent de s'int\u00e9grer \u00e0 tous les int\u00e9rieurs, des cuisines modernes aux salons cosy.<\/p>","protected":false},"excerpt":{"rendered":"<p><strong> MATERIAU<\/strong> 100% premium Teck Massif<br \/>\nDisponible En Plusieurs Finitions<br \/>\nDimensions Speciales sur Demande<\/p>","protected":false},"featured_media":6378,"comment_status":"open","ping_status":"closed","template":"","meta":[],"product_brand":[],"product_cat":[85],"product_tag":[],"class_list":{"0":"post-6376","1":"product","2":"type-product","3":"status-publish","4":"has-post-thumbnail","6":"product_cat-poufs","8":"first","9":"instock","10":"shipping-taxable","11":"product-type-simple"},"_links":{"self":[{"href":"https:\/\/woodandbeauty.com\/fr\/wp-json\/wp\/v2\/product\/6376","targetHints":{"allow":["GET"]}}],"collection":[{"href":"https:\/\/woodandbeauty.com\/fr\/wp-json\/wp\/v2\/product"}],"about":[{"href":"https:\/\/woodandbeauty.com\/fr\/wp-json\/wp\/v2\/types\/product"}],"replies":[{"embeddable":true,"href":"https:\/\/woodandbeauty.com\/fr\/wp-json\/wp\/v2\/comments?post=6376"}],"wp:featuredmedia":[{"embeddable":true,"href":"https:\/\/woodandbeauty.com\/fr\/wp-json\/wp\/v2\/media\/6378"}],"wp:attachment":[{"href":"https:\/\/woodandbeauty.com\/fr\/wp-json\/wp\/v2\/media?parent=6376"}],"wp:term":[{"taxonomy":"product_brand","embeddable":true,"href":"https:\/\/woodandbeauty.com\/fr\/wp-json\/wp\/v2\/product_brand?post=6376"},{"taxonomy":"product_cat","embeddable":true,"href":"https:\/\/woodandbeauty.com\/fr\/wp-json\/wp\/v2\/product_cat?post=6376"},{"taxonomy":"product_tag","embeddable":true,"href":"https:\/\/woodandbeauty.com\/fr\/wp-json\/wp\/v2\/product_tag?post=6376"}],"curies":[{"name":"wp","href":"https:\/\/api.w.org\/{rel}","templated":true}]}}